{"id":83541,"date":"2023-12-17T01:53:28","date_gmt":"2023-12-17T00:53:28","guid":{"rendered":"https:\/\/www.soanam.de\/?post_type=product&#038;p=83541"},"modified":"2023-12-17T02:00:52","modified_gmt":"2023-12-17T01:00:52","slug":"aniston-selected-strickpullover-im-streifen-dessin-in-marine-weiss-gr-42","status":"publish","type":"product","link":"https:\/\/www.soanam.de\/pl\/produkt\/aniston-selected-strickpullover-im-streifen-dessin-in-marine-weiss-gr-42\/","title":{"rendered":"Sweter z dzianiny w paski marki Aniston SELECTED, kolor granatowy, bia\u0142y, rozmiar 42"},"content":{"rendered":"<p>Damenpullover von Aniston SELECTED<br \/>\nMit Rundhals-Ausschnitt<br \/>\nIm kontastfarbigen Streifen-Dessin<br \/>\nL\u00e4ssig geschnittener Langarm-Pullover<\/p>\n<p>Lust auf Streifen mal anders? Dann ist dieser Pullover von Aniston SELECTED die perfekte Wahl.<br \/>\nIm Streifen-Dessin mit Kontrastfarbe, Rundhals-Ausschnitt, langen \u00c4rmeln und l\u00e4ssig geschnitten ist dieser Feinstrickpullover ein unschlagbarer Begleiter.<\/p>\n<p>Materia\u0142: bawe\u0142na 50%, poliakryl 50%<br \/>\nWskaz\u00f3wki dotycz\u0105ce piel\u0119gnacji: Pra\u0107 w pralce<\/p>\n<p>Farbe: marine, wei\u00df, citrus<br \/>\nWz\u00f3r: paski<br \/>\nRozmiar: 42<\/p>\n<p>Szeroko\u015b\u0107 ramion: 42 cm<br \/>\nSzeroko\u015b\u0107 klatki piersiowej: 114 cm<br \/>\nD\u0142ugo\u015b\u0107 r\u0119kawa: 62 cm<br \/>\nCa\u0142kowita d\u0142ugo\u015b\u0107: 65 cm<\/p>","protected":false},"excerpt":{"rendered":"<table class=\"dv_characteristicsTable\">\n<tbody>\n<tr>\n<td class=\"left\">Rozmiar<\/td>\n<td>42<\/td>\n<\/tr>\n<tr>\n<td class=\"left\">Sk\u0142ad materia\u0142u<\/td>\n<td>50% Polyacryl, 50% Baumwolle<\/td>\n<\/tr>\n<tr>\n<td class=\"left\">Materialart<\/td>\n<td>Feinstrick<\/td>\n<\/tr>\n<tr>\n<td class=\"left\">Instrukcje dotycz\u0105ce piel\u0119gnacji<\/td>\n<td>Pranie w pralce<\/td>\n<\/tr>\n<tr>\n<td class=\"left\">Optik<\/td>\n<td>gestreift<\/td>\n<\/tr>\n<tr>\n<td class=\"left\">Stil<\/td>\n<td>modisch<\/td>\n<\/tr>\n<tr>\n<td class=\"left\">Kolor<\/td>\n<td>marine, wei\u00df, citrus<\/td>\n<\/tr>\n<tr>\n<td class=\"left\">Ausschnitt<\/td>\n<td>Rundhals<\/td>\n<\/tr>\n<tr>\n<td class=\"left\">Ausschnittdetails<\/td>\n<td>Strickb\u00fcndchen<\/td>\n<\/tr>\n<tr>\n<td class=\"left\">\u00c4rmel<\/td>\n<td>D\u0142ugi r\u0119kaw<\/td>\n<\/tr>\n<tr>\n<td class=\"left\">\u00c4rmeldetails<\/td>\n<td>Raglanowe r\u0119kawy<\/td>\n<\/tr>\n<tr>\n<td class=\"left\">\u00c4rmelabschluss<\/td>\n<td>Rippstrickb\u00fcndchen<\/td>\n<\/tr>\n<tr>\n<td class=\"left\">Rumpfabschluss<\/td>\n<td>Rippstrickb\u00fcndchen<\/td>\n<\/tr>\n<tr>\n<td class=\"left\">Besonderheit<\/td>\n<td>versetzte Streifen<\/td>\n<\/tr>\n<tr>\n<td class=\"left\">Dopasowanie<\/td>\n<td>locker<\/td>\n<\/tr>\n<tr>\n<td class=\"left\">Schnittform L\u00e4nge<\/td>\n<td>h\u00fcftlang<\/td>\n<\/tr>\n<tr>\n<td class=\"left\">Besondere Merkmale<\/td>\n<td>mit Kontrastfarbe<\/td>\n<\/tr>\n<\/tbody>\n<\/table>","protected":false},"featured_media":83608,"comment_status":"open","ping_status":"closed","template":"","meta":{"_seopress_robots_primary_cat":"","_seopress_titles_title":"","_seopress_titles_desc":"","_seopress_robots_index":""},"product_brand":[],"product_cat":[1348,1456,1465],"product_tag":[],"class_list":{"0":"post-83541","1":"product","2":"type-product","3":"status-publish","4":"has-post-thumbnail","6":"product_cat-damen-mode","7":"product_cat-pullover-sweater","8":"product_cat-strickpullover","9":"product_shipping_class-standard-versand","11":"first","12":"instock","13":"sale","14":"taxable","15":"shipping-taxable","16":"purchasable","17":"product-type-simple"},"_links":{"self":[{"href":"https:\/\/www.soanam.de\/pl\/wp-json\/wp\/v2\/product\/83541","targetHints":{"allow":["GET"]}}],"collection":[{"href":"https:\/\/www.soanam.de\/pl\/wp-json\/wp\/v2\/product"}],"about":[{"href":"https:\/\/www.soanam.de\/pl\/wp-json\/wp\/v2\/types\/product"}],"replies":[{"embeddable":true,"href":"https:\/\/www.soanam.de\/pl\/wp-json\/wp\/v2\/comments?post=83541"}],"wp:featuredmedia":[{"embeddable":true,"href":"https:\/\/www.soanam.de\/pl\/wp-json\/wp\/v2\/media\/83608"}],"wp:attachment":[{"href":"https:\/\/www.soanam.de\/pl\/wp-json\/wp\/v2\/media?parent=83541"}],"wp:term":[{"taxonomy":"product_brand","embeddable":true,"href":"https:\/\/www.soanam.de\/pl\/wp-json\/wp\/v2\/product_brand?post=83541"},{"taxonomy":"product_cat","embeddable":true,"href":"https:\/\/www.soanam.de\/pl\/wp-json\/wp\/v2\/product_cat?post=83541"},{"taxonomy":"product_tag","embeddable":true,"href":"https:\/\/www.soanam.de\/pl\/wp-json\/wp\/v2\/product_tag?post=83541"}],"curies":[{"name":"wp","href":"https:\/\/api.w.org\/{rel}","templated":true}]}}