{"id":83535,"date":"2023-12-17T01:52:57","date_gmt":"2023-12-17T00:52:57","guid":{"rendered":"https:\/\/www.soanam.de\/?post_type=product&#038;p=83535"},"modified":"2023-12-17T01:59:44","modified_gmt":"2023-12-17T00:59:44","slug":"kangurki-2-w-1-koszulka-z-dlugim-rekawem-i-bluzka-niebiesko-biala-rozmiar-32-34","status":"publish","type":"product","link":"https:\/\/www.soanam.de\/pl\/produkt\/kangaroos-2-in-1-langarmshirt-mit-bluse-in-blau-weiss-gr-32-34\/","title":{"rendered":"KangaROOS 2 w 1 koszula z d\u0142ugim r\u0119kawem i bluzka, niebieska, bia\u0142a, rozmiar 32\/34"},"content":{"rendered":"<p>Koszula z d\u0142ugim r\u0119kawem od KangaROOS<br \/>\nWygl\u0105d 2 w 1<br \/>\nTkana wstawka u do\u0142u<br \/>\nW paski<br \/>\nZ logo marki<\/p>\n<p>Ciekawy wygl\u0105d, kt\u00f3ry od\u015bwie\u017cy Twoj\u0105 codzienno\u015b\u0107 - koszulka 2 w 1 od KangaROOS.<br \/>\nTen sweter 2 w 1 wygl\u0105da \u015bwietnie dzi\u0119ki zaokr\u0105glonej wstawce u do\u0142u bluzki z imitacj\u0105 zapi\u0119cia na guziki.<br \/>\nPodwijane r\u0119kawy z ma\u0142ym paskiem dope\u0142niaj\u0105 wyj\u0105tkowego wygl\u0105du, a od\u015bwie\u017caj\u0105cy wz\u00f3r w paski po prostu wprawia w dobry nastr\u00f3j.<\/p>\n<p>Materia\u0142: bawe\u0142na 100%<br \/>\nWskaz\u00f3wki dotycz\u0105ce piel\u0119gnacji: Pra\u0107 w pralce<\/p>\n<p>Kolor: niebieski, bia\u0142y<br \/>\nWz\u00f3r: paski<br \/>\nRozmiar: 32\/34<\/p>\n<p>Szeroko\u015b\u0107 ramion: 36 cm<br \/>\nSzeroko\u015b\u0107 klatki piersiowej: 86 cm<br \/>\nD\u0142ugo\u015b\u0107 r\u0119kawa: 61 cm<br \/>\nCa\u0142kowita d\u0142ugo\u015b\u0107: 63 cm<\/p>","protected":false},"excerpt":{"rendered":"<table class=\"dv_characteristicsTable\">\n<tbody>\n<tr>\n<td class=\"left\">Rozmiar<\/td>\n<td>32\/34<\/td>\n<\/tr>\n<tr>\n<td class=\"left\">Sk\u0142ad materia\u0142u<\/td>\n<td>100% Bawe\u0142na<\/td>\n<\/tr>\n<tr>\n<td class=\"left\">Materialart<\/td>\n<td>Jersey<\/td>\n<\/tr>\n<tr>\n<td class=\"left\">Instrukcje dotycz\u0105ce piel\u0119gnacji<\/td>\n<td>Pranie w pralce<\/td>\n<\/tr>\n<tr>\n<td class=\"left\">Optik<\/td>\n<td>2in1<\/td>\n<\/tr>\n<tr>\n<td class=\"left\">Stil<\/td>\n<td>modisch<\/td>\n<\/tr>\n<tr>\n<td class=\"left\">Kolor<\/td>\n<td>blau-wei\u00df<\/td>\n<\/tr>\n<tr>\n<td class=\"left\">Ausschnitt<\/td>\n<td>Rundhals<\/td>\n<\/tr>\n<tr>\n<td class=\"left\">Ausschnittdetails<\/td>\n<td>weit geschnitten<\/td>\n<\/tr>\n<tr>\n<td class=\"left\">\u00c4rmel<\/td>\n<td>D\u0142ugi r\u0119kaw<\/td>\n<\/tr>\n<tr>\n<td class=\"left\">\u00c4rmelabschluss<\/td>\n<td>mit Riegel<\/td>\n<\/tr>\n<tr>\n<td class=\"left\">Rumpfabschluss<\/td>\n<td>Bluseneinsatz<\/td>\n<\/tr>\n<tr>\n<td class=\"left\">Dopasowanie<\/td>\n<td>figurbetont<\/td>\n<\/tr>\n<tr>\n<td class=\"left\">Schnittform L\u00e4nge<\/td>\n<td>h\u00fcftlang<\/td>\n<\/tr>\n<tr>\n<td class=\"left\">Besondere Merkmale<\/td>\n<td>gestreift<\/td>\n<\/tr>\n<\/tbody>\n<\/table>","protected":false},"featured_media":83595,"comment_status":"open","ping_status":"closed","template":"","meta":{"_seopress_robots_primary_cat":"","_seopress_titles_title":"","_seopress_titles_desc":"","_seopress_robots_index":""},"product_brand":[],"product_cat":[1348,1456,1479],"product_tag":[],"class_list":{"0":"post-83535","1":"product","2":"type-product","3":"status-publish","4":"has-post-thumbnail","6":"product_cat-damen-mode","7":"product_cat-pullover-sweater","8":"product_cat-langarmshirts","9":"product_shipping_class-standard-versand","11":"first","12":"instock","13":"taxable","14":"shipping-taxable","15":"purchasable","16":"product-type-simple"},"_links":{"self":[{"href":"https:\/\/www.soanam.de\/pl\/wp-json\/wp\/v2\/product\/83535","targetHints":{"allow":["GET"]}}],"collection":[{"href":"https:\/\/www.soanam.de\/pl\/wp-json\/wp\/v2\/product"}],"about":[{"href":"https:\/\/www.soanam.de\/pl\/wp-json\/wp\/v2\/types\/product"}],"replies":[{"embeddable":true,"href":"https:\/\/www.soanam.de\/pl\/wp-json\/wp\/v2\/comments?post=83535"}],"wp:featuredmedia":[{"embeddable":true,"href":"https:\/\/www.soanam.de\/pl\/wp-json\/wp\/v2\/media\/83595"}],"wp:attachment":[{"href":"https:\/\/www.soanam.de\/pl\/wp-json\/wp\/v2\/media?parent=83535"}],"wp:term":[{"taxonomy":"product_brand","embeddable":true,"href":"https:\/\/www.soanam.de\/pl\/wp-json\/wp\/v2\/product_brand?post=83535"},{"taxonomy":"product_cat","embeddable":true,"href":"https:\/\/www.soanam.de\/pl\/wp-json\/wp\/v2\/product_cat?post=83535"},{"taxonomy":"product_tag","embeddable":true,"href":"https:\/\/www.soanam.de\/pl\/wp-json\/wp\/v2\/product_tag?post=83535"}],"curies":[{"name":"wp","href":"https:\/\/api.w.org\/{rel}","templated":true}]}}