{"id":83519,"date":"2023-12-17T01:51:29","date_gmt":"2023-12-17T00:51:29","guid":{"rendered":"https:\/\/www.soanam.de\/?post_type=product&#038;p=83519"},"modified":"2023-12-17T01:57:44","modified_gmt":"2023-12-17T00:57:44","slug":"tom-tailor-polo-team-rundhalspullover-in-schwarz-grau-lachs-gr-36-38","status":"publish","type":"product","link":"https:\/\/www.soanam.de\/pl\/produkt\/tom-tailor-polo-team-rundhalspullover-in-schwarz-grau-lachs-gr-36-38\/","title":{"rendered":"TOM TAILOR Polo Team Rundhalspullover, in Schwarz, Grau, Lachs, Gr. 36\/38"},"content":{"rendered":"<p>Sportlicher Pullover von TOM TAILOR POLO TEAM<br \/>\nIm Streifenmix mit Kontrastfarben<br \/>\nAus formstabiler Baumwollmischung<br \/>\nDopasowany kr\u00f3j<br \/>\nRollsaum am Rundhalsausschnitt<\/p>\n<p>Das unregelm\u00e4\u00dfige Streifendesign macht den Pullover von Tom Tailor Polo Team zu einem sportlichen Basic, das \u2013 dank leicht taillierter, schmaler Passform \u2013 charmant deine Figur betont und sich mit der weichen Baumwollmischung dabei auch hervorragend tr\u00e4gt.<br \/>\nDer Rundhalsausschnitt ist schmal eingefasst und unterstreicht die hochwertige Ausstrahlung dieses Streifenpullis mit auffallender Kontrastfarbe.<\/p>\n<p>Materia\u0142: bawe\u0142na 50%, poliakryl 50%<br \/>\nWskaz\u00f3wki dotycz\u0105ce piel\u0119gnacji: Pra\u0107 w pralce<\/p>\n<p>Farbe: schwarz, grau, lachs<br \/>\nWz\u00f3r: paski<br \/>\nRozmiar: 36\/38<\/p>\n<p>Szeroko\u015b\u0107 ramion: 37 cm<br \/>\nSzeroko\u015b\u0107 klatki piersiowej: 94 cm<br \/>\nD\u0142ugo\u015b\u0107 r\u0119kawa: 62 cm<br \/>\nCa\u0142kowita d\u0142ugo\u015b\u0107: 65 cm<\/p>","protected":false},"excerpt":{"rendered":"<table class=\"dv_characteristicsTable\">\n<tbody>\n<tr>\n<td class=\"left\">Rozmiar<\/td>\n<td>36\/38 (S)<\/td>\n<\/tr>\n<tr>\n<td class=\"left\">Sk\u0142ad materia\u0142u<\/td>\n<td>50% Baumwolle, 50% Polyacryl<\/td>\n<\/tr>\n<tr>\n<td class=\"left\">Materialart<\/td>\n<td>Feinstrick<\/td>\n<\/tr>\n<tr>\n<td class=\"left\">Instrukcje dotycz\u0105ce piel\u0119gnacji<\/td>\n<td>Pranie w pralce<\/td>\n<\/tr>\n<tr>\n<td class=\"left\">Optik<\/td>\n<td>gestreift<\/td>\n<\/tr>\n<tr>\n<td class=\"left\">Stil<\/td>\n<td>casual<\/td>\n<\/tr>\n<tr>\n<td class=\"left\">Kolor<\/td>\n<td>grau-schwarz-lachs-gestreift<\/td>\n<\/tr>\n<tr>\n<td class=\"left\">Ausschnitt<\/td>\n<td>Rundhals<\/td>\n<\/tr>\n<tr>\n<td class=\"left\">Ausschnittdetails<\/td>\n<td>Rollkante<\/td>\n<\/tr>\n<tr>\n<td class=\"left\">\u00c4rmel<\/td>\n<td>D\u0142ugi r\u0119kaw<\/td>\n<\/tr>\n<tr>\n<td class=\"left\">\u00c4rmelabschluss<\/td>\n<td>Pr\u0105\u017ckowane mankiety<\/td>\n<\/tr>\n<tr>\n<td class=\"left\">Rumpfabschluss<\/td>\n<td>Pr\u0105\u017ckowane mankiety<\/td>\n<\/tr>\n<tr>\n<td class=\"left\">Dopasowanie<\/td>\n<td>figurbetont<\/td>\n<\/tr>\n<tr>\n<td class=\"left\">Schnittform L\u00e4nge<\/td>\n<td>h\u00fcftlang<\/td>\n<\/tr>\n<tr>\n<td class=\"left\">Besondere Merkmale<\/td>\n<td>Streifenmix und Kontrastfarben<\/td>\n<\/tr>\n<\/tbody>\n<\/table>","protected":false},"featured_media":83578,"comment_status":"open","ping_status":"closed","template":"","meta":{"_seopress_robots_primary_cat":"","_seopress_titles_title":"","_seopress_titles_desc":"","_seopress_robots_index":""},"product_brand":[],"product_cat":[1348,1456,1465],"product_tag":[],"class_list":{"0":"post-83519","1":"product","2":"type-product","3":"status-publish","4":"has-post-thumbnail","6":"product_cat-damen-mode","7":"product_cat-pullover-sweater","8":"product_cat-strickpullover","9":"product_shipping_class-standard-versand","11":"first","12":"instock","13":"taxable","14":"shipping-taxable","15":"purchasable","16":"product-type-simple"},"_links":{"self":[{"href":"https:\/\/www.soanam.de\/pl\/wp-json\/wp\/v2\/product\/83519","targetHints":{"allow":["GET"]}}],"collection":[{"href":"https:\/\/www.soanam.de\/pl\/wp-json\/wp\/v2\/product"}],"about":[{"href":"https:\/\/www.soanam.de\/pl\/wp-json\/wp\/v2\/types\/product"}],"replies":[{"embeddable":true,"href":"https:\/\/www.soanam.de\/pl\/wp-json\/wp\/v2\/comments?post=83519"}],"wp:featuredmedia":[{"embeddable":true,"href":"https:\/\/www.soanam.de\/pl\/wp-json\/wp\/v2\/media\/83578"}],"wp:attachment":[{"href":"https:\/\/www.soanam.de\/pl\/wp-json\/wp\/v2\/media?parent=83519"}],"wp:term":[{"taxonomy":"product_brand","embeddable":true,"href":"https:\/\/www.soanam.de\/pl\/wp-json\/wp\/v2\/product_brand?post=83519"},{"taxonomy":"product_cat","embeddable":true,"href":"https:\/\/www.soanam.de\/pl\/wp-json\/wp\/v2\/product_cat?post=83519"},{"taxonomy":"product_tag","embeddable":true,"href":"https:\/\/www.soanam.de\/pl\/wp-json\/wp\/v2\/product_tag?post=83519"}],"curies":[{"name":"wp","href":"https:\/\/api.w.org\/{rel}","templated":true}]}}