{"id":83518,"date":"2023-12-17T01:51:28","date_gmt":"2023-12-17T00:51:28","guid":{"rendered":"https:\/\/www.soanam.de\/?post_type=product&#038;p=83518"},"modified":"2023-12-17T01:57:07","modified_gmt":"2023-12-17T00:57:07","slug":"esprit-feinstrickpullover-mit-stehkragen-in-marine-gr-s","status":"publish","type":"product","link":"https:\/\/www.soanam.de\/pl\/produkt\/esprit-feinstrickpullover-mit-stehkragen-in-marine-gr-s\/","title":{"rendered":"Sweter z cienkiej dzianiny Esprit ze st\u00f3jk\u0105, granatowy, rozmiar S"},"content":{"rendered":"<p>Damen Pullover von Esprit<br \/>\nBio-Baumwollmischung<br \/>\nCi\u0119cie proste<br \/>\nObro\u017ca stoj\u0105ca<br \/>\n\u00c4rmelabschluss mit Umschlag<\/p>\n<p>Der Pullover von Esprit ist aus einer Bio-Baumwollmischung gefertigt und gerade geschnitten.<br \/>\nEr zeigt sich mit Stehkragen und einer interessanten \u00c4rmelabschluss-L\u00f6sung<\/p>\n<p>Material: 89% organische Baumwolle, 10% Polyamid, 1% Elasthan<br \/>\nWskaz\u00f3wki dotycz\u0105ce piel\u0119gnacji: Pra\u0107 w pralce<\/p>\n<p>Kolor: granatowy<br \/>\nWz\u00f3r: bez<br \/>\nRozmiar: S<\/p>\n<p>Szeroko\u015b\u0107 ramion: 43 cm<br \/>\nSzeroko\u015b\u0107 klatki piersiowej: 110 cm<br \/>\n\u00c4rmell\u00e4nge: 52cm<br \/>\nCa\u0142kowita d\u0142ugo\u015b\u0107: 58 cm<\/p>","protected":false},"excerpt":{"rendered":"<table class=\"dv_characteristicsTable\">\n<tbody>\n<tr>\n<td class=\"left\">Rozmiar<\/td>\n<td>S<\/td>\n<\/tr>\n<tr>\n<td class=\"left\">Sk\u0142ad materia\u0142u<\/td>\n<td>89% organische Baumwolle, 10% Polyamid, 1% Elasthan<\/td>\n<\/tr>\n<tr>\n<td class=\"left\">Materialart<\/td>\n<td>Strick<\/td>\n<\/tr>\n<tr>\n<td class=\"left\">Instrukcje dotycz\u0105ce piel\u0119gnacji<\/td>\n<td>Pranie w pralce<\/td>\n<\/tr>\n<tr>\n<td class=\"left\">Optik<\/td>\n<td>uni<\/td>\n<\/tr>\n<tr>\n<td class=\"left\">Stil<\/td>\n<td>schlicht<\/td>\n<\/tr>\n<tr>\n<td class=\"left\">Kolor<\/td>\n<td>granatowy<\/td>\n<\/tr>\n<tr>\n<td class=\"left\">Ausschnitt<\/td>\n<td>Rundhals<\/td>\n<\/tr>\n<tr>\n<td class=\"left\">\u00c4rmel<\/td>\n<td>D\u0142ugi r\u0119kaw<\/td>\n<\/tr>\n<tr>\n<td class=\"left\">\u00c4rmelabschluss<\/td>\n<td>Umschlag<\/td>\n<\/tr>\n<tr>\n<td class=\"left\">Rumpfabschluss<\/td>\n<td>abgerundeter Abschluss<\/td>\n<\/tr>\n<tr>\n<td class=\"left\">Dopasowanie<\/td>\n<td>locker<\/td>\n<\/tr>\n<tr>\n<td class=\"left\">Schnittform L\u00e4nge<\/td>\n<td>h\u00fcftlang<\/td>\n<\/tr>\n<tr>\n<td class=\"left\"><\/td>\n<td><\/td>\n<\/tr>\n<\/tbody>\n<\/table>","protected":false},"featured_media":83572,"comment_status":"open","ping_status":"closed","template":"","meta":{"_seopress_robots_primary_cat":"","_seopress_titles_title":"","_seopress_titles_desc":"","_seopress_robots_index":""},"product_brand":[],"product_cat":[1348,1456,1465],"product_tag":[],"class_list":{"0":"post-83518","1":"product","2":"type-product","3":"status-publish","4":"has-post-thumbnail","6":"product_cat-damen-mode","7":"product_cat-pullover-sweater","8":"product_cat-strickpullover","9":"product_shipping_class-standard-versand","11":"first","12":"instock","13":"sale","14":"taxable","15":"shipping-taxable","16":"purchasable","17":"product-type-simple"},"_links":{"self":[{"href":"https:\/\/www.soanam.de\/pl\/wp-json\/wp\/v2\/product\/83518","targetHints":{"allow":["GET"]}}],"collection":[{"href":"https:\/\/www.soanam.de\/pl\/wp-json\/wp\/v2\/product"}],"about":[{"href":"https:\/\/www.soanam.de\/pl\/wp-json\/wp\/v2\/types\/product"}],"replies":[{"embeddable":true,"href":"https:\/\/www.soanam.de\/pl\/wp-json\/wp\/v2\/comments?post=83518"}],"wp:featuredmedia":[{"embeddable":true,"href":"https:\/\/www.soanam.de\/pl\/wp-json\/wp\/v2\/media\/83572"}],"wp:attachment":[{"href":"https:\/\/www.soanam.de\/pl\/wp-json\/wp\/v2\/media?parent=83518"}],"wp:term":[{"taxonomy":"product_brand","embeddable":true,"href":"https:\/\/www.soanam.de\/pl\/wp-json\/wp\/v2\/product_brand?post=83518"},{"taxonomy":"product_cat","embeddable":true,"href":"https:\/\/www.soanam.de\/pl\/wp-json\/wp\/v2\/product_cat?post=83518"},{"taxonomy":"product_tag","embeddable":true,"href":"https:\/\/www.soanam.de\/pl\/wp-json\/wp\/v2\/product_tag?post=83518"}],"curies":[{"name":"wp","href":"https:\/\/api.w.org\/{rel}","templated":true}]}}