{"id":83497,"date":"2023-12-17T01:49:32","date_gmt":"2023-12-17T00:49:32","guid":{"rendered":"https:\/\/www.soanam.de\/?post_type=product&#038;p=83497"},"modified":"2023-12-17T01:55:17","modified_gmt":"2023-12-17T00:55:17","slug":"melrose-sweter-z-okraglym-dekoltem-wycieciami-na-ramionach-i-dzetami-w-kolorze-jasnoniebieskim-rozmiar-34","status":"publish","type":"product","link":"https:\/\/www.soanam.de\/pl\/produkt\/melrose-rundhalspullover-mit-schulter-cut-outs-und-glitzersteinen-in-hellblau-gr-34\/","title":{"rendered":"Sweter Melrose z okr\u0105g\u0142ym dekoltem, wyci\u0119ciami na ramionach i b\u0142yszcz\u0105cymi kamieniami, jasnoniebieski, rozmiar 34"},"content":{"rendered":"<p>Elegancki sweter od MELROSE<br \/>\nZ wyci\u0119ciami na ramionach<br \/>\nW kszta\u0142cie przylegaj\u0105cym do sylwetki<br \/>\nEleganckie b\u0142yszcz\u0105ce kamienie<br \/>\nWykonane z mi\u0119kkiej dzianiny wiskozowej<\/p>\n<p>Szykowny damski sweter z okr\u0105g\u0142ym dekoltem od marki Melrose z mieni\u0105cymi si\u0119 akcentami dzi\u0119ki brokatowym detalom. D\u0142ugo\u015b\u0107 do bioder i bardzo dopasowany kr\u00f3j. Raglanowe r\u0119kawy s\u0105 d\u0142ugie. Posiada eleganckie, b\u0142yszcz\u0105ce, brokatowe kamienie i wyci\u0119cia na r\u0119kawach.<br \/>\nDzi\u0119ki elastycznej dzianinie top dopasowuje si\u0119 do ka\u017cdego ruchu.<\/p>\n<p>Materia\u0142: wiskoza 70%, poliamid 30%<br \/>\nWskaz\u00f3wki dotycz\u0105ce piel\u0119gnacji: Pra\u0107 w pralce<\/p>\n<p>Kolor: jasnoniebieski<br \/>\nWz\u00f3r: B\u0142yszcz\u0105ce kamienie<br \/>\nRozmiar: 34<\/p>\n<p>Szeroko\u015b\u0107 ramion: 28 cm<br \/>\nSzeroko\u015b\u0107 klatki piersiowej: 90 cm<br \/>\nD\u0142ugo\u015b\u0107 r\u0119kawa: 61 cm<br \/>\nCa\u0142kowita d\u0142ugo\u015b\u0107: 58 cm<\/p>","protected":false},"excerpt":{"rendered":"<table class=\"dv_characteristicsTable\">\n<tbody>\n<tr>\n<td class=\"left\">Rozmiar<\/td>\n<td>34<\/td>\n<\/tr>\n<tr>\n<td class=\"left\">Sk\u0142ad materia\u0142u<\/td>\n<td>70% Viskose, 30% Polyamid<\/td>\n<\/tr>\n<tr>\n<td class=\"left\">Materialart<\/td>\n<td>Feinstrick<\/td>\n<\/tr>\n<tr>\n<td class=\"left\">Instrukcje dotycz\u0105ce piel\u0119gnacji<\/td>\n<td>Pranie w pralce<\/td>\n<\/tr>\n<tr>\n<td class=\"left\">Optik<\/td>\n<td>unifarben<\/td>\n<\/tr>\n<tr>\n<td class=\"left\">Stil<\/td>\n<td>modisch<\/td>\n<\/tr>\n<tr>\n<td class=\"left\">Kolor<\/td>\n<td>hellblau<\/td>\n<\/tr>\n<tr>\n<td class=\"left\">Ausschnitt<\/td>\n<td>Rundhals<\/td>\n<\/tr>\n<tr>\n<td class=\"left\">\u00c4rmel<\/td>\n<td>D\u0142ugi r\u0119kaw<\/td>\n<\/tr>\n<tr>\n<td class=\"left\">\u00c4rmelabschluss<\/td>\n<td>lange B\u00fcnchen<\/td>\n<\/tr>\n<tr>\n<td class=\"left\">Rumpfabschluss<\/td>\n<td>langer Bund<\/td>\n<\/tr>\n<tr>\n<td class=\"left\">Dopasowanie<\/td>\n<td>figurnah<\/td>\n<\/tr>\n<tr>\n<td class=\"left\">Schnittform L\u00e4nge<\/td>\n<td>h\u00fcftlang<\/td>\n<\/tr>\n<tr>\n<td class=\"left\">Besondere Merkmale<\/td>\n<td>Glitzersteine, Cut-Outs<\/td>\n<\/tr>\n<\/tbody>\n<\/table>","protected":false},"featured_media":83554,"comment_status":"open","ping_status":"closed","template":"","meta":{"_seopress_robots_primary_cat":"","_seopress_titles_title":"","_seopress_titles_desc":"","_seopress_robots_index":""},"product_brand":[],"product_cat":[1348,1456,1465],"product_tag":[],"class_list":{"0":"post-83497","1":"product","2":"type-product","3":"status-publish","4":"has-post-thumbnail","6":"product_cat-damen-mode","7":"product_cat-pullover-sweater","8":"product_cat-strickpullover","9":"product_shipping_class-standard-versand","11":"first","12":"instock","13":"sale","14":"taxable","15":"shipping-taxable","16":"purchasable","17":"product-type-simple"},"_links":{"self":[{"href":"https:\/\/www.soanam.de\/pl\/wp-json\/wp\/v2\/product\/83497","targetHints":{"allow":["GET"]}}],"collection":[{"href":"https:\/\/www.soanam.de\/pl\/wp-json\/wp\/v2\/product"}],"about":[{"href":"https:\/\/www.soanam.de\/pl\/wp-json\/wp\/v2\/types\/product"}],"replies":[{"embeddable":true,"href":"https:\/\/www.soanam.de\/pl\/wp-json\/wp\/v2\/comments?post=83497"}],"wp:featuredmedia":[{"embeddable":true,"href":"https:\/\/www.soanam.de\/pl\/wp-json\/wp\/v2\/media\/83554"}],"wp:attachment":[{"href":"https:\/\/www.soanam.de\/pl\/wp-json\/wp\/v2\/media?parent=83497"}],"wp:term":[{"taxonomy":"product_brand","embeddable":true,"href":"https:\/\/www.soanam.de\/pl\/wp-json\/wp\/v2\/product_brand?post=83497"},{"taxonomy":"product_cat","embeddable":true,"href":"https:\/\/www.soanam.de\/pl\/wp-json\/wp\/v2\/product_cat?post=83497"},{"taxonomy":"product_tag","embeddable":true,"href":"https:\/\/www.soanam.de\/pl\/wp-json\/wp\/v2\/product_tag?post=83497"}],"curies":[{"name":"wp","href":"https:\/\/api.w.org\/{rel}","templated":true}]}}