{"id":83440,"date":"2023-12-17T01:43:29","date_gmt":"2023-12-17T00:43:29","guid":{"rendered":"https:\/\/www.soanam.de\/?post_type=product&#038;p=83440"},"modified":"2023-12-17T01:50:56","modified_gmt":"2023-12-17T00:50:56","slug":"kangaroos-sweatkleid-im-cheetah-muster-in-rosa-schwarz-gr-44-46","status":"publish","type":"product","link":"https:\/\/www.soanam.de\/pl\/produkt\/kangaroos-sweatkleid-im-cheetah-muster-in-rosa-schwarz-gr-44-46\/","title":{"rendered":"KangaROOS Sweatkleid im Cheetah Muster, in Rosa, Schwarz, Gr. 44\/46"},"content":{"rendered":"<p>Sweatkleid von KangaROOS<br \/>\nIn tollem Cheetah-Muster<br \/>\nMit Logo Badge an K\u00e4ngurutasche<br \/>\nSofte Sweatware aus Baumwollmix<\/p>\n<p>L\u00e4ssiges Sweatkleid von Kangaroos mit Tunnelzugkapuze.<br \/>\nModische Animal-Print Optik im Cheetah-Look, Rippstrickb\u00fcndchen, locker geschnitten, mit K\u00e4ngurutasche.<br \/>\nAngenehmer Materialmix, weich angeraut - da ist der Wohlf\u00fchlfaktor garantiert.<\/p>\n<p>Materia\u0142: bawe\u0142na 65%, poliester 35%<br \/>\nWskaz\u00f3wki dotycz\u0105ce piel\u0119gnacji: Pra\u0107 w pralce<\/p>\n<p>Farbe: rosa, schwarz<br \/>\nMuster: Animal-Pint<br \/>\nRozmiar: 44\/46<\/p>\n<p>Szeroko\u015b\u0107 ramion: 57 cm<br \/>\nBrustweite: 121cm<br \/>\nD\u0142ugo\u015b\u0107 r\u0119kawa: 54 cm<br \/>\nCa\u0142kowita d\u0142ugo\u015b\u0107: 92 cm<\/p>","protected":false},"excerpt":{"rendered":"<table class=\"dv_characteristicsTable\">\n<tbody>\n<tr>\n<td class=\"left\">Rozmiar<\/td>\n<td>44\/46<\/td>\n<\/tr>\n<tr>\n<td class=\"left\">Sk\u0142ad materia\u0142u<\/td>\n<td>65% bawe\u0142na, 35% poliester<\/td>\n<\/tr>\n<tr>\n<td class=\"left\">Materialart<\/td>\n<td>Sweatware<\/td>\n<\/tr>\n<tr>\n<td class=\"left\">Instrukcje dotycz\u0105ce piel\u0119gnacji<\/td>\n<td>Pranie w pralce<\/td>\n<\/tr>\n<tr>\n<td class=\"left\">Optik<\/td>\n<td>Animal-Print<\/td>\n<\/tr>\n<tr>\n<td class=\"left\">Stil<\/td>\n<td>casual<\/td>\n<\/tr>\n<tr>\n<td class=\"left\">\u00c4rmel<\/td>\n<td>D\u0142ugi r\u0119kaw<\/td>\n<\/tr>\n<tr>\n<td class=\"left\">\u00c4rmelabschluss<\/td>\n<td>Pr\u0105\u017ckowane mankiety<\/td>\n<\/tr>\n<tr>\n<td class=\"left\">Rumpfabschluss<\/td>\n<td>Pr\u0105\u017ckowane mankiety<\/td>\n<\/tr>\n<tr>\n<td class=\"left\">Dopasowanie<\/td>\n<td>figurumspielend<\/td>\n<\/tr>\n<tr>\n<td class=\"left\">Schnittform L\u00e4nge<\/td>\n<td>Po-bedeckend<\/td>\n<\/tr>\n<tr>\n<td class=\"left\">Kolor<\/td>\n<td>rosa-schwarz<\/td>\n<\/tr>\n<tr>\n<td class=\"left\">Kaptur<\/td>\n<td>mit Kapuze<\/td>\n<\/tr>\n<tr>\n<td class=\"left\">Kapuzendetails<\/td>\n<td>mit Kordelzug<\/td>\n<\/tr>\n<tr>\n<td class=\"left\">Kapuzenf\u00fctterung<\/td>\n<td>ohne<\/td>\n<\/tr>\n<tr>\n<td class=\"left\">Applikationen<\/td>\n<td>Markenlabel<\/td>\n<\/tr>\n<tr>\n<td class=\"left\">Torby<\/td>\n<td>Kiesze\u0144 kangurka<\/td>\n<\/tr>\n<tr>\n<td class=\"left\">Besondere Merkmale<\/td>\n<td>Cheetah-Look<\/td>\n<\/tr>\n<\/tbody>\n<\/table>","protected":false},"featured_media":83510,"comment_status":"open","ping_status":"closed","template":"","meta":{"_seopress_robots_primary_cat":"","_seopress_titles_title":"","_seopress_titles_desc":"","_seopress_robots_index":""},"product_brand":[],"product_cat":[1348,1379,1594],"product_tag":[],"class_list":{"0":"post-83440","1":"product","2":"type-product","3":"status-publish","4":"has-post-thumbnail","6":"product_cat-damen-mode","7":"product_cat-kleider","8":"product_cat-pulloverkleider","9":"product_shipping_class-standard-versand","11":"first","12":"instock","13":"taxable","14":"shipping-taxable","15":"purchasable","16":"product-type-simple"},"_links":{"self":[{"href":"https:\/\/www.soanam.de\/pl\/wp-json\/wp\/v2\/product\/83440","targetHints":{"allow":["GET"]}}],"collection":[{"href":"https:\/\/www.soanam.de\/pl\/wp-json\/wp\/v2\/product"}],"about":[{"href":"https:\/\/www.soanam.de\/pl\/wp-json\/wp\/v2\/types\/product"}],"replies":[{"embeddable":true,"href":"https:\/\/www.soanam.de\/pl\/wp-json\/wp\/v2\/comments?post=83440"}],"wp:featuredmedia":[{"embeddable":true,"href":"https:\/\/www.soanam.de\/pl\/wp-json\/wp\/v2\/media\/83510"}],"wp:attachment":[{"href":"https:\/\/www.soanam.de\/pl\/wp-json\/wp\/v2\/media?parent=83440"}],"wp:term":[{"taxonomy":"product_brand","embeddable":true,"href":"https:\/\/www.soanam.de\/pl\/wp-json\/wp\/v2\/product_brand?post=83440"},{"taxonomy":"product_cat","embeddable":true,"href":"https:\/\/www.soanam.de\/pl\/wp-json\/wp\/v2\/product_cat?post=83440"},{"taxonomy":"product_tag","embeddable":true,"href":"https:\/\/www.soanam.de\/pl\/wp-json\/wp\/v2\/product_tag?post=83440"}],"curies":[{"name":"wp","href":"https:\/\/api.w.org\/{rel}","templated":true}]}}