{"id":83431,"date":"2023-12-17T01:42:07","date_gmt":"2023-12-17T00:42:07","guid":{"rendered":"https:\/\/www.soanam.de\/?post_type=product&#038;p=83431"},"modified":"2023-12-17T01:50:08","modified_gmt":"2023-12-17T00:50:08","slug":"buffalo-sweatshirt-in-kurzer-form-mit-logostickerei-in-weiss-gr-36-38","status":"publish","type":"product","link":"https:\/\/www.soanam.de\/pl\/produkt\/buffalo-sweatshirt-in-kurzer-form-mit-logostickerei-in-weiss-gr-36-38\/","title":{"rendered":"Buffalo Sweatshirt in kurzer Form mit Logostickerei, in Wei\u00df, Gr. 36\/38"},"content":{"rendered":"<p>Sweatshirt mit Logostickerei auf der Brust<br \/>\nTeilungsnaht am \u00c4rmel in Stickereifarbe<br \/>\nKurzer Schnitt<br \/>\nRippb\u00fcndchen am \u00c4rmelsaum<br \/>\nWeiche Sweatqualit\u00e4t<\/p>\n<p>Das Sweatshirt von Buffalo begleitet dich mit seinem unifarbenen Design durch gem\u00fctliche Stunden.<br \/>\nDie Labelstickerei auf der Brust wertet den trendy Look dabei gelungen auf.<br \/>\nPasskomfort nach deinen W\u00fcnschen sichern dir die Rippb\u00fcndchen sowie der kurze, legere Schnitt mit \u00fcberschnittenen Schultern und Teilungsnaht an den \u00c4rmeln.<br \/>\nDie weiche Sweatqualit\u00e4t des Shirts macht den Wohlf\u00fchlfaktor komplett.<\/p>\n<p>Materia\u0142: bawe\u0142na 65%, poliester 35%<br \/>\nWskaz\u00f3wki dotycz\u0105ce piel\u0119gnacji: Pra\u0107 w pralce<\/p>\n<p>Farbe: wei\u00df, silber<br \/>\nWz\u00f3r: bez<br \/>\nRozmiar: 36\/38<\/p>\n<p>Szeroko\u015b\u0107 ramion: 44 cm<br \/>\nSzeroko\u015b\u0107 klatki piersiowej: 102 cm<br \/>\nD\u0142ugo\u015b\u0107 r\u0119kawa: 67 cm<br \/>\nCa\u0142kowita d\u0142ugo\u015b\u0107: 62 cm<\/p>","protected":false},"excerpt":{"rendered":"<table class=\"dv_characteristicsTable\">\n<tbody>\n<tr>\n<td class=\"left\">Rozmiar<\/td>\n<td>36\/38<\/td>\n<\/tr>\n<tr>\n<td class=\"left\">Sk\u0142ad materia\u0142u<\/td>\n<td>65% bawe\u0142na, 35% poliester<\/td>\n<\/tr>\n<tr>\n<td class=\"left\">Materialart<\/td>\n<td>Sweatware<\/td>\n<\/tr>\n<tr>\n<td class=\"left\">Instrukcje dotycz\u0105ce piel\u0119gnacji<\/td>\n<td>Pranie w pralce<\/td>\n<\/tr>\n<tr>\n<td class=\"left\">Optik<\/td>\n<td>bestickt, unifarben<\/td>\n<\/tr>\n<tr>\n<td class=\"left\">Stil<\/td>\n<td>casual<\/td>\n<\/tr>\n<tr>\n<td class=\"left\">Kolor<\/td>\n<td>wei\u00df<\/td>\n<\/tr>\n<tr>\n<td class=\"left\">Applikationen<\/td>\n<td>Haftowane logo<\/td>\n<\/tr>\n<tr>\n<td class=\"left\">Besondere Merkmale<\/td>\n<td>Teilungsnaht in Stickereifarbe<\/td>\n<\/tr>\n<tr>\n<td class=\"left\">Ausschnitt<\/td>\n<td>Rundhals<\/td>\n<\/tr>\n<tr>\n<td class=\"left\">\u00c4rmel<\/td>\n<td>D\u0142ugi r\u0119kaw<\/td>\n<\/tr>\n<tr>\n<td class=\"left\">\u00c4rmelabschluss<\/td>\n<td>Pr\u0105\u017ckowane mankiety<\/td>\n<\/tr>\n<tr>\n<td class=\"left\">Dopasowanie<\/td>\n<td>bequem<\/td>\n<\/tr>\n<tr>\n<td class=\"left\">Schnittform L\u00e4nge<\/td>\n<td>kurz<\/td>\n<\/tr>\n<\/tbody>\n<\/table>","protected":false},"featured_media":83498,"comment_status":"open","ping_status":"closed","template":"","meta":{"_seopress_robots_primary_cat":"","_seopress_titles_title":"","_seopress_titles_desc":"","_seopress_robots_index":""},"product_brand":[],"product_cat":[1348,1456,1577],"product_tag":[],"class_list":{"0":"post-83431","1":"product","2":"type-product","3":"status-publish","4":"has-post-thumbnail","6":"product_cat-damen-mode","7":"product_cat-pullover-sweater","8":"product_cat-sweatshirts","9":"product_shipping_class-standard-versand","11":"first","12":"instock","13":"taxable","14":"shipping-taxable","15":"purchasable","16":"product-type-simple"},"_links":{"self":[{"href":"https:\/\/www.soanam.de\/pl\/wp-json\/wp\/v2\/product\/83431","targetHints":{"allow":["GET"]}}],"collection":[{"href":"https:\/\/www.soanam.de\/pl\/wp-json\/wp\/v2\/product"}],"about":[{"href":"https:\/\/www.soanam.de\/pl\/wp-json\/wp\/v2\/types\/product"}],"replies":[{"embeddable":true,"href":"https:\/\/www.soanam.de\/pl\/wp-json\/wp\/v2\/comments?post=83431"}],"wp:featuredmedia":[{"embeddable":true,"href":"https:\/\/www.soanam.de\/pl\/wp-json\/wp\/v2\/media\/83498"}],"wp:attachment":[{"href":"https:\/\/www.soanam.de\/pl\/wp-json\/wp\/v2\/media?parent=83431"}],"wp:term":[{"taxonomy":"product_brand","embeddable":true,"href":"https:\/\/www.soanam.de\/pl\/wp-json\/wp\/v2\/product_brand?post=83431"},{"taxonomy":"product_cat","embeddable":true,"href":"https:\/\/www.soanam.de\/pl\/wp-json\/wp\/v2\/product_cat?post=83431"},{"taxonomy":"product_tag","embeddable":true,"href":"https:\/\/www.soanam.de\/pl\/wp-json\/wp\/v2\/product_tag?post=83431"}],"curies":[{"name":"wp","href":"https:\/\/api.w.org\/{rel}","templated":true}]}}