{"id":83408,"date":"2023-12-17T01:39:44","date_gmt":"2023-12-17T00:39:44","guid":{"rendered":"https:\/\/www.soanam.de\/?post_type=product&#038;p=83408"},"modified":"2023-12-17T01:47:29","modified_gmt":"2023-12-17T00:47:29","slug":"alife-kickin-crewneck-jumper-w-kolorze-waniliowym-rozmiar-xl","status":"publish","type":"product","link":"https:\/\/www.soanam.de\/pl\/produkt\/alife-kickin-crewneck-sweater-in-vanilla-gr-xl\/","title":{"rendered":"Alife &#038; Kickin Crewneck Sweater, in Vanilla, Gr. XL"},"content":{"rendered":"<p>Sweatshirt von Alife &amp; Kickin<br \/>\nNieco d\u0142u\u017cszy kr\u00f3j z ty\u0142u<br \/>\nIn schlicht unifarbener Optik, ein tolles Basic<br \/>\nMit dem beliebtem Alife &amp; Kickin Labeling in bester Marken-Qualit\u00e4t<\/p>\n<p>Der Crewneck Sweater von Alife &amp; Kickin eignet sich zum Chillen und auch im Homeoffice, egal, ob allein oder mit Freunden - in diesem Sweater bist du immer gut angezogen.<br \/>\nDieses Sweatshirt hat einen Rundhalsausschnitt und ist komfortabel geschnitten, sodass du einen hohen Tragekomfort hast.<br \/>\nDas typische Markenlabeling fehlt selbstverst\u00e4ndlich auch nicht.<br \/>\nDie Sweatware ist angenehm weich auf der Haut und sorgt ebenfalls f\u00fcr hohen Tragekomfort.<\/p>\n<p>Material: 70% Baumwolle, 30% Polyester<br \/>\nWskaz\u00f3wki dotycz\u0105ce piel\u0119gnacji: Pra\u0107 w pralce<\/p>\n<p>Farbe: vanilla<br \/>\nWz\u00f3r: bez<br \/>\nRozmiar: XL<\/p>\n<p>Szeroko\u015b\u0107 ramion: 42 cm<br \/>\nSzeroko\u015b\u0107 klatki piersiowej: 108 cm<br \/>\nD\u0142ugo\u015b\u0107 r\u0119kawa: 68 cm<br \/>\nCa\u0142kowita d\u0142ugo\u015b\u0107: 76 cm<\/p>","protected":false},"excerpt":{"rendered":"<table class=\"dv_characteristicsTable\">\n<tbody>\n<tr>\n<td class=\"left\">Rozmiar<\/td>\n<td>XL<\/td>\n<\/tr>\n<tr>\n<td class=\"left\">Sk\u0142ad materia\u0142u<\/td>\n<td>70% Baumwolle, 30% Polyester<\/td>\n<\/tr>\n<tr>\n<td class=\"left\">Materialart<\/td>\n<td>Sweatware<\/td>\n<\/tr>\n<tr>\n<td class=\"left\">Materialeigenschaften<\/td>\n<td>pflegeleicht<\/td>\n<\/tr>\n<tr>\n<td class=\"left\">Instrukcje dotycz\u0105ce piel\u0119gnacji<\/td>\n<td>Pranie w pralce<\/td>\n<\/tr>\n<tr>\n<td class=\"left\">Optik<\/td>\n<td>unifarben<\/td>\n<\/tr>\n<tr>\n<td class=\"left\">Stil<\/td>\n<td>casual<\/td>\n<\/tr>\n<tr>\n<td class=\"left\">Kolor<\/td>\n<td>Vanilla<\/td>\n<\/tr>\n<tr>\n<td class=\"left\">Kaptur<\/td>\n<td>ohne Kapuze<\/td>\n<\/tr>\n<tr>\n<td class=\"left\">Applikationen<\/td>\n<td>Label<\/td>\n<\/tr>\n<tr>\n<td class=\"left\">Torby<\/td>\n<td>ohne<\/td>\n<\/tr>\n<tr>\n<td class=\"left\">Besondere Merkmale<\/td>\n<td>l\u00e4ngeres R\u00fcckenteil<\/td>\n<\/tr>\n<tr>\n<td class=\"left\">Kragen<\/td>\n<td>runder Kragen<\/td>\n<\/tr>\n<tr>\n<td class=\"left\">Ausschnitt<\/td>\n<td>Rundhals<\/td>\n<\/tr>\n<tr>\n<td class=\"left\">\u00c4rmel<\/td>\n<td>D\u0142ugi r\u0119kaw<\/td>\n<\/tr>\n<tr>\n<td class=\"left\">Dopasowanie<\/td>\n<td>bequem<\/td>\n<\/tr>\n<\/tbody>\n<\/table>\n<p>&nbsp;<\/p>","protected":false},"featured_media":83474,"comment_status":"open","ping_status":"closed","template":"","meta":{"_seopress_robots_primary_cat":"","_seopress_titles_title":"","_seopress_titles_desc":"","_seopress_robots_index":""},"product_brand":[],"product_cat":[1348,1456,1577],"product_tag":[],"class_list":{"0":"post-83408","1":"product","2":"type-product","3":"status-publish","4":"has-post-thumbnail","6":"product_cat-damen-mode","7":"product_cat-pullover-sweater","8":"product_cat-sweatshirts","9":"product_shipping_class-standard-versand","11":"first","12":"instock","13":"sale","14":"taxable","15":"shipping-taxable","16":"purchasable","17":"product-type-simple"},"_links":{"self":[{"href":"https:\/\/www.soanam.de\/pl\/wp-json\/wp\/v2\/product\/83408","targetHints":{"allow":["GET"]}}],"collection":[{"href":"https:\/\/www.soanam.de\/pl\/wp-json\/wp\/v2\/product"}],"about":[{"href":"https:\/\/www.soanam.de\/pl\/wp-json\/wp\/v2\/types\/product"}],"replies":[{"embeddable":true,"href":"https:\/\/www.soanam.de\/pl\/wp-json\/wp\/v2\/comments?post=83408"}],"wp:featuredmedia":[{"embeddable":true,"href":"https:\/\/www.soanam.de\/pl\/wp-json\/wp\/v2\/media\/83474"}],"wp:attachment":[{"href":"https:\/\/www.soanam.de\/pl\/wp-json\/wp\/v2\/media?parent=83408"}],"wp:term":[{"taxonomy":"product_brand","embeddable":true,"href":"https:\/\/www.soanam.de\/pl\/wp-json\/wp\/v2\/product_brand?post=83408"},{"taxonomy":"product_cat","embeddable":true,"href":"https:\/\/www.soanam.de\/pl\/wp-json\/wp\/v2\/product_cat?post=83408"},{"taxonomy":"product_tag","embeddable":true,"href":"https:\/\/www.soanam.de\/pl\/wp-json\/wp\/v2\/product_tag?post=83408"}],"curies":[{"name":"wp","href":"https:\/\/api.w.org\/{rel}","templated":true}]}}