{"id":83387,"date":"2023-12-17T01:37:35","date_gmt":"2023-12-17T00:37:35","guid":{"rendered":"https:\/\/www.soanam.de\/?post_type=product&#038;p=83387"},"modified":"2023-12-17T01:44:55","modified_gmt":"2023-12-17T00:44:55","slug":"tamaras-classic-chelsea-boots-lekko-sznurowane-w-kolorze-czarnym-rozmiar-41","status":"publish","type":"product","link":"https:\/\/www.soanam.de\/pl\/produkt\/tamaras-klassische-chelseaboots-leicht-gefuettert-in-schwarz-gr-41\/","title":{"rendered":"Klasyczne buty Chelsea Tamara, lekko sznurowane, w kolorze czarnym, rozmiar 41"},"content":{"rendered":"<p>Buty zimowe o klasycznym, eleganckim designie<br \/>\nZ praktycznym zamkiem b\u0142yskawicznym<br \/>\nMateria\u0142 cholewki: sk\u00f3ra<br \/>\nWk\u0142adka: tekstylna<br \/>\nPodeszwa zewn\u0119trzna: syntetyczna<br \/>\nPodszewka: syntetyczna<\/p>\n<p>Modne botki Chelsea marki Tamaris podkre\u015bl\u0105 ka\u017cdy str\u00f3j.<br \/>\nCholewka wykonana jest z wysokiej jako\u015bci sk\u00f3ry naturalnej, wk\u0142adka z materia\u0142u tekstylnego, a podeszwa zewn\u0119trzna i wy\u015bci\u00f3\u0142ka z materia\u0142u syntetycznego.<br \/>\nButy maj\u0105 zamek b\u0142yskawiczny u\u0142atwiaj\u0105cy zak\u0142adanie i zdejmowanie oraz ozdobny zamek b\u0142yskawiczny po przeciwnej stronie.<\/p>\n<p>Materia\u0142: sk\u00f3ra 100%<\/p>\n<p>Kolor: czarny<br \/>\nWz\u00f3r: ozdobny zamek b\u0142yskawiczny<br \/>\nRozmiar: 41<\/p>","protected":false},"excerpt":{"rendered":"<table class=\"dv_characteristicsTable\">\n<tbody>\n<tr>\n<td class=\"left\">Rozmiar<\/td>\n<td>41<\/td>\n<\/tr>\n<tr>\n<td class=\"left\">Kolor<\/td>\n<td>schwarz<\/td>\n<\/tr>\n<tr>\n<td class=\"left\">Materia\u0142 cholewki<\/td>\n<td>Sk\u00f3ra<\/td>\n<\/tr>\n<tr>\n<td class=\"left\">Innenmaterial<\/td>\n<td>Warmfutter<\/td>\n<\/tr>\n<tr>\n<td class=\"left\">Stil<\/td>\n<td>klassisch<\/td>\n<\/tr>\n<tr>\n<td class=\"left\">Besondere Merkmale<\/td>\n<td>Dekorei\u00dfverschluss<\/td>\n<\/tr>\n<tr>\n<td class=\"left\">Verschluss<\/td>\n<td>Zamek b\u0142yskawiczny<\/td>\n<\/tr>\n<tr>\n<td class=\"left\">Absatzart<\/td>\n<td>Blockabsatz<\/td>\n<\/tr>\n<tr>\n<td class=\"left\">Schuhspitze<\/td>\n<td>rund<\/td>\n<\/tr>\n<tr>\n<td class=\"left\">Innensohlenmaterial<\/td>\n<td>Tekstylia<\/td>\n<\/tr>\n<tr>\n<td class=\"left\">Innensohleneigenschaften<\/td>\n<td>nicht herausnehmbar<\/td>\n<\/tr>\n<tr>\n<td class=\"left\">Laufsohlenmaterial<\/td>\n<td>Syntetyczny<\/td>\n<\/tr>\n<tr>\n<td class=\"left\">Laufsohlenprofil<\/td>\n<td>profiliert<\/td>\n<\/tr>\n<tr>\n<td class=\"left\">Schuhweite<\/td>\n<td>normal<\/td>\n<\/tr>\n<\/tbody>\n<\/table>\n<div class=\"pl_text-expander pl_copy100 pdp_details__text-expander js_pdp_details__text-expander pl_text-expander--has-more pl_text-expander--expanded\" lang=\"de\"><\/div>","protected":false},"featured_media":83449,"comment_status":"open","ping_status":"closed","template":"","meta":{"_seopress_robots_primary_cat":"","_seopress_titles_title":"","_seopress_titles_desc":"","_seopress_robots_index":""},"product_brand":[],"product_cat":[1348,1360,1385,1482],"product_tag":[],"class_list":{"0":"post-83387","1":"product","2":"type-product","3":"status-publish","4":"has-post-thumbnail","6":"product_cat-damen-mode","7":"product_cat-schuhe","8":"product_cat-stiefel","9":"product_cat-chelsea-boots","10":"product_shipping_class-standard-versand","12":"first","13":"instock","14":"sale","15":"taxable","16":"shipping-taxable","17":"purchasable","18":"product-type-simple"},"_links":{"self":[{"href":"https:\/\/www.soanam.de\/pl\/wp-json\/wp\/v2\/product\/83387","targetHints":{"allow":["GET"]}}],"collection":[{"href":"https:\/\/www.soanam.de\/pl\/wp-json\/wp\/v2\/product"}],"about":[{"href":"https:\/\/www.soanam.de\/pl\/wp-json\/wp\/v2\/types\/product"}],"replies":[{"embeddable":true,"href":"https:\/\/www.soanam.de\/pl\/wp-json\/wp\/v2\/comments?post=83387"}],"wp:featuredmedia":[{"embeddable":true,"href":"https:\/\/www.soanam.de\/pl\/wp-json\/wp\/v2\/media\/83449"}],"wp:attachment":[{"href":"https:\/\/www.soanam.de\/pl\/wp-json\/wp\/v2\/media?parent=83387"}],"wp:term":[{"taxonomy":"product_brand","embeddable":true,"href":"https:\/\/www.soanam.de\/pl\/wp-json\/wp\/v2\/product_brand?post=83387"},{"taxonomy":"product_cat","embeddable":true,"href":"https:\/\/www.soanam.de\/pl\/wp-json\/wp\/v2\/product_cat?post=83387"},{"taxonomy":"product_tag","embeddable":true,"href":"https:\/\/www.soanam.de\/pl\/wp-json\/wp\/v2\/product_tag?post=83387"}],"curies":[{"name":"wp","href":"https:\/\/api.w.org\/{rel}","templated":true}]}}