{"id":83273,"date":"2023-12-16T05:05:48","date_gmt":"2023-12-16T04:05:48","guid":{"rendered":"https:\/\/www.soanam.de\/?post_type=product&#038;p=83273"},"modified":"2023-12-17T01:42:05","modified_gmt":"2023-12-17T00:42:05","slug":"adidas-x-disney-t-shirt-minnie-mouse-w-kolorze-bialym-rozmiar-128","status":"publish","type":"product","link":"https:\/\/www.soanam.de\/pl\/produkt\/adidas-x-disney-t-shirt-minnie-mouse-in-weiss-gr-128\/","title":{"rendered":"Koszulka adidas x Disney Myszka Minnie, bia\u0142a, rozmiar 128"},"content":{"rendered":"<p>Koszulka adidas Performance<br \/>\nZaprojektowany we wsp\u00f3\u0142pracy z Disney<br \/>\nZ dekoltem w szpic<br \/>\nKr\u00f3tki r\u0119kaw<br \/>\n\u015acis\u0142e dopasowanie<br \/>\nNadruk Myszki Minnie i logo marki<br \/>\n3 paski<\/p>\n<p>Mocna koszulka marki Adidas dla dzieci we wsp\u00f3\u0142pracy z Disneyem.<br \/>\nMa dekolt w kszta\u0142cie litery V, kr\u00f3tkie r\u0119kawy i przylega do sylwetki.<br \/>\nCharakterystyczne 3 paski i logo marki sprawiaj\u0105, \u017ce jest on niepowtarzalny, a du\u017cy nadruk Myszki Minnie jest niew\u0105tpliwym znakiem zaanga\u017cowania Disneya.<br \/>\nTo po prostu sprawia, \u017ce sport jest jeszcze przyjemniejszy.<\/p>\n<p>Materia\u0142: bawe\u0142na 100%<br \/>\nWskaz\u00f3wki dotycz\u0105ce piel\u0119gnacji: Pra\u0107 w pralce<\/p>\n<p>Kolor: bia\u0142y<br \/>\nWz\u00f3r: Myszka Minnie<br \/>\nRozmiar: 128<\/p>\n<p>Szeroko\u015b\u0107 ramion: 37 cm<br \/>\nSzeroko\u015b\u0107 klatki piersiowej: 78 cm<br \/>\nD\u0142ugo\u015b\u0107 r\u0119kawa: 15 cm<br \/>\nCa\u0142kowita d\u0142ugo\u015b\u0107: 62 cm<\/p>\n<p>&nbsp;<\/p>\n<p>Jest to zwrot od klienta bez etykiety.<\/p>","protected":false},"excerpt":{"rendered":"<table class=\"dv_characteristicsTable\">\n<tbody>\n<tr>\n<td class=\"left\">Rozmiar<\/td>\n<td>128<\/td>\n<\/tr>\n<tr>\n<td class=\"left\">Sk\u0142ad materia\u0142u<\/td>\n<td>100% Bawe\u0142na<\/td>\n<\/tr>\n<tr>\n<td class=\"left\">Materialart<\/td>\n<td>Jersey<\/td>\n<\/tr>\n<tr>\n<td class=\"left\">Materialeigenschaften<\/td>\n<td>elastisch<\/td>\n<\/tr>\n<tr>\n<td class=\"left\">Instrukcje dotycz\u0105ce piel\u0119gnacji<\/td>\n<td>Pranie w pralce<\/td>\n<\/tr>\n<tr>\n<td class=\"left\">Optik<\/td>\n<td>mit Druck<\/td>\n<\/tr>\n<tr>\n<td class=\"left\">Kolor<\/td>\n<td>wei\u00df<\/td>\n<\/tr>\n<tr>\n<td class=\"left\">\u00c4rmel<\/td>\n<td>Kr\u00f3tki r\u0119kaw<\/td>\n<\/tr>\n<tr>\n<td class=\"left\">Merkmal<\/td>\n<td>Minnie Mouse<\/td>\n<\/tr>\n<\/tbody>\n<\/table>","protected":false},"featured_media":83426,"comment_status":"open","ping_status":"closed","template":"","meta":{"_seopress_robots_primary_cat":"","_seopress_titles_title":"","_seopress_titles_desc":"","_seopress_robots_index":""},"product_brand":[],"product_cat":[1351,1425,1426],"product_tag":[],"class_list":{"0":"post-83273","1":"product","2":"type-product","3":"status-publish","4":"has-post-thumbnail","6":"product_cat-kindermode","7":"product_cat-shirts-kindermode","8":"product_cat-t-shirts","9":"product_shipping_class-standard-versand","11":"first","12":"instock","13":"sale","14":"taxable","15":"shipping-taxable","16":"purchasable","17":"product-type-simple"},"_links":{"self":[{"href":"https:\/\/www.soanam.de\/pl\/wp-json\/wp\/v2\/product\/83273","targetHints":{"allow":["GET"]}}],"collection":[{"href":"https:\/\/www.soanam.de\/pl\/wp-json\/wp\/v2\/product"}],"about":[{"href":"https:\/\/www.soanam.de\/pl\/wp-json\/wp\/v2\/types\/product"}],"replies":[{"embeddable":true,"href":"https:\/\/www.soanam.de\/pl\/wp-json\/wp\/v2\/comments?post=83273"}],"wp:featuredmedia":[{"embeddable":true,"href":"https:\/\/www.soanam.de\/pl\/wp-json\/wp\/v2\/media\/83426"}],"wp:attachment":[{"href":"https:\/\/www.soanam.de\/pl\/wp-json\/wp\/v2\/media?parent=83273"}],"wp:term":[{"taxonomy":"product_brand","embeddable":true,"href":"https:\/\/www.soanam.de\/pl\/wp-json\/wp\/v2\/product_brand?post=83273"},{"taxonomy":"product_cat","embeddable":true,"href":"https:\/\/www.soanam.de\/pl\/wp-json\/wp\/v2\/product_cat?post=83273"},{"taxonomy":"product_tag","embeddable":true,"href":"https:\/\/www.soanam.de\/pl\/wp-json\/wp\/v2\/product_tag?post=83273"}],"curies":[{"name":"wp","href":"https:\/\/api.w.org\/{rel}","templated":true}]}}