{"id":83238,"date":"2023-12-16T05:02:33","date_gmt":"2023-12-16T04:02:33","guid":{"rendered":"https:\/\/www.soanam.de\/?post_type=product&#038;p=83238"},"modified":"2023-12-17T01:39:15","modified_gmt":"2023-12-17T00:39:15","slug":"vero-moda-shirtbluse-vmboca-in-rauchblau-gr-xl","status":"publish","type":"product","link":"https:\/\/www.soanam.de\/pl\/produkt\/vero-moda-shirtbluse-vmboca-in-rauchblau-gr-xl\/","title":{"rendered":"Bluzka koszulowa Vero Moda VMBOCA, w kolorze dymnego b\u0142\u0119kitu, rozmiar XL"},"content":{"rendered":"<p>Shirtbluse von Vero Moda<br \/>\nZszyte brzegi<br \/>\nCi\u0119cie proste<br \/>\nLeichter Stoff<br \/>\nSzwy ton w ton<\/p>\n<p>Tolles Blusenshirt aus leichter Viskose, unifarben, kragenlos, in normaler L\u00e4nge, normaler Passform, mit Viertelarm.<br \/>\nDas Blusenshirt hat einen leichten, k\u00fchlen Griff, Ton-in-Ton-N\u00e4hte und einen abgesteppten Saum.<br \/>\nEs ist einfach schlicht und schick.<\/p>\n<p>Materia\u0142: wiskoza 100%<br \/>\nWskaz\u00f3wki dotycz\u0105ce piel\u0119gnacji: Pra\u0107 w pralce<\/p>\n<p>Farbe: rauchblau<br \/>\nWz\u00f3r: bez<br \/>\nRozmiar: XL<\/p>\n<p>Szeroko\u015b\u0107 ramion: 37 cm<br \/>\nSzeroko\u015b\u0107 klatki piersiowej: 104 cm<br \/>\nD\u0142ugo\u015b\u0107 r\u0119kawa: 13 cm<br \/>\nCa\u0142kowita d\u0142ugo\u015b\u0107: 73 cm<\/p>\n<p>&nbsp;<\/p>\n<p>Jest to zwrot od klienta bez etykiety.<\/p>","protected":false},"excerpt":{"rendered":"<table class=\"dv_characteristicsTable\">\n<tbody>\n<tr>\n<td class=\"left\">Rozmiar<\/td>\n<td>XL<\/td>\n<\/tr>\n<tr>\n<td class=\"left\">Sk\u0142ad materia\u0142u<\/td>\n<td>100% Wiskoza<\/td>\n<\/tr>\n<tr>\n<td class=\"left\">Materialart<\/td>\n<td>nieznany<\/td>\n<\/tr>\n<tr>\n<td class=\"left\">Materialeigenschaften<\/td>\n<td>nicht elastisch<\/td>\n<\/tr>\n<tr>\n<td class=\"left\">Instrukcje dotycz\u0105ce piel\u0119gnacji<\/td>\n<td>Pranie w pralce<\/td>\n<\/tr>\n<tr>\n<td class=\"left\">Optik<\/td>\n<td>einfarbig<\/td>\n<\/tr>\n<tr>\n<td class=\"left\">Kolor<\/td>\n<td>przydymiony niebieski<\/td>\n<\/tr>\n<tr>\n<td class=\"left\">\u00c4rmel<\/td>\n<td>Viertelarm<\/td>\n<\/tr>\n<tr>\n<td class=\"left\">Besondere Merkmale<\/td>\n<td>Szwy ton w ton<\/td>\n<\/tr>\n<\/tbody>\n<\/table>","protected":false},"featured_media":83400,"comment_status":"open","ping_status":"closed","template":"","meta":{"_seopress_robots_primary_cat":"","_seopress_titles_title":"","_seopress_titles_desc":"","_seopress_robots_index":""},"product_brand":[],"product_cat":[1348,1414,1536],"product_tag":[],"class_list":{"0":"post-83238","1":"product","2":"type-product","3":"status-publish","4":"has-post-thumbnail","6":"product_cat-damen-mode","7":"product_cat-blusen","8":"product_cat-kurzarm-blusen","9":"product_shipping_class-standard-versand","11":"first","12":"instock","13":"sale","14":"taxable","15":"shipping-taxable","16":"purchasable","17":"product-type-simple"},"_links":{"self":[{"href":"https:\/\/www.soanam.de\/pl\/wp-json\/wp\/v2\/product\/83238","targetHints":{"allow":["GET"]}}],"collection":[{"href":"https:\/\/www.soanam.de\/pl\/wp-json\/wp\/v2\/product"}],"about":[{"href":"https:\/\/www.soanam.de\/pl\/wp-json\/wp\/v2\/types\/product"}],"replies":[{"embeddable":true,"href":"https:\/\/www.soanam.de\/pl\/wp-json\/wp\/v2\/comments?post=83238"}],"wp:featuredmedia":[{"embeddable":true,"href":"https:\/\/www.soanam.de\/pl\/wp-json\/wp\/v2\/media\/83400"}],"wp:attachment":[{"href":"https:\/\/www.soanam.de\/pl\/wp-json\/wp\/v2\/media?parent=83238"}],"wp:term":[{"taxonomy":"product_brand","embeddable":true,"href":"https:\/\/www.soanam.de\/pl\/wp-json\/wp\/v2\/product_brand?post=83238"},{"taxonomy":"product_cat","embeddable":true,"href":"https:\/\/www.soanam.de\/pl\/wp-json\/wp\/v2\/product_cat?post=83238"},{"taxonomy":"product_tag","embeddable":true,"href":"https:\/\/www.soanam.de\/pl\/wp-json\/wp\/v2\/product_tag?post=83238"}],"curies":[{"name":"wp","href":"https:\/\/api.w.org\/{rel}","templated":true}]}}