{"id":83186,"date":"2023-12-16T04:58:11","date_gmt":"2023-12-16T03:58:11","guid":{"rendered":"https:\/\/www.soanam.de\/?post_type=product&#038;p=83186"},"modified":"2023-12-17T01:30:58","modified_gmt":"2023-12-17T00:30:58","slug":"aniston-casual-skinny-fit-jeans-z-efektem-zniszczenia-w-kolorze-niebieskim-rozmiar-40","status":"publish","type":"product","link":"https:\/\/www.soanam.de\/pl\/produkt\/aniston-casual-skinny-fit-jeans-mit-destroyed-effekt-in-blue-used-gr-40\/","title":{"rendered":"D\u017cinsy Aniston CASUAL skinny-fit z efektem zniszczenia, w kolorze niebieskim, rozmiar 40"},"content":{"rendered":"<p>Damenjeans von Aniston aus superelastischem Denim<br \/>\nIn used Waschung mit Destroyed-Effekten<br \/>\n5 kieszeni<br \/>\nSehr figurbetonende Passform<\/p>\n<p>Die super elastische Jeans von Aniston CASUAL.<br \/>\nUsed Waschung und Destroyed-Effekte machen das besondere Etwas an dieser super bequemen Slimfit Jeans aus.<br \/>\nSie ist sehr figurbetont.<\/p>\n<p>Materia\u0142: bawe\u0142na 97%, elastan 3%<br \/>\nWskaz\u00f3wki dotycz\u0105ce piel\u0119gnacji: Pra\u0107 w pralce<\/p>\n<p>Farbe: blue used<br \/>\nMuster: destroyed Effekte<br \/>\nRozmiar: 40<\/p>\n<p>Rozmiar talii: 73 cm<br \/>\nH\u00fcftweite: 92cm<br \/>\nD\u0142ugo\u015b\u0107 stopnia: 76 cm<br \/>\nCa\u0142kowita d\u0142ugo\u015b\u0107: 104 cm<\/p>\n<p>&nbsp;<\/p>\n<p>Ten nowy przedmiot jest zwrotem klienta bez etykiety.<\/p>","protected":false},"excerpt":{"rendered":"<table class=\"dv_characteristicsTable\">\n<tbody>\n<tr>\n<td class=\"left\">Rozmiar<\/td>\n<td>40<\/td>\n<\/tr>\n<tr>\n<td class=\"left\">Gr\u00f6\u00dfentyp<\/td>\n<td>Normalgr\u00f6\u00dfen<\/td>\n<\/tr>\n<tr>\n<td class=\"left\">Sk\u0142ad materia\u0142u<\/td>\n<td>97% bawe\u0142na, 3% elastan<\/td>\n<\/tr>\n<tr>\n<td class=\"left\">Materialart<\/td>\n<td>Demim<\/td>\n<\/tr>\n<tr>\n<td class=\"left\">Materialeigenschaften<\/td>\n<td>pflegeleicht<\/td>\n<\/tr>\n<tr>\n<td class=\"left\">Instrukcje dotycz\u0105ce piel\u0119gnacji<\/td>\n<td>Pranie w pralce<\/td>\n<\/tr>\n<tr>\n<td class=\"left\">Optik<\/td>\n<td>destroyed<\/td>\n<\/tr>\n<tr>\n<td class=\"left\">Stil<\/td>\n<td>modisch<\/td>\n<\/tr>\n<tr>\n<td class=\"left\">Kolor<\/td>\n<td>blue used<\/td>\n<\/tr>\n<tr>\n<td class=\"left\">Leibh\u00f6he<\/td>\n<td>normal<\/td>\n<\/tr>\n<tr>\n<td class=\"left\">Dopasowanie<\/td>\n<td>skinny<\/td>\n<\/tr>\n<tr>\n<td class=\"left\">G\u00fcrtelschlaufen<\/td>\n<td>ja<\/td>\n<\/tr>\n<tr>\n<td class=\"left\">Torby<\/td>\n<td>Styl z 5 kieszeniami<\/td>\n<\/tr>\n<tr>\n<td class=\"left\">Verschluss<\/td>\n<td>1-Knopf-Form, Rei\u00dfverschluss<\/td>\n<\/tr>\n<\/tbody>\n<\/table>","protected":false},"featured_media":83326,"comment_status":"open","ping_status":"closed","template":"","meta":{"_seopress_robots_primary_cat":"","_seopress_titles_title":"","_seopress_titles_desc":"","_seopress_robots_index":""},"product_brand":[],"product_cat":[1348,1349,1350,1397],"product_tag":[],"class_list":{"0":"post-83186","1":"product","2":"type-product","3":"status-publish","4":"has-post-thumbnail","6":"product_cat-damen-mode","7":"product_cat-hosen-damen-mode","8":"product_cat-jeans-hosen-damen-mode","9":"product_cat-andere-hosen","10":"product_shipping_class-standard-versand","12":"first","13":"instock","14":"sale","15":"taxable","16":"shipping-taxable","17":"purchasable","18":"product-type-simple"},"_links":{"self":[{"href":"https:\/\/www.soanam.de\/pl\/wp-json\/wp\/v2\/product\/83186","targetHints":{"allow":["GET"]}}],"collection":[{"href":"https:\/\/www.soanam.de\/pl\/wp-json\/wp\/v2\/product"}],"about":[{"href":"https:\/\/www.soanam.de\/pl\/wp-json\/wp\/v2\/types\/product"}],"replies":[{"embeddable":true,"href":"https:\/\/www.soanam.de\/pl\/wp-json\/wp\/v2\/comments?post=83186"}],"wp:featuredmedia":[{"embeddable":true,"href":"https:\/\/www.soanam.de\/pl\/wp-json\/wp\/v2\/media\/83326"}],"wp:attachment":[{"href":"https:\/\/www.soanam.de\/pl\/wp-json\/wp\/v2\/media?parent=83186"}],"wp:term":[{"taxonomy":"product_brand","embeddable":true,"href":"https:\/\/www.soanam.de\/pl\/wp-json\/wp\/v2\/product_brand?post=83186"},{"taxonomy":"product_cat","embeddable":true,"href":"https:\/\/www.soanam.de\/pl\/wp-json\/wp\/v2\/product_cat?post=83186"},{"taxonomy":"product_tag","embeddable":true,"href":"https:\/\/www.soanam.de\/pl\/wp-json\/wp\/v2\/product_tag?post=83186"}],"curies":[{"name":"wp","href":"https:\/\/api.w.org\/{rel}","templated":true}]}}