{"id":83182,"date":"2023-12-16T04:58:09","date_gmt":"2023-12-16T03:58:09","guid":{"rendered":"https:\/\/www.soanam.de\/?post_type=product&#038;p=83182"},"modified":"2023-12-17T01:28:20","modified_gmt":"2023-12-17T00:28:20","slug":"spodnie-robocze-north-country-z-pasem-z-cordury-w-kolorze-czarnym-rozmiar-60","status":"publish","type":"product","link":"https:\/\/www.soanam.de\/pl\/produkt\/northern-country-arbeitshose-mit-corduraverstaerkungen-in-schwarz-gr-60\/","title":{"rendered":"Spodnie robocze Northern Country ze wzmocnieniami z Cordury\u00ae, w kolorze czarnym, rozmiar 60"},"content":{"rendered":"<p>Spodnie robocze od Northern Country<br \/>\nWzmocnienia z Cordury\u00ae na kolanach<br \/>\nCordura\u00ae na tylnej i bocznych kieszeniach, \u0142\u0105cznie 9 kieszeni<br \/>\nPotr\u00f3jny szew wewn\u0119trzny dla wi\u0119kszej trwa\u0142o\u015bci<br \/>\nPraktyczny zamek b\u0142yskawiczny z wentylacj\u0105<br \/>\nWiele punkt\u00f3w blokowania w punktach obci\u0105\u017cenia<\/p>\n<p>Wytrzyma\u0142e materia\u0142y i przemy\u015blana konstrukcja - to w\u0142a\u015bnie spodnie NORTHERN COUNTRY.<br \/>\nPosiadaj\u0105 wzmocnienia z Cordury\u00ae w okolicy kolan, na tylnych kieszeniach, na kieszeniach cargo i na linijk\u0119 oraz na ko\u0144cach nogawek.<br \/>\nPotr\u00f3jny wewn\u0119trzny szew nogawki i wiele punkt\u00f3w blokuj\u0105cych w punktach napr\u0119\u017cenia zapewniaj\u0105 wi\u0119ksz\u0105 trwa\u0142o\u015b\u0107, a elastyczny pas zapewnia dobre dopasowanie nawet podczas schylania si\u0119.<br \/>\nDzi\u0119ki praktycznemu zamkowi b\u0142yskawicznemu mo\u017cesz sam zdecydowa\u0107, kiedy zrobi si\u0119 troch\u0119 bardziej wietrznie.<\/p>\n<p>Materia\u0142: poliester 65% i bawe\u0142na 35%<br \/>\nWskaz\u00f3wki dotycz\u0105ce piel\u0119gnacji: Pra\u0107 w pralce<\/p>\n<p>Kolor: czarny<br \/>\nWz\u00f3r: bez<br \/>\nRozmiar: 60<\/p>\n<p>Rozmiar talii: 113 cm<br \/>\nSzeroko\u015b\u0107 w biodrach: 1324 cm<br \/>\nD\u0142ugo\u015b\u0107 stopnia: 82 cm<br \/>\nCa\u0142kowita d\u0142ugo\u015b\u0107: 119 cm<\/p>","protected":false},"excerpt":{"rendered":"<table class=\"dv_characteristicsTable\">\n<tbody>\n<tr>\n<td class=\"left\">Rozmiar<\/td>\n<td>60<\/td>\n<\/tr>\n<tr>\n<td class=\"left\">Gr\u00f6\u00dfentyp<\/td>\n<td>Normalgr\u00f6\u00dfen<\/td>\n<\/tr>\n<tr>\n<td class=\"left\">Sk\u0142ad materia\u0142u<\/td>\n<td>Obermaterial: 65% Polyester, 35% Baumwolle<\/td>\n<\/tr>\n<tr>\n<td class=\"left\">Herstellertechnologien<\/td>\n<td>Cordura<\/td>\n<\/tr>\n<tr>\n<td class=\"left\">Instrukcje dotycz\u0105ce piel\u0119gnacji<\/td>\n<td>Pranie w pralce<\/td>\n<\/tr>\n<tr>\n<td class=\"left\">Kolor<\/td>\n<td>schwarz-hellgrau<\/td>\n<\/tr>\n<tr>\n<td class=\"left\">Bundabschluss<\/td>\n<td>elastischer Bund<\/td>\n<\/tr>\n<tr>\n<td class=\"left\">Torby<\/td>\n<td>Ges\u00e4\u00dftaschen, Handytasche, Zollstocktasche<\/td>\n<\/tr>\n<tr>\n<td class=\"left\">Verschluss<\/td>\n<td>Knopf, Rei\u00dfverschluss<\/td>\n<\/tr>\n<tr>\n<td class=\"left\">Besondere Merkmale<\/td>\n<td>mit Cordura\u00aeVerst\u00e4rkungen und Rei\u00dfverschlussbel\u00fcftung mit 9 Taschen<\/td>\n<\/tr>\n<\/tbody>\n<\/table>","protected":false},"featured_media":83302,"comment_status":"open","ping_status":"closed","template":"","meta":{"_seopress_robots_primary_cat":"","_seopress_titles_title":"","_seopress_titles_desc":"","_seopress_robots_index":""},"product_brand":[],"product_cat":[1345,1346,1723],"product_tag":[],"class_list":{"0":"post-83182","1":"product","2":"type-product","3":"status-publish","4":"has-post-thumbnail","6":"product_cat-herrenmode","7":"product_cat-hosen","8":"product_cat-arbeitshosen","9":"product_shipping_class-standard-versand","11":"first","12":"instock","13":"taxable","14":"shipping-taxable","15":"purchasable","16":"product-type-simple"},"_links":{"self":[{"href":"https:\/\/www.soanam.de\/pl\/wp-json\/wp\/v2\/product\/83182","targetHints":{"allow":["GET"]}}],"collection":[{"href":"https:\/\/www.soanam.de\/pl\/wp-json\/wp\/v2\/product"}],"about":[{"href":"https:\/\/www.soanam.de\/pl\/wp-json\/wp\/v2\/types\/product"}],"replies":[{"embeddable":true,"href":"https:\/\/www.soanam.de\/pl\/wp-json\/wp\/v2\/comments?post=83182"}],"wp:featuredmedia":[{"embeddable":true,"href":"https:\/\/www.soanam.de\/pl\/wp-json\/wp\/v2\/media\/83302"}],"wp:attachment":[{"href":"https:\/\/www.soanam.de\/pl\/wp-json\/wp\/v2\/media?parent=83182"}],"wp:term":[{"taxonomy":"product_brand","embeddable":true,"href":"https:\/\/www.soanam.de\/pl\/wp-json\/wp\/v2\/product_brand?post=83182"},{"taxonomy":"product_cat","embeddable":true,"href":"https:\/\/www.soanam.de\/pl\/wp-json\/wp\/v2\/product_cat?post=83182"},{"taxonomy":"product_tag","embeddable":true,"href":"https:\/\/www.soanam.de\/pl\/wp-json\/wp\/v2\/product_tag?post=83182"}],"curies":[{"name":"wp","href":"https:\/\/api.w.org\/{rel}","templated":true}]}}