{"id":83180,"date":"2023-12-16T04:58:09","date_gmt":"2023-12-16T03:58:09","guid":{"rendered":"https:\/\/www.soanam.de\/?post_type=product&#038;p=83180"},"modified":"2023-12-16T05:07:18","modified_gmt":"2023-12-16T04:07:18","slug":"g-star-raw-3d-utility-high-loose-crop-pant-w-kolorze-granatowym-rozmiar-28","status":"publish","type":"product","link":"https:\/\/www.soanam.de\/pl\/produkt\/g-star-raw-3d-utility-high-loose-crop-pant-in-marineblau-gr-28\/","title":{"rendered":"G-Star Raw 3D Utility High Loose Crop Pant, kolor granatowy, rozmiar 28"},"content":{"rendered":"<p>Spodnie 7\/8 od G-Star<\/p>\n<p>Wysoki pas<br \/>\nSta\u0142y szew po wewn\u0119trznej stronie kolana<br \/>\nPodwini\u0119ty d\u00f3\u0142 nogawki<br \/>\nWsuwana kiesze\u0144, kiesze\u0144 na udzie, kieszenie w dolnej cz\u0119\u015bci nogawki i tylna kiesze\u0144 z klapk\u0105<br \/>\nzamek b\u0142yskawiczny - sznurek<\/p>\n<p>Spodnie 3D Utility Crop z wysokim stanem od G-Star oferuj\u0105 szeroki kr\u00f3j.<br \/>\nTkany sznurek jest przymocowany do wysokiej talii.<br \/>\nNa \u015brodku z przodu znajduje si\u0119 ukryty zamek b\u0142yskawiczny i klapa z ukrytym zatrzaskiem.<br \/>\nKieszenie wpuszczane s\u0105 po\u0142\u0105czone z g\u0142\u0119bokimi kieszeniami z klapk\u0105 w dolnej cz\u0119\u015bci nogawek.<br \/>\nZ ty\u0142u uda znajduje si\u0119 kolejna kiesze\u0144 z klapk\u0105.<br \/>\nLu\u017ane, lekkie spodnie maj\u0105 d\u0142ugo\u015b\u0107 midi i naturalnie posiadaj\u0105 typowe logo marki.<\/p>\n<p>Materia\u0142: bawe\u0142na 100%<br \/>\nWskaz\u00f3wki dotycz\u0105ce piel\u0119gnacji: Pra\u0107 w pralce<\/p>\n<p>Kolor: granatowy<br \/>\nWz\u00f3r: bez<br \/>\nRozmiar: 28<\/p>\n<p>Rozmiar talii: 82 cm<br \/>\nSzeroko\u015b\u0107 w biodrach: 108 cm<br \/>\nD\u0142ugo\u015b\u0107 stopnia: 59 cm<br \/>\nCa\u0142kowita d\u0142ugo\u015b\u0107: 92 cm<\/p>\n<p>&nbsp;<\/p>\n<p>Ten nowy przedmiot jest zwrotem klienta bez etykiety.<\/p>","protected":false},"excerpt":{"rendered":"<table class=\"dv_characteristicsTable\">\n<tbody>\n<tr>\n<td class=\"left\">Rozmiar<\/td>\n<td>28<\/td>\n<\/tr>\n<tr>\n<td class=\"left\">Gr\u00f6\u00dfentyp<\/td>\n<td>Normalgr\u00f6\u00dfen<\/td>\n<\/tr>\n<tr>\n<td class=\"left\">Sk\u0142ad materia\u0142u<\/td>\n<td>100% Bawe\u0142na<\/td>\n<\/tr>\n<tr>\n<td class=\"left\">Materialart<\/td>\n<td>Popelin<\/td>\n<\/tr>\n<tr>\n<td class=\"left\">Materialeigenschaften<\/td>\n<td>pflegeleicht<\/td>\n<\/tr>\n<tr>\n<td class=\"left\">Instrukcje dotycz\u0105ce piel\u0119gnacji<\/td>\n<td>Pranie w pralce<\/td>\n<\/tr>\n<tr>\n<td class=\"left\">Optik<\/td>\n<td>unifarben<\/td>\n<\/tr>\n<tr>\n<td class=\"left\">Stil<\/td>\n<td>modisch<\/td>\n<\/tr>\n<tr>\n<td class=\"left\">Kolor<\/td>\n<td>marineblau<\/td>\n<\/tr>\n<tr>\n<td class=\"left\">Leibh\u00f6he<\/td>\n<td>hoch<\/td>\n<\/tr>\n<tr>\n<td class=\"left\">Dopasowanie<\/td>\n<td>weit<\/td>\n<\/tr>\n<tr>\n<td class=\"left\">G\u00fcrtelschlaufen<\/td>\n<td>nein<\/td>\n<\/tr>\n<tr>\n<td class=\"left\">Torby<\/td>\n<td>6<\/td>\n<\/tr>\n<tr>\n<td class=\"left\">Verschluss<\/td>\n<td>verdeckt<\/td>\n<\/tr>\n<\/tbody>\n<\/table>","protected":false},"featured_media":83288,"comment_status":"open","ping_status":"closed","template":"","meta":{"_seopress_robots_primary_cat":"","_seopress_titles_title":"","_seopress_titles_desc":"","_seopress_robots_index":""},"product_brand":[],"product_cat":[1348,1349,1397,1433],"product_tag":[],"class_list":{"0":"post-83180","1":"product","2":"type-product","3":"status-publish","4":"has-post-thumbnail","6":"product_cat-damen-mode","7":"product_cat-hosen-damen-mode","8":"product_cat-andere-hosen","9":"product_cat-7-8-hosen","10":"product_shipping_class-standard-versand","12":"first","13":"instock","14":"sale","15":"taxable","16":"shipping-taxable","17":"purchasable","18":"product-type-simple"},"_links":{"self":[{"href":"https:\/\/www.soanam.de\/pl\/wp-json\/wp\/v2\/product\/83180","targetHints":{"allow":["GET"]}}],"collection":[{"href":"https:\/\/www.soanam.de\/pl\/wp-json\/wp\/v2\/product"}],"about":[{"href":"https:\/\/www.soanam.de\/pl\/wp-json\/wp\/v2\/types\/product"}],"replies":[{"embeddable":true,"href":"https:\/\/www.soanam.de\/pl\/wp-json\/wp\/v2\/comments?post=83180"}],"wp:featuredmedia":[{"embeddable":true,"href":"https:\/\/www.soanam.de\/pl\/wp-json\/wp\/v2\/media\/83288"}],"wp:attachment":[{"href":"https:\/\/www.soanam.de\/pl\/wp-json\/wp\/v2\/media?parent=83180"}],"wp:term":[{"taxonomy":"product_brand","embeddable":true,"href":"https:\/\/www.soanam.de\/pl\/wp-json\/wp\/v2\/product_brand?post=83180"},{"taxonomy":"product_cat","embeddable":true,"href":"https:\/\/www.soanam.de\/pl\/wp-json\/wp\/v2\/product_cat?post=83180"},{"taxonomy":"product_tag","embeddable":true,"href":"https:\/\/www.soanam.de\/pl\/wp-json\/wp\/v2\/product_tag?post=83180"}],"curies":[{"name":"wp","href":"https:\/\/api.w.org\/{rel}","templated":true}]}}