{"id":83179,"date":"2023-12-16T04:58:08","date_gmt":"2023-12-16T03:58:08","guid":{"rendered":"https:\/\/www.soanam.de\/?post_type=product&#038;p=83179"},"modified":"2023-12-16T05:06:37","modified_gmt":"2023-12-16T04:06:37","slug":"tommy-hilfiger-elastyczne-bawelniane-chinosy-w-kolorze-galaxy-black-gr-l","status":"publish","type":"product","link":"https:\/\/www.soanam.de\/pl\/produkt\/tommy-hilfiger-chinos-aus-stretch-baumwolle-in-galaxy-black-gr-l\/","title":{"rendered":"Chinosy Tommy Hilfiger z elastycznej bawe\u0142ny, w kolorze Galaxy Black, rozmiar L"},"content":{"rendered":"<p>Spodnie chino od Tommy Hilfiger<br \/>\nRozci\u0105gliwa bawe\u0142na<br \/>\nTechnologia Tommy Hilfiger Flex<br \/>\nZapi\u0119cie na zamek b\u0142yskawiczny z dwoma guzikami<br \/>\ndwie kieszenie ze \u015bci\u0105gaczem na biodrach<br \/>\ndwie tylne kieszenie zapinane na guziki<br \/>\nwyszywana flaga Tommy Hilfiger nad tyln\u0105 kieszeni\u0105<\/p>\n<p>Te chinosy wyr\u00f3\u017cniaj\u0105 si\u0119 elastycznym streczem, jedwabist\u0105 mi\u0119kko\u015bci\u0105 w dotyku i subtelnym logo Tommy Hilfiger.<br \/>\nW\u0105ski kr\u00f3j spodni dobrze przylega do cia\u0142a i podkre\u015bla nogi.<\/p>\n<p>Materia\u0142: bawe\u0142na 98%, elastan 2%<br \/>\nWskaz\u00f3wki dotycz\u0105ce piel\u0119gnacji: Pra\u0107 w pralce<\/p>\n<p>Kolor: czarny<br \/>\nWz\u00f3r: bez<br \/>\nRozmiar: L<\/p>\n<p>Rozmiar talii: 85 cm<br \/>\nSzeroko\u015b\u0107 w biodrach: 105 cm<br \/>\nD\u0142ugo\u015b\u0107 stopnia: 86 cm<br \/>\nCa\u0142kowita d\u0142ugo\u015b\u0107: 114 cm<\/p>\n<p>&nbsp;<\/p>","protected":false},"excerpt":{"rendered":"<table class=\"dv_characteristicsTable\">\n<tbody>\n<tr>\n<td class=\"left\">Rozmiar<\/td>\n<td>L<\/td>\n<\/tr>\n<tr>\n<td class=\"left\">Gr\u00f6\u00dfentyp<\/td>\n<td>Normalgr\u00f6\u00dfen<\/td>\n<\/tr>\n<tr>\n<td class=\"left\">Sk\u0142ad materia\u0142u<\/td>\n<td>98% bawe\u0142na, 2% elastan<\/td>\n<\/tr>\n<tr>\n<td class=\"left\">Materialart<\/td>\n<td>Mieszanka bawe\u0142ny<\/td>\n<\/tr>\n<tr>\n<td class=\"left\">Materialeigenschaften<\/td>\n<td>pflegeleicht<\/td>\n<\/tr>\n<tr>\n<td class=\"left\">Instrukcje dotycz\u0105ce piel\u0119gnacji<\/td>\n<td>Pranie w pralce<\/td>\n<\/tr>\n<tr>\n<td class=\"left\">Optik<\/td>\n<td>unifarben<\/td>\n<\/tr>\n<tr>\n<td class=\"left\">Stil<\/td>\n<td>modisch<\/td>\n<\/tr>\n<tr>\n<td class=\"left\">Kolor<\/td>\n<td>galaxy black<\/td>\n<\/tr>\n<tr>\n<td class=\"left\">Leibh\u00f6he<\/td>\n<td>normal<\/td>\n<\/tr>\n<tr>\n<td class=\"left\">Dopasowanie<\/td>\n<td>slim<\/td>\n<\/tr>\n<tr>\n<td class=\"left\">G\u00fcrtelschlaufen<\/td>\n<td>ja<\/td>\n<\/tr>\n<tr>\n<td class=\"left\">Torby<\/td>\n<td>4<\/td>\n<\/tr>\n<tr>\n<td class=\"left\">Verschluss<\/td>\n<td>2-Knopf und Rei\u00dfverschluss<\/td>\n<\/tr>\n<\/tbody>\n<\/table>","protected":false},"featured_media":83280,"comment_status":"open","ping_status":"closed","template":"","meta":{"_seopress_robots_primary_cat":"","_seopress_titles_title":"","_seopress_titles_desc":"","_seopress_robots_index":""},"product_brand":[],"product_cat":[1345,1346,1464],"product_tag":[],"class_list":{"0":"post-83179","1":"product","2":"type-product","3":"status-publish","4":"has-post-thumbnail","6":"product_cat-herrenmode","7":"product_cat-hosen","8":"product_cat-chinohosen","9":"product_shipping_class-standard-versand","11":"first","12":"instock","13":"sale","14":"taxable","15":"shipping-taxable","16":"purchasable","17":"product-type-simple"},"_links":{"self":[{"href":"https:\/\/www.soanam.de\/pl\/wp-json\/wp\/v2\/product\/83179","targetHints":{"allow":["GET"]}}],"collection":[{"href":"https:\/\/www.soanam.de\/pl\/wp-json\/wp\/v2\/product"}],"about":[{"href":"https:\/\/www.soanam.de\/pl\/wp-json\/wp\/v2\/types\/product"}],"replies":[{"embeddable":true,"href":"https:\/\/www.soanam.de\/pl\/wp-json\/wp\/v2\/comments?post=83179"}],"wp:featuredmedia":[{"embeddable":true,"href":"https:\/\/www.soanam.de\/pl\/wp-json\/wp\/v2\/media\/83280"}],"wp:attachment":[{"href":"https:\/\/www.soanam.de\/pl\/wp-json\/wp\/v2\/media?parent=83179"}],"wp:term":[{"taxonomy":"product_brand","embeddable":true,"href":"https:\/\/www.soanam.de\/pl\/wp-json\/wp\/v2\/product_brand?post=83179"},{"taxonomy":"product_cat","embeddable":true,"href":"https:\/\/www.soanam.de\/pl\/wp-json\/wp\/v2\/product_cat?post=83179"},{"taxonomy":"product_tag","embeddable":true,"href":"https:\/\/www.soanam.de\/pl\/wp-json\/wp\/v2\/product_tag?post=83179"}],"curies":[{"name":"wp","href":"https:\/\/api.w.org\/{rel}","templated":true}]}}