{"id":83177,"date":"2023-12-16T04:58:07","date_gmt":"2023-12-16T03:58:07","guid":{"rendered":"https:\/\/www.soanam.de\/?post_type=product&#038;p=83177"},"modified":"2023-12-16T05:05:45","modified_gmt":"2023-12-16T04:05:45","slug":"tommy-hilfiger-slim-slub-cotton-ankle-pant-in-tuscon-orange-gr-42","status":"publish","type":"product","link":"https:\/\/www.soanam.de\/pl\/produkt\/tommy-hilfiger-slim-slub-cotton-ankle-pant-in-tuscon-orange-gr-42\/","title":{"rendered":"Tommy Hilfiger Slim Slub Cotton Ankle Pant, w kolorze Tuscon Orange, rozmiar 42"},"content":{"rendered":"<p>7\/8 Hose von Tommy Hilfiger<br \/>\nIm klassischen Chino-Stil<br \/>\nGerade Passform mit normaler Leibh\u00f6he<br \/>\nUnifarben, leicht elastisch<\/p>\n<p>Eine Chinohose in 7\/8 L\u00e4nge von Tommy Hilfiger, mit seitlichen Eingrifftaschen, 2 hinteren Taschen, verdeckter Knopf- und Hakenverschluss, Rei\u00dfverschluss aus leicht elastischer Baumwollmischung.<br \/>\nSelbstverst\u00e4ndlich bietet die Hose auch das typische Hilfiger Markenlabel.<\/p>\n<p>Materia\u0142: bawe\u0142na 98%, elastan 2%<br \/>\nWskaz\u00f3wki dotycz\u0105ce piel\u0119gnacji: Pranie r\u0119czne<\/p>\n<p>Farbe: orange<br \/>\nWz\u00f3r: bez<br \/>\nRozmiar: 42<\/p>\n<p>Rozmiar talii: 68 cm<br \/>\nH\u00fcftweite: 80cm<br \/>\nSchrittl\u00e4nge: 67cm<br \/>\nCa\u0142kowita d\u0142ugo\u015b\u0107: 95 cm<\/p>\n<p>&nbsp;<\/p>\n<p>Ten nowy przedmiot jest zwrotem klienta bez etykiety.<\/p>","protected":false},"excerpt":{"rendered":"<table class=\"dv_characteristicsTable\">\n<tbody>\n<tr>\n<td class=\"left\">Rozmiar<\/td>\n<td>42<\/td>\n<\/tr>\n<tr>\n<td class=\"left\">Gr\u00f6\u00dfentyp<\/td>\n<td>Normalgr\u00f6\u00dfen<\/td>\n<\/tr>\n<tr>\n<td class=\"left\">Sk\u0142ad materia\u0142u<\/td>\n<td>98% bawe\u0142na, 2% elastan<\/td>\n<\/tr>\n<tr>\n<td class=\"left\">Materialart<\/td>\n<td>Mieszanka bawe\u0142ny<\/td>\n<\/tr>\n<tr>\n<td class=\"left\">Materialeigenschaften<\/td>\n<td>pflegeleicht<\/td>\n<\/tr>\n<tr>\n<td class=\"left\">Instrukcje dotycz\u0105ce piel\u0119gnacji<\/td>\n<td>Pranie r\u0119czne<\/td>\n<\/tr>\n<tr>\n<td class=\"left\">Optik<\/td>\n<td>unifarben<\/td>\n<\/tr>\n<tr>\n<td class=\"left\">Stil<\/td>\n<td>modisch<\/td>\n<\/tr>\n<tr>\n<td class=\"left\">Kolor<\/td>\n<td>tuscon orange<\/td>\n<\/tr>\n<tr>\n<td class=\"left\">Leibh\u00f6he<\/td>\n<td>normal<\/td>\n<\/tr>\n<tr>\n<td class=\"left\">Dopasowanie<\/td>\n<td>gerade<\/td>\n<\/tr>\n<tr>\n<td class=\"left\">G\u00fcrtelschlaufen<\/td>\n<td>nein<\/td>\n<\/tr>\n<tr>\n<td class=\"left\">Torby<\/td>\n<td>4<\/td>\n<\/tr>\n<tr>\n<td class=\"left\">Verschluss<\/td>\n<td>verdeckt<\/td>\n<\/tr>\n<\/tbody>\n<\/table>","protected":false},"featured_media":83267,"comment_status":"open","ping_status":"closed","template":"","meta":{"_seopress_robots_primary_cat":"","_seopress_titles_title":"","_seopress_titles_desc":"","_seopress_robots_index":""},"product_brand":[],"product_cat":[1348,1349,1397,1433],"product_tag":[],"class_list":{"0":"post-83177","1":"product","2":"type-product","3":"status-publish","4":"has-post-thumbnail","6":"product_cat-damen-mode","7":"product_cat-hosen-damen-mode","8":"product_cat-andere-hosen","9":"product_cat-7-8-hosen","10":"product_shipping_class-standard-versand","12":"first","13":"instock","14":"sale","15":"taxable","16":"shipping-taxable","17":"purchasable","18":"product-type-simple"},"_links":{"self":[{"href":"https:\/\/www.soanam.de\/pl\/wp-json\/wp\/v2\/product\/83177","targetHints":{"allow":["GET"]}}],"collection":[{"href":"https:\/\/www.soanam.de\/pl\/wp-json\/wp\/v2\/product"}],"about":[{"href":"https:\/\/www.soanam.de\/pl\/wp-json\/wp\/v2\/types\/product"}],"replies":[{"embeddable":true,"href":"https:\/\/www.soanam.de\/pl\/wp-json\/wp\/v2\/comments?post=83177"}],"wp:featuredmedia":[{"embeddable":true,"href":"https:\/\/www.soanam.de\/pl\/wp-json\/wp\/v2\/media\/83267"}],"wp:attachment":[{"href":"https:\/\/www.soanam.de\/pl\/wp-json\/wp\/v2\/media?parent=83177"}],"wp:term":[{"taxonomy":"product_brand","embeddable":true,"href":"https:\/\/www.soanam.de\/pl\/wp-json\/wp\/v2\/product_brand?post=83177"},{"taxonomy":"product_cat","embeddable":true,"href":"https:\/\/www.soanam.de\/pl\/wp-json\/wp\/v2\/product_cat?post=83177"},{"taxonomy":"product_tag","embeddable":true,"href":"https:\/\/www.soanam.de\/pl\/wp-json\/wp\/v2\/product_tag?post=83177"}],"curies":[{"name":"wp","href":"https:\/\/api.w.org\/{rel}","templated":true}]}}