{"id":83107,"date":"2023-12-16T04:50:39","date_gmt":"2023-12-16T03:50:39","guid":{"rendered":"https:\/\/www.soanam.de\/?post_type=product&#038;p=83107"},"modified":"2023-12-16T04:53:56","modified_gmt":"2023-12-16T03:53:56","slug":"bruno-banani-gemusterte-bundfaltenhose-aus-jersey-in-schwarz-weiss-gr-42","status":"publish","type":"product","link":"https:\/\/www.soanam.de\/pl\/produkt\/bruno-banani-gemusterte-bundfaltenhose-aus-jersey-in-schwarz-weiss-gr-42\/","title":{"rendered":"Bruno Banani gemusterte Bundfaltenhose aus Jersey, in Schwarz, Wei\u00df, Gr. 42"},"content":{"rendered":"<p>Gemusterte Business-Hose von Bruno Banani<br \/>\nAus bequemen Jersey f\u00fcr den perfekten Sitz<br \/>\nFigurbetonende Passform mit normaler Leibh\u00f6he<br \/>\nZwei Fronttaschen<br \/>\nModische Hosenform in 7\/8 L\u00e4nge<\/p>\n<p>Die Bundfaltenhose von Bruno Banani ist aus bequemen Jersey in schick gemusterter Optik, die sich durch seine angenehmen Trageeigenschaften sowie Farb- und Formbest\u00e4ndigkeit auszeichnet.<br \/>\nDas typische Markenlogo darf nat\u00fcrlich nicht fehlen, vorn und hinten weist die Hose eine fest stehende Falte auf, geschlossen wird sie durch einen Druckknopf und Rei\u00dfverschluss.<\/p>\n<p>Material: 76% Polyester, 20% Viskose, 4% Elasten<br \/>\nWskaz\u00f3wki dotycz\u0105ce piel\u0119gnacji: Pra\u0107 w pralce<\/p>\n<p>Kolor: czarny, bia\u0142y<br \/>\nMuster: K\u00e4stchen<br \/>\nRozmiar: 42<\/p>\n<p>Rozmiar talii: 82 cm<br \/>\nH\u00fcftweite: 98cm<br \/>\nSchrittl\u00e4nge: 65cm<br \/>\nCa\u0142kowita d\u0142ugo\u015b\u0107: 93 cm<\/p>\n<p><span style=\"font-family: -apple-system, BlinkMacSystemFont, 'Segoe UI', Roboto, Oxygen-Sans, Ubuntu, Cantarell, 'Helvetica Neue', sans-serif;\">Ten nowy przedmiot jest zwrotem klienta bez etykiety.<\/span><\/p>","protected":false},"excerpt":{"rendered":"<table class=\"dv_characteristicsTable\">\n<tbody>\n<tr>\n<td class=\"left\">Rozmiar<\/td>\n<td>42<\/td>\n<\/tr>\n<tr>\n<td class=\"left\">Gr\u00f6\u00dfentyp<\/td>\n<td>Normalgr\u00f6\u00dfen<\/td>\n<\/tr>\n<tr>\n<td class=\"left\">Sk\u0142ad materia\u0142u<\/td>\n<td>76% Polyester, 20% Viskose, 4% Elasthan<\/td>\n<\/tr>\n<tr>\n<td class=\"left\">Materialart<\/td>\n<td>Jersey<\/td>\n<\/tr>\n<tr>\n<td class=\"left\">Materialeigenschaften<\/td>\n<td>elastisch<\/td>\n<\/tr>\n<tr>\n<td class=\"left\">Instrukcje dotycz\u0105ce piel\u0119gnacji<\/td>\n<td>Pranie w pralce<\/td>\n<\/tr>\n<tr>\n<td class=\"left\">Optik<\/td>\n<td>gemustert<\/td>\n<\/tr>\n<tr>\n<td class=\"left\">Stil<\/td>\n<td>selegant<\/td>\n<\/tr>\n<tr>\n<td class=\"left\">Kolor<\/td>\n<td>schwarz, wei\u00df<\/td>\n<\/tr>\n<tr>\n<td class=\"left\">Leibh\u00f6he<\/td>\n<td>normal<\/td>\n<\/tr>\n<tr>\n<td class=\"left\">Applikationen<\/td>\n<td>Markenlabel<\/td>\n<\/tr>\n<tr>\n<td class=\"left\">Torby<\/td>\n<td>vorn<\/td>\n<\/tr>\n<tr>\n<td class=\"left\">Verschluss<\/td>\n<td>Druckknopf, Rei\u00dfverschluss<\/td>\n<\/tr>\n<tr>\n<td class=\"left\">Besondere Merkmale<\/td>\n<td>feste B\u00fcgelfalte<\/td>\n<\/tr>\n<\/tbody>\n<\/table>","protected":false},"featured_media":83138,"comment_status":"open","ping_status":"closed","template":"","meta":{"_seopress_robots_primary_cat":"","_seopress_titles_title":"","_seopress_titles_desc":"","_seopress_robots_index":""},"product_brand":[],"product_cat":[1348,1349,1433],"product_tag":[],"class_list":{"0":"post-83107","1":"product","2":"type-product","3":"status-publish","4":"has-post-thumbnail","6":"product_cat-damen-mode","7":"product_cat-hosen-damen-mode","8":"product_cat-7-8-hosen","9":"product_shipping_class-standard-versand","11":"first","12":"instock","13":"sale","14":"taxable","15":"shipping-taxable","16":"purchasable","17":"product-type-simple"},"_links":{"self":[{"href":"https:\/\/www.soanam.de\/pl\/wp-json\/wp\/v2\/product\/83107","targetHints":{"allow":["GET"]}}],"collection":[{"href":"https:\/\/www.soanam.de\/pl\/wp-json\/wp\/v2\/product"}],"about":[{"href":"https:\/\/www.soanam.de\/pl\/wp-json\/wp\/v2\/types\/product"}],"replies":[{"embeddable":true,"href":"https:\/\/www.soanam.de\/pl\/wp-json\/wp\/v2\/comments?post=83107"}],"wp:featuredmedia":[{"embeddable":true,"href":"https:\/\/www.soanam.de\/pl\/wp-json\/wp\/v2\/media\/83138"}],"wp:attachment":[{"href":"https:\/\/www.soanam.de\/pl\/wp-json\/wp\/v2\/media?parent=83107"}],"wp:term":[{"taxonomy":"product_brand","embeddable":true,"href":"https:\/\/www.soanam.de\/pl\/wp-json\/wp\/v2\/product_brand?post=83107"},{"taxonomy":"product_cat","embeddable":true,"href":"https:\/\/www.soanam.de\/pl\/wp-json\/wp\/v2\/product_cat?post=83107"},{"taxonomy":"product_tag","embeddable":true,"href":"https:\/\/www.soanam.de\/pl\/wp-json\/wp\/v2\/product_tag?post=83107"}],"curies":[{"name":"wp","href":"https:\/\/api.w.org\/{rel}","templated":true}]}}