{"id":83093,"date":"2023-12-16T04:49:23","date_gmt":"2023-12-16T03:49:23","guid":{"rendered":"https:\/\/www.soanam.de\/?post_type=product&#038;p=83093"},"modified":"2023-12-16T04:52:50","modified_gmt":"2023-12-16T03:52:50","slug":"yesta-jegginsy-z-galonowymi-paskami-w-kolorze-czarnym-gr-54","status":"publish","type":"product","link":"https:\/\/www.soanam.de\/pl\/produkt\/yesta-jeggings-mit-galonstreifen-in-schwarz-gr-54\/","title":{"rendered":"Jegginsy Yesta z galonowymi paskami, w kolorze czarnym, rozmiar 54"},"content":{"rendered":"<p>Wygodne jegginsy od Yesta<br \/>\nSzeroki elastyczny pas<br \/>\nWskazane kieszenie i zapi\u0119cie na zamek b\u0142yskawiczny<br \/>\n1 tylna kiesze\u0144<br \/>\nModne paski galonowe<\/p>\n<p>Do sportowych stylizacji lub relaksu w domu: Te wygodne jegginsy marki Yesta s\u0105 idealne do ka\u017cdej aktywno\u015bci i zachwyc\u0105 Ci\u0119 mi\u0119kk\u0105 mieszank\u0105 wiskozy.<br \/>\nObcis\u0142e spodnie zapewniaj\u0105 zatem du\u017c\u0105 swobod\u0119 ruch\u00f3w. Te podstawowe legginsy s\u0105 idealne do treningu i relaksu. Szeroki pas sprawia, \u017ce s\u0105 wyj\u0105tkowo wygodne i delikatnie przylegaj\u0105 do bioder.<br \/>\nGalonowy pasek z boku podkre\u015bla wygl\u0105d.<\/p>\n<p>Materia\u0142: wiskoza 65%, nylon 30%, elastan 5%<br \/>\nWskaz\u00f3wki dotycz\u0105ce piel\u0119gnacji: Pra\u0107 w pralce<\/p>\n<p>Kolor: czarny<br \/>\nWz\u00f3r: Galonowe paski<\/p>\n<p><span style=\"font-family: -apple-system, BlinkMacSystemFont, 'Segoe UI', Roboto, Oxygen-Sans, Ubuntu, Cantarell, 'Helvetica Neue', sans-serif;\">Rozmiar talii: 108 cm<\/span><\/p>\n<p>Szeroko\u015b\u0107 w biodrach: 127 cm<br \/>\nD\u0142ugo\u015b\u0107 stopnia: 75 cm<br \/>\nCa\u0142kowita d\u0142ugo\u015b\u0107: 105 cm<\/p>\n<p>Ten nowy przedmiot jest zwrotem klienta bez etykiety.<\/p>","protected":false},"excerpt":{"rendered":"<table class=\"dv_characteristicsTable\">\n<tbody>\n<tr>\n<td class=\"left\">Rozmiar<\/td>\n<td>54<\/td>\n<\/tr>\n<tr>\n<td class=\"left\">Gr\u00f6\u00dfentyp<\/td>\n<td>Normalgr\u00f6\u00dfen<\/td>\n<\/tr>\n<tr>\n<td class=\"left\">Sk\u0142ad materia\u0142u<\/td>\n<td>65% Viskose, 30% Nylon, 5% Elasthan<\/td>\n<\/tr>\n<tr>\n<td class=\"left\">Materialart<\/td>\n<td>Jersey<\/td>\n<\/tr>\n<tr>\n<td class=\"left\">Materialeigenschaften<\/td>\n<td>elastisch<\/td>\n<\/tr>\n<tr>\n<td class=\"left\">Instrukcje dotycz\u0105ce piel\u0119gnacji<\/td>\n<td>Pranie w pralce<\/td>\n<\/tr>\n<tr>\n<td class=\"left\">Optik<\/td>\n<td>unifarben<\/td>\n<\/tr>\n<tr>\n<td class=\"left\">Stil<\/td>\n<td>sportlich<\/td>\n<\/tr>\n<tr>\n<td class=\"left\">Kolor<\/td>\n<td>schwarz<\/td>\n<\/tr>\n<tr>\n<td class=\"left\">Leibh\u00f6he<\/td>\n<td>normal<\/td>\n<\/tr>\n<tr>\n<td class=\"left\">Applikationen<\/td>\n<td>Galonstreifen<\/td>\n<\/tr>\n<tr>\n<td class=\"left\">Torby<\/td>\n<td>vorn angedeutet, hinten 1 Tasche<\/td>\n<\/tr>\n<tr>\n<td class=\"left\">Verschluss<\/td>\n<td>ohne<\/td>\n<\/tr>\n<tr>\n<td class=\"left\">Besondere Merkmale<\/td>\n<td>kontrastfarbige Streifen<\/td>\n<\/tr>\n<\/tbody>\n<\/table>","protected":false},"featured_media":83127,"comment_status":"open","ping_status":"closed","template":"","meta":{"_seopress_robots_primary_cat":"","_seopress_titles_title":"","_seopress_titles_desc":"","_seopress_robots_index":""},"product_brand":[],"product_cat":[1348,1349,1453],"product_tag":[],"class_list":{"0":"post-83093","1":"product","2":"type-product","3":"status-publish","4":"has-post-thumbnail","6":"product_cat-damen-mode","7":"product_cat-hosen-damen-mode","8":"product_cat-leggings","9":"product_shipping_class-standard-versand","11":"first","12":"instock","13":"sale","14":"taxable","15":"shipping-taxable","16":"purchasable","17":"product-type-simple"},"_links":{"self":[{"href":"https:\/\/www.soanam.de\/pl\/wp-json\/wp\/v2\/product\/83093","targetHints":{"allow":["GET"]}}],"collection":[{"href":"https:\/\/www.soanam.de\/pl\/wp-json\/wp\/v2\/product"}],"about":[{"href":"https:\/\/www.soanam.de\/pl\/wp-json\/wp\/v2\/types\/product"}],"replies":[{"embeddable":true,"href":"https:\/\/www.soanam.de\/pl\/wp-json\/wp\/v2\/comments?post=83093"}],"wp:featuredmedia":[{"embeddable":true,"href":"https:\/\/www.soanam.de\/pl\/wp-json\/wp\/v2\/media\/83127"}],"wp:attachment":[{"href":"https:\/\/www.soanam.de\/pl\/wp-json\/wp\/v2\/media?parent=83093"}],"wp:term":[{"taxonomy":"product_brand","embeddable":true,"href":"https:\/\/www.soanam.de\/pl\/wp-json\/wp\/v2\/product_brand?post=83093"},{"taxonomy":"product_cat","embeddable":true,"href":"https:\/\/www.soanam.de\/pl\/wp-json\/wp\/v2\/product_cat?post=83093"},{"taxonomy":"product_tag","embeddable":true,"href":"https:\/\/www.soanam.de\/pl\/wp-json\/wp\/v2\/product_tag?post=83093"}],"curies":[{"name":"wp","href":"https:\/\/api.w.org\/{rel}","templated":true}]}}