{"id":83080,"date":"2023-12-16T04:48:10","date_gmt":"2023-12-16T03:48:10","guid":{"rendered":"https:\/\/www.soanam.de\/?post_type=product&#038;p=83080"},"modified":"2023-12-16T04:51:48","modified_gmt":"2023-12-16T03:51:48","slug":"spodnie-jogger-timberland-tb0a22et-w-kolorze-navy-gr-xl","status":"publish","type":"product","link":"https:\/\/www.soanam.de\/pl\/produkt\/timberland-jogger-pants-tb0a22et-in-navy-gr-xl\/","title":{"rendered":"Spodnie jogger Timberland TB0A22ET, w kolorze granatowym, rozmiar XL"},"content":{"rendered":"<p>Spodnie jogger TB0A22ET od Timberland<br \/>\nWykonane z wysokiej jako\u015bci elastycznej tkaniny<br \/>\nLu\u017any kr\u00f3j<br \/>\nZ szerokimi mankietami na ko\u0144cach nogawek<br \/>\nElastyczny pas z wi\u0105zan\u0105 tasiemk\u0105<br \/>\n2 boczne kieszenie i 1 kiesze\u0144 na suwak z ty\u0142u<br \/>\nLogo marki na nogawce spodni<\/p>\n<p>Model TB0A22ET w stylu jogger\u00f3w od marki Timberland to idealny dodatek do swobodnego stylu.<\/p>\n<p>W ponadczasowym granatowym kolorze i typowych wzorach, takich jak du\u017ce logo marki, elastyczny pas ze sznurkiem do \u015bci\u0105gania, elastyczne mankiety u do\u0142u nogawek i kiesze\u0144 na suwak z ty\u0142u z naszyt\u0105 metk\u0105 marki, te wygodne spodnie mo\u017cna \u0142\u0105czy\u0107 z wieloma swobodnymi stylizacjami.<\/p>\n<p>Materia\u0142: bawe\u0142na 97%, elastan 3%<br \/>\nWskaz\u00f3wki dotycz\u0105ce piel\u0119gnacji: Pra\u0107 w pralce<\/p>\n<p>Kolor: granatowy<br \/>\nWz\u00f3r: bez<br \/>\nRozmiar: XL<\/p>\n<p>Rozmiar talii: 90 cm<br \/>\nSzeroko\u015b\u0107 w biodrach: 128 cm<br \/>\nD\u0142ugo\u015b\u0107 stopnia: 72 cm<br \/>\nCa\u0142kowita d\u0142ugo\u015b\u0107: 106 cm<\/p>","protected":false},"excerpt":{"rendered":"<table class=\"dv_characteristicsTable\">\n<tbody>\n<tr>\n<td class=\"left\">Rozmiar<\/td>\n<td>XL<\/td>\n<\/tr>\n<tr>\n<td class=\"left\">Hosenl\u00e4nge<\/td>\n<td>106cm<\/td>\n<\/tr>\n<tr>\n<td class=\"left\">Sk\u0142ad materia\u0142u<\/td>\n<td>97% bawe\u0142na, 3% elastan<\/td>\n<\/tr>\n<tr>\n<td class=\"left\">Instrukcje dotycz\u0105ce piel\u0119gnacji<\/td>\n<td>Pranie w pralce<\/td>\n<\/tr>\n<tr>\n<td class=\"left\">Stil<\/td>\n<td>Jogger<\/td>\n<\/tr>\n<tr>\n<td class=\"left\">Kolor<\/td>\n<td>marynarka<\/td>\n<\/tr>\n<tr>\n<td class=\"left\">Leibh\u00f6he<\/td>\n<td>normal<\/td>\n<\/tr>\n<tr>\n<td class=\"left\">Beinform<\/td>\n<td>w\u0105ski sto\u017ckowy<\/td>\n<\/tr>\n<tr>\n<td class=\"left\">Dopasowanie<\/td>\n<td>bequem<\/td>\n<\/tr>\n<tr>\n<td class=\"left\">Schnittform L\u00e4nge<\/td>\n<td>lang<\/td>\n<\/tr>\n<tr>\n<td class=\"left\">Torby<\/td>\n<td>Eingrifftaschen, Ges\u00e4\u00dftasche<\/td>\n<\/tr>\n<tr>\n<td class=\"left\">Verschluss<\/td>\n<td>elastischer Bund<\/td>\n<\/tr>\n<tr>\n<td class=\"left\">szczeg\u00f3\u0142y<\/td>\n<td>Logo marki<\/td>\n<\/tr>\n<\/tbody>\n<\/table>","protected":false},"featured_media":83115,"comment_status":"open","ping_status":"closed","template":"","meta":{"_seopress_robots_primary_cat":"","_seopress_titles_title":"","_seopress_titles_desc":"","_seopress_robots_index":""},"product_brand":[],"product_cat":[1345,1346,1383],"product_tag":[],"class_list":{"0":"post-83080","1":"product","2":"type-product","3":"status-publish","4":"has-post-thumbnail","6":"product_cat-herrenmode","7":"product_cat-hosen","8":"product_cat-stoffhosen","9":"product_shipping_class-standard-versand","11":"first","12":"instock","13":"sale","14":"taxable","15":"shipping-taxable","16":"purchasable","17":"product-type-simple"},"_links":{"self":[{"href":"https:\/\/www.soanam.de\/pl\/wp-json\/wp\/v2\/product\/83080","targetHints":{"allow":["GET"]}}],"collection":[{"href":"https:\/\/www.soanam.de\/pl\/wp-json\/wp\/v2\/product"}],"about":[{"href":"https:\/\/www.soanam.de\/pl\/wp-json\/wp\/v2\/types\/product"}],"replies":[{"embeddable":true,"href":"https:\/\/www.soanam.de\/pl\/wp-json\/wp\/v2\/comments?post=83080"}],"wp:featuredmedia":[{"embeddable":true,"href":"https:\/\/www.soanam.de\/pl\/wp-json\/wp\/v2\/media\/83115"}],"wp:attachment":[{"href":"https:\/\/www.soanam.de\/pl\/wp-json\/wp\/v2\/media?parent=83080"}],"wp:term":[{"taxonomy":"product_brand","embeddable":true,"href":"https:\/\/www.soanam.de\/pl\/wp-json\/wp\/v2\/product_brand?post=83080"},{"taxonomy":"product_cat","embeddable":true,"href":"https:\/\/www.soanam.de\/pl\/wp-json\/wp\/v2\/product_cat?post=83080"},{"taxonomy":"product_tag","embeddable":true,"href":"https:\/\/www.soanam.de\/pl\/wp-json\/wp\/v2\/product_tag?post=83080"}],"curies":[{"name":"wp","href":"https:\/\/api.w.org\/{rel}","templated":true}]}}