{"id":83073,"date":"2023-12-16T04:47:31","date_gmt":"2023-12-16T03:47:31","guid":{"rendered":"https:\/\/www.soanam.de\/?post_type=product&#038;p=83073"},"modified":"2023-12-16T04:51:15","modified_gmt":"2023-12-16T03:51:15","slug":"imperial-jogger-pants-8-pj8zcc-in-navy-gr-xs","status":"publish","type":"product","link":"https:\/\/www.soanam.de\/pl\/produkt\/imperial-jogger-pants-8-pj8zcc-in-navy-gr-xs\/","title":{"rendered":"IMPERIAL Spodnie jogger 8 PJ8ZCC , w kolorze granatowym, Rozmiar XS"},"content":{"rendered":"<p>Jogger-hose 8 PJ8ZCC von Imperial Fashion<br \/>\nWykonane z wysokiej jako\u015bci elastycznej tkaniny<br \/>\nLu\u017any kr\u00f3j<br \/>\nMit kontrastfarbigem Streifen-B\u00fcndchen<br \/>\nMade and designed in Bologna, Italy.<\/p>\n<p>Imperial Fashion: Ein Mix aus Energie und Positivit\u00e4t mit einem Auge f\u00fcr die sanftere Seite des kontempor\u00e4ren Stils treffen aufeinander.<br \/>\nEin fester Bund mit Knopf und Rei\u00dfverschluss werden durch ein zus\u00e4tzliches Bindeband noch unterst\u00fctzt.<br \/>\nDie Streifenb\u00fcndchen lockern den sonst sehr klassischen Stil auf.<\/p>\n<p>Materia\u0142: poliester 100%<br \/>\nWskaz\u00f3wki dotycz\u0105ce piel\u0119gnacji: Pra\u0107 w pralce<\/p>\n<p>Kolor: granatowy<br \/>\nMuster: Streifenb\u00fcndchen<br \/>\nRozmiar: XS<\/p>\n<p>Rozmiar talii: 82 cm<br \/>\nSzeroko\u015b\u0107 w biodrach: 94 cm<br \/>\nD\u0142ugo\u015b\u0107 stopnia: 74 cm<br \/>\nCa\u0142kowita d\u0142ugo\u015b\u0107: 102 cm<\/p>","protected":false},"excerpt":{"rendered":"<table class=\"dv_characteristicsTable\">\n<tbody>\n<tr>\n<td class=\"left\">Rozmiar<\/td>\n<td>XS<\/td>\n<\/tr>\n<tr>\n<td class=\"left\">Gr\u00f6\u00dfentyp<\/td>\n<td>Normalgr\u00f6\u00dfen<\/td>\n<\/tr>\n<tr>\n<td class=\"left\">Sk\u0142ad materia\u0142u<\/td>\n<td>100% Poliester<\/td>\n<\/tr>\n<tr>\n<td class=\"left\">Materialart<\/td>\n<td>Web<\/td>\n<\/tr>\n<tr>\n<td class=\"left\">Materialeigenschaften<\/td>\n<td>leicht elastisch<\/td>\n<\/tr>\n<tr>\n<td class=\"left\">Instrukcje dotycz\u0105ce piel\u0119gnacji<\/td>\n<td>Pranie w pralce<\/td>\n<\/tr>\n<tr>\n<td class=\"left\">Optik<\/td>\n<td>unifarben<\/td>\n<\/tr>\n<tr>\n<td class=\"left\">Stil<\/td>\n<td>klassisch<\/td>\n<\/tr>\n<tr>\n<td class=\"left\">Kolor<\/td>\n<td>navy 1660<\/td>\n<\/tr>\n<tr>\n<td class=\"left\">Leibh\u00f6he<\/td>\n<td>normal<\/td>\n<\/tr>\n<tr>\n<td class=\"left\">Applikationen<\/td>\n<td>Brandlabel innen<\/td>\n<\/tr>\n<tr>\n<td class=\"left\">Torby<\/td>\n<td>Kieszenie<\/td>\n<\/tr>\n<tr>\n<td class=\"left\">Verschluss<\/td>\n<td>Knopf, Rei\u00dfverschluss, Bindeband<\/td>\n<\/tr>\n<tr>\n<td class=\"left\">Besondere Merkmale<\/td>\n<td>kontrastfarbige Streifen-B\u00fcndchen<\/td>\n<\/tr>\n<\/tbody>\n<\/table>","protected":false},"featured_media":83108,"comment_status":"open","ping_status":"closed","template":"","meta":{"_seopress_robots_primary_cat":"","_seopress_titles_title":"","_seopress_titles_desc":"","_seopress_robots_index":""},"product_brand":[],"product_cat":[1348,1349,1397],"product_tag":[],"class_list":{"0":"post-83073","1":"product","2":"type-product","3":"status-publish","4":"has-post-thumbnail","6":"product_cat-damen-mode","7":"product_cat-hosen-damen-mode","8":"product_cat-andere-hosen","9":"product_shipping_class-standard-versand","11":"first","12":"instock","13":"sale","14":"taxable","15":"shipping-taxable","16":"purchasable","17":"product-type-simple"},"_links":{"self":[{"href":"https:\/\/www.soanam.de\/pl\/wp-json\/wp\/v2\/product\/83073","targetHints":{"allow":["GET"]}}],"collection":[{"href":"https:\/\/www.soanam.de\/pl\/wp-json\/wp\/v2\/product"}],"about":[{"href":"https:\/\/www.soanam.de\/pl\/wp-json\/wp\/v2\/types\/product"}],"replies":[{"embeddable":true,"href":"https:\/\/www.soanam.de\/pl\/wp-json\/wp\/v2\/comments?post=83073"}],"wp:featuredmedia":[{"embeddable":true,"href":"https:\/\/www.soanam.de\/pl\/wp-json\/wp\/v2\/media\/83108"}],"wp:attachment":[{"href":"https:\/\/www.soanam.de\/pl\/wp-json\/wp\/v2\/media?parent=83073"}],"wp:term":[{"taxonomy":"product_brand","embeddable":true,"href":"https:\/\/www.soanam.de\/pl\/wp-json\/wp\/v2\/product_brand?post=83073"},{"taxonomy":"product_cat","embeddable":true,"href":"https:\/\/www.soanam.de\/pl\/wp-json\/wp\/v2\/product_cat?post=83073"},{"taxonomy":"product_tag","embeddable":true,"href":"https:\/\/www.soanam.de\/pl\/wp-json\/wp\/v2\/product_tag?post=83073"}],"curies":[{"name":"wp","href":"https:\/\/api.w.org\/{rel}","templated":true}]}}