{"id":83061,"date":"2023-12-16T04:46:27","date_gmt":"2023-12-16T03:46:27","guid":{"rendered":"https:\/\/www.soanam.de\/?post_type=product&#038;p=83061"},"modified":"2023-12-16T04:50:00","modified_gmt":"2023-12-16T03:50:00","slug":"izod-saltwater-stretch-chino-straight-fit-w-kolorze-rozowym-rozmiar-32x34","status":"publish","type":"product","link":"https:\/\/www.soanam.de\/pl\/produkt\/izod-saltwater-stretch-chino-gerade-passform-in-pink-gr-32x34\/","title":{"rendered":"IZOD Saltwater stretch chino, prosty kr\u00f3j, r\u00f3\u017cowy rozmiar 32x34"},"content":{"rendered":"<p>Casualowe spodnie twillowe dla \u015bwiadomego mody m\u0119\u017cczyzny od IZOD<br \/>\nWykonane z wygodnej elastycznej tkaniny bawe\u0142nianej<br \/>\nProsty kr\u00f3j, klasyczny wygl\u0105d<br \/>\nZ paskiem<\/p>\n<p>Fajne chinosy od IZOD dla \u015bwiadomych mody m\u0119\u017cczyzn w nowoczesnym stylu - nieskomplikowane i bardzo modne.<br \/>\nProsty kr\u00f3j z p\u0142askim przodem, zapi\u0119cie na guzik i ukryty zamek b\u0142yskawiczny, 2 przednie kieszenie ze \u015bci\u0105gaczem, 2 tylne kieszenie zapinane na guzik i pasek.<\/p>\n<p>Materia\u0142: bawe\u0142na 97%, elastan 3%<br \/>\nWskaz\u00f3wki dotycz\u0105ce piel\u0119gnacji: Pra\u0107 w pralce<\/p>\n<p>Kolor: r\u00f3\u017cowy<br \/>\nWz\u00f3r: bez<br \/>\nRozmiar: 32x34<\/p>\n<p>Rozmiar talii: 81 cm<br \/>\nSzeroko\u015b\u0107 w biodrach: 101 cm<br \/>\nD\u0142ugo\u015b\u0107 stopnia: 82 cm<br \/>\nCa\u0142kowita d\u0142ugo\u015b\u0107: 110 cm<\/p>","protected":false},"excerpt":{"rendered":"<table class=\"dv_characteristicsTable\">\n<tbody>\n<tr>\n<td class=\"left\">Rozmiar<\/td>\n<td>32<\/td>\n<\/tr>\n<tr>\n<td class=\"left\">Hosenl\u00e4nge<\/td>\n<td>34<\/td>\n<\/tr>\n<tr>\n<td class=\"left\">Sk\u0142ad materia\u0142u<\/td>\n<td>97% bawe\u0142na, 3% elastan<\/td>\n<\/tr>\n<tr>\n<td class=\"left\">Instrukcje dotycz\u0105ce piel\u0119gnacji<\/td>\n<td>Pranie w pralce<\/td>\n<\/tr>\n<tr>\n<td class=\"left\">Stil<\/td>\n<td>casual<\/td>\n<\/tr>\n<tr>\n<td class=\"left\">Kolor<\/td>\n<td>pink<\/td>\n<\/tr>\n<tr>\n<td class=\"left\">Leibh\u00f6he<\/td>\n<td>niedrig<\/td>\n<\/tr>\n<tr>\n<td class=\"left\">Beinform<\/td>\n<td>gerade<\/td>\n<\/tr>\n<tr>\n<td class=\"left\">Dopasowanie<\/td>\n<td>schmal<\/td>\n<\/tr>\n<tr>\n<td class=\"left\">Schnittform L\u00e4nge<\/td>\n<td>lang<\/td>\n<\/tr>\n<tr>\n<td class=\"left\">Torby<\/td>\n<td>Eingrifftaschen, Ges\u00e4\u00dftaschen<\/td>\n<\/tr>\n<tr>\n<td class=\"left\">Verschluss<\/td>\n<td>Knopf, Rei\u00dfverschluss<\/td>\n<\/tr>\n<tr>\n<td class=\"left\">szczeg\u00f3\u0142y<\/td>\n<td>Pas<\/td>\n<\/tr>\n<\/tbody>\n<\/table>","protected":false},"featured_media":83094,"comment_status":"open","ping_status":"closed","template":"","meta":{"_seopress_robots_primary_cat":"","_seopress_titles_title":"","_seopress_titles_desc":"","_seopress_robots_index":""},"product_brand":[],"product_cat":[1345,1346,1464],"product_tag":[],"class_list":{"0":"post-83061","1":"product","2":"type-product","3":"status-publish","4":"has-post-thumbnail","6":"product_cat-herrenmode","7":"product_cat-hosen","8":"product_cat-chinohosen","9":"product_shipping_class-standard-versand","11":"first","12":"instock","13":"taxable","14":"shipping-taxable","15":"purchasable","16":"product-type-simple"},"_links":{"self":[{"href":"https:\/\/www.soanam.de\/pl\/wp-json\/wp\/v2\/product\/83061","targetHints":{"allow":["GET"]}}],"collection":[{"href":"https:\/\/www.soanam.de\/pl\/wp-json\/wp\/v2\/product"}],"about":[{"href":"https:\/\/www.soanam.de\/pl\/wp-json\/wp\/v2\/types\/product"}],"replies":[{"embeddable":true,"href":"https:\/\/www.soanam.de\/pl\/wp-json\/wp\/v2\/comments?post=83061"}],"wp:featuredmedia":[{"embeddable":true,"href":"https:\/\/www.soanam.de\/pl\/wp-json\/wp\/v2\/media\/83094"}],"wp:attachment":[{"href":"https:\/\/www.soanam.de\/pl\/wp-json\/wp\/v2\/media?parent=83061"}],"wp:term":[{"taxonomy":"product_brand","embeddable":true,"href":"https:\/\/www.soanam.de\/pl\/wp-json\/wp\/v2\/product_brand?post=83061"},{"taxonomy":"product_cat","embeddable":true,"href":"https:\/\/www.soanam.de\/pl\/wp-json\/wp\/v2\/product_cat?post=83061"},{"taxonomy":"product_tag","embeddable":true,"href":"https:\/\/www.soanam.de\/pl\/wp-json\/wp\/v2\/product_tag?post=83061"}],"curies":[{"name":"wp","href":"https:\/\/api.w.org\/{rel}","templated":true}]}}