{"id":82956,"date":"2023-12-14T21:16:42","date_gmt":"2023-12-14T20:16:42","guid":{"rendered":"https:\/\/www.soanam.de\/?post_type=product&#038;p=82956"},"modified":"2023-12-16T04:48:07","modified_gmt":"2023-12-16T03:48:07","slug":"spodnie-chino-linea-tesini-z-paskiem-i-koronka-w-pasie-w-kolorze-rozowym-rozmiar-38","status":"publish","type":"product","link":"https:\/\/www.soanam.de\/pl\/produkt\/linea-tesini-chinohose-mit-guertel-und-spitzenbund-in-rosa-gr-38\/","title":{"rendered":"Spodnie chino Linea Tesini z paskiem i koronk\u0105 w talii, r\u00f3\u017cowe, rozmiar 38"},"content":{"rendered":"<p>Spodnie chino od Heine<br \/>\nW kszta\u0142cie marchewki<br \/>\nZ rozci\u0119tymi kieszeniami<br \/>\nZ wi\u0105zanym paskiem<br \/>\n\u0141adna koronka w pasie<\/p>\n<p>Spodnie o nowoczesnym kroju marchewki, z kieszeniami po bokach.<br \/>\nKobiecy styl z haftem na pasku i wi\u0105zanym paskiem.<br \/>\nWygodna jako\u015b\u0107 z \u0142atwej w piel\u0119gnacji bawe\u0142ny.<\/p>\n<p>Materia\u0142: bawe\u0142na 98%, elastan 2%<br \/>\nWskaz\u00f3wki dotycz\u0105ce piel\u0119gnacji: Pra\u0107 w pralce<\/p>\n<p>Kolor: r\u00f3\u017cowy<br \/>\nWz\u00f3r: haft oczkowy<br \/>\nRozmiar: 38<\/p>\n<p>Rozmiar talii: 73 cm<br \/>\nSzeroko\u015b\u0107 w biodrach: 99 cm<br \/>\nD\u0142ugo\u015b\u0107 stopnia: 70 cm<br \/>\nCa\u0142kowita d\u0142ugo\u015b\u0107: 102 cm<\/p>","protected":false},"excerpt":{"rendered":"<table class=\"dv_characteristicsTable\">\n<tbody>\n<tr>\n<td class=\"left\">Rozmiar<\/td>\n<td>38<\/td>\n<\/tr>\n<tr>\n<td class=\"left\">Sk\u0142ad materia\u0142u<\/td>\n<td>98% bawe\u0142na, 2% elastan<\/td>\n<\/tr>\n<tr>\n<td class=\"left\">Materialart<\/td>\n<td>Web<\/td>\n<\/tr>\n<tr>\n<td class=\"left\">Materialeigenschaften<\/td>\n<td>leicht elastisch<\/td>\n<\/tr>\n<tr>\n<td class=\"left\">Stil<\/td>\n<td>klassisch<\/td>\n<\/tr>\n<tr>\n<td class=\"left\">Kolor<\/td>\n<td>rosa<\/td>\n<\/tr>\n<tr>\n<td class=\"left\">Leibh\u00f6he<\/td>\n<td>hoch<\/td>\n<\/tr>\n<tr>\n<td class=\"left\">Verschluss<\/td>\n<td>Knopf, Rei\u00dfverschluss<\/td>\n<\/tr>\n<tr>\n<td class=\"left\">Besondere Merkmale<\/td>\n<td>Spitze am Bund<\/td>\n<\/tr>\n<\/tbody>\n<\/table>","protected":false},"featured_media":83074,"comment_status":"open","ping_status":"closed","template":"","meta":{"_seopress_robots_primary_cat":"","_seopress_titles_title":"","_seopress_titles_desc":"","_seopress_robots_index":""},"product_brand":[],"product_cat":[1348,1349,1466],"product_tag":[],"class_list":{"0":"post-82956","1":"product","2":"type-product","3":"status-publish","4":"has-post-thumbnail","6":"product_cat-damen-mode","7":"product_cat-hosen-damen-mode","8":"product_cat-chinohosen-hosen-damen-mode","9":"product_shipping_class-standard-versand","11":"first","12":"instock","13":"taxable","14":"shipping-taxable","15":"purchasable","16":"product-type-simple"},"_links":{"self":[{"href":"https:\/\/www.soanam.de\/pl\/wp-json\/wp\/v2\/product\/82956","targetHints":{"allow":["GET"]}}],"collection":[{"href":"https:\/\/www.soanam.de\/pl\/wp-json\/wp\/v2\/product"}],"about":[{"href":"https:\/\/www.soanam.de\/pl\/wp-json\/wp\/v2\/types\/product"}],"replies":[{"embeddable":true,"href":"https:\/\/www.soanam.de\/pl\/wp-json\/wp\/v2\/comments?post=82956"}],"wp:featuredmedia":[{"embeddable":true,"href":"https:\/\/www.soanam.de\/pl\/wp-json\/wp\/v2\/media\/83074"}],"wp:attachment":[{"href":"https:\/\/www.soanam.de\/pl\/wp-json\/wp\/v2\/media?parent=82956"}],"wp:term":[{"taxonomy":"product_brand","embeddable":true,"href":"https:\/\/www.soanam.de\/pl\/wp-json\/wp\/v2\/product_brand?post=82956"},{"taxonomy":"product_cat","embeddable":true,"href":"https:\/\/www.soanam.de\/pl\/wp-json\/wp\/v2\/product_cat?post=82956"},{"taxonomy":"product_tag","embeddable":true,"href":"https:\/\/www.soanam.de\/pl\/wp-json\/wp\/v2\/product_tag?post=82956"}],"curies":[{"name":"wp","href":"https:\/\/api.w.org\/{rel}","templated":true}]}}