{"id":82939,"date":"2023-12-14T21:15:06","date_gmt":"2023-12-14T20:15:06","guid":{"rendered":"https:\/\/www.soanam.de\/?post_type=product&#038;p=82939"},"modified":"2023-12-16T04:46:50","modified_gmt":"2023-12-16T03:46:50","slug":"tylko-koszulka-z-dlugim-rekawem-onllive-love-z-wycietymi-detalami-w-kolorze-czarnym-gr-s","status":"publish","type":"product","link":"https:\/\/www.soanam.de\/pl\/produkt\/only-langarmshirt-onllive-love-mit-cut-out-details-in-schwarz-gr-s\/","title":{"rendered":"Tylko koszulka z d\u0142ugim r\u0119kawem ONLLIVE LOVE z wyci\u0119ciami, w kolorze czarnym, rozmiar S"},"content":{"rendered":"<p>Longsleeve Shirt von ONLY<br \/>\nSehr figurbetont geschnitten<br \/>\nSofte Baumwolle mit Stretch<br \/>\nMit Cut-Out Detail im Vorderbereich<\/p>\n<p>Auf der Suche nach einem bequemen Top, das aber das gewisse Etwas hat? Dann lohnt sich ein Blick auf dieses Cut-Out Top von Only.<br \/>\nDas Damen-Shirt ist durch die Stretch-Qualit\u00e4t sch\u00f6n dehnbar.<br \/>\nDas Cut-Out Detail \u00fcber dem Brustbereich macht es zu 100% zum Hingucker.<\/p>\n<p>Material: 95% Baumwolle, 5% Elasten<br \/>\nWskaz\u00f3wki dotycz\u0105ce piel\u0119gnacji: Pra\u0107 w pralce<\/p>\n<p>Kolor: czarny<br \/>\nWz\u00f3r: bez<br \/>\nRozmiar: S<\/p>\n<p>Schulterbreite: 34cm<br \/>\nSzeroko\u015b\u0107 klatki piersiowej: 78 cm<br \/>\nD\u0142ugo\u015b\u0107 r\u0119kawa: 60 cm<br \/>\nGesamtl\u00e4nge: 45cm<\/p>\n<p>Hinweis: F\u00e4llt klein aus<\/p>","protected":false},"excerpt":{"rendered":"<table class=\"dv_characteristicsTable\">\n<tbody>\n<tr>\n<td class=\"left\">Rozmiar<\/td>\n<td>S<\/td>\n<\/tr>\n<tr>\n<td class=\"left\">Gr\u00f6\u00dfentyp<\/td>\n<td>Normalgr\u00f6\u00dfen<\/td>\n<\/tr>\n<tr>\n<td class=\"left\">Sk\u0142ad materia\u0142u<\/td>\n<td>95% bawe\u0142na, 5% elastan<\/td>\n<\/tr>\n<tr>\n<td class=\"left\">Materialart<\/td>\n<td>Jersey<\/td>\n<\/tr>\n<tr>\n<td class=\"left\">Materialeigenschaften<\/td>\n<td>Stretch<\/td>\n<\/tr>\n<tr>\n<td class=\"left\">Instrukcje dotycz\u0105ce piel\u0119gnacji<\/td>\n<td>Pranie w pralce<\/td>\n<\/tr>\n<tr>\n<td class=\"left\">Optik<\/td>\n<td>unifarben<\/td>\n<\/tr>\n<tr>\n<td class=\"left\">Stil<\/td>\n<td>Mit Detail<\/td>\n<\/tr>\n<tr>\n<td class=\"left\">Kolor<\/td>\n<td>schwarz<\/td>\n<\/tr>\n<tr>\n<td class=\"left\">Ausschnitt<\/td>\n<td>Rundhals<\/td>\n<\/tr>\n<tr>\n<td class=\"left\">\u00c4rmel<\/td>\n<td>D\u0142ugi r\u0119kaw<\/td>\n<\/tr>\n<\/tbody>\n<\/table>","protected":false},"featured_media":83062,"comment_status":"open","ping_status":"closed","template":"","meta":{"_seopress_robots_primary_cat":"","_seopress_titles_title":"","_seopress_titles_desc":"","_seopress_robots_index":""},"product_brand":[],"product_cat":[1348,1456,1479],"product_tag":[],"class_list":{"0":"post-82939","1":"product","2":"type-product","3":"status-publish","4":"has-post-thumbnail","6":"product_cat-damen-mode","7":"product_cat-pullover-sweater","8":"product_cat-langarmshirts","9":"product_shipping_class-standard-versand","11":"first","12":"instock","13":"taxable","14":"shipping-taxable","15":"purchasable","16":"product-type-simple"},"_links":{"self":[{"href":"https:\/\/www.soanam.de\/pl\/wp-json\/wp\/v2\/product\/82939","targetHints":{"allow":["GET"]}}],"collection":[{"href":"https:\/\/www.soanam.de\/pl\/wp-json\/wp\/v2\/product"}],"about":[{"href":"https:\/\/www.soanam.de\/pl\/wp-json\/wp\/v2\/types\/product"}],"replies":[{"embeddable":true,"href":"https:\/\/www.soanam.de\/pl\/wp-json\/wp\/v2\/comments?post=82939"}],"wp:featuredmedia":[{"embeddable":true,"href":"https:\/\/www.soanam.de\/pl\/wp-json\/wp\/v2\/media\/83062"}],"wp:attachment":[{"href":"https:\/\/www.soanam.de\/pl\/wp-json\/wp\/v2\/media?parent=82939"}],"wp:term":[{"taxonomy":"product_brand","embeddable":true,"href":"https:\/\/www.soanam.de\/pl\/wp-json\/wp\/v2\/product_brand?post=82939"},{"taxonomy":"product_cat","embeddable":true,"href":"https:\/\/www.soanam.de\/pl\/wp-json\/wp\/v2\/product_cat?post=82939"},{"taxonomy":"product_tag","embeddable":true,"href":"https:\/\/www.soanam.de\/pl\/wp-json\/wp\/v2\/product_tag?post=82939"}],"curies":[{"name":"wp","href":"https:\/\/api.w.org\/{rel}","templated":true}]}}