{"id":82930,"date":"2023-12-14T21:14:18","date_gmt":"2023-12-14T20:14:18","guid":{"rendered":"https:\/\/www.soanam.de\/?post_type=product&#038;p=82930"},"modified":"2023-12-16T04:46:24","modified_gmt":"2023-12-16T03:46:24","slug":"lascana-kombinezon-na-ramiaczkach-w-kolorze-czerwonego-wina-rozmiar-34","status":"publish","type":"product","link":"https:\/\/www.soanam.de\/pl\/produkt\/lascana-overall-mit-baender-traegern-in-weinrot-gr-34\/","title":{"rendered":"Kombinezon LASCANA z paskami w kolorze czerwonego wina, rozmiar 34"},"content":{"rendered":"<p>Overall mit V-Ausschnitt von Lascana<br \/>\nTr\u00e4gerl\u00f6sung mit Details<br \/>\nGummizug in der Taille<br \/>\nKnopfverschluss im Nacken<br \/>\nWeite Palazzohose<br \/>\nWeich flie\u00dfender Viskosejersey<\/p>\n<p>Auf der Suche nach einem bequemen Outfit, das trotzdem elegant ist? Dann lohnt sich ein Blick auf diesen Overall von Lascana.<br \/>\nWeich flie\u00dfender Viskosejersey macht diesen Einteiler angenehm zu tragen.<br \/>\nBesonders verf\u00fchrerisch ist die besonders h\u00fcbsche Tr\u00e4gerl\u00f6sung im R\u00fccken, die durch einen Knopfverschluss im Nacken zusammengehalten werden.<br \/>\nDie durchgehend weite, figurumspielende Passform wird durch den Gummizug in der Taille unterbrochen.<\/p>\n<p>Material: 95% Viskose, 5% Elasten<br \/>\nWskaz\u00f3wki dotycz\u0105ce piel\u0119gnacji: Pra\u0107 w pralce<\/p>\n<p>Kolor: czerwone wino<br \/>\nWz\u00f3r: bez<br \/>\nRozmiar: 34<\/p>\n<p>Brustweite: 77cm<\/p>\n<p>D\u0142ugo\u015b\u0107 stopnia: 78 cm<br \/>\nGesamtl\u00e4nge: 144cm<\/p>","protected":false},"excerpt":{"rendered":"<table class=\"dv_characteristicsTable\">\n<tbody>\n<tr>\n<td class=\"left\">Rozmiar<\/td>\n<td>34<\/td>\n<\/tr>\n<tr>\n<td class=\"left\">Gr\u00f6\u00dfentyp<\/td>\n<td>Normalgr\u00f6\u00dfen<\/td>\n<\/tr>\n<tr>\n<td class=\"left\">Sk\u0142ad materia\u0142u<\/td>\n<td>95% Viskose, 5% Elasthan<\/td>\n<\/tr>\n<tr>\n<td class=\"left\">Materialart<\/td>\n<td>Jersey<\/td>\n<\/tr>\n<tr>\n<td class=\"left\">Instrukcje dotycz\u0105ce piel\u0119gnacji<\/td>\n<td>Pranie w pralce<\/td>\n<\/tr>\n<tr>\n<td class=\"left\">Optik<\/td>\n<td>unifarben<\/td>\n<\/tr>\n<tr>\n<td class=\"left\">Stil<\/td>\n<td>modisch<\/td>\n<\/tr>\n<tr>\n<td class=\"left\">Kolor<\/td>\n<td>weinrot<\/td>\n<\/tr>\n<tr>\n<td class=\"left\">Ausschnitt<\/td>\n<td>Dekolt w szpic<\/td>\n<\/tr>\n<tr>\n<td class=\"left\">\u00c4rmel<\/td>\n<td>ohne \u00c4rmel<\/td>\n<\/tr>\n<tr>\n<td class=\"left\">Przewo\u017anik<\/td>\n<td>mit Tr\u00e4ger<\/td>\n<\/tr>\n<tr>\n<td class=\"left\">Rumpfabschluss<\/td>\n<td>Gummizug<\/td>\n<\/tr>\n<tr>\n<td class=\"left\">Beinabschluss<\/td>\n<td>gerader Abschluss<\/td>\n<\/tr>\n<tr>\n<td class=\"left\">Dopasowanie<\/td>\n<td>figurumspielend<\/td>\n<\/tr>\n<tr>\n<td class=\"left\">Schnittform L\u00e4nge<\/td>\n<td>lang<\/td>\n<\/tr>\n<tr>\n<td class=\"left\">Torby<\/td>\n<td>Mit Taschen<\/td>\n<\/tr>\n<\/tbody>\n<\/table>","protected":false},"featured_media":83056,"comment_status":"open","ping_status":"closed","template":"","meta":{"_seopress_robots_primary_cat":"","_seopress_titles_title":"","_seopress_titles_desc":"","_seopress_robots_index":""},"product_brand":[],"product_cat":[1348,1543,1544],"product_tag":[],"class_list":{"0":"post-82930","1":"product","2":"type-product","3":"status-publish","4":"has-post-thumbnail","6":"product_cat-damen-mode","7":"product_cat-anzuege","8":"product_cat-jumpsuits","9":"product_shipping_class-standard-versand","11":"first","12":"instock","13":"taxable","14":"shipping-taxable","15":"purchasable","16":"product-type-simple"},"_links":{"self":[{"href":"https:\/\/www.soanam.de\/pl\/wp-json\/wp\/v2\/product\/82930","targetHints":{"allow":["GET"]}}],"collection":[{"href":"https:\/\/www.soanam.de\/pl\/wp-json\/wp\/v2\/product"}],"about":[{"href":"https:\/\/www.soanam.de\/pl\/wp-json\/wp\/v2\/types\/product"}],"replies":[{"embeddable":true,"href":"https:\/\/www.soanam.de\/pl\/wp-json\/wp\/v2\/comments?post=82930"}],"wp:featuredmedia":[{"embeddable":true,"href":"https:\/\/www.soanam.de\/pl\/wp-json\/wp\/v2\/media\/83056"}],"wp:attachment":[{"href":"https:\/\/www.soanam.de\/pl\/wp-json\/wp\/v2\/media?parent=82930"}],"wp:term":[{"taxonomy":"product_brand","embeddable":true,"href":"https:\/\/www.soanam.de\/pl\/wp-json\/wp\/v2\/product_brand?post=82930"},{"taxonomy":"product_cat","embeddable":true,"href":"https:\/\/www.soanam.de\/pl\/wp-json\/wp\/v2\/product_cat?post=82930"},{"taxonomy":"product_tag","embeddable":true,"href":"https:\/\/www.soanam.de\/pl\/wp-json\/wp\/v2\/product_tag?post=82930"}],"curies":[{"name":"wp","href":"https:\/\/api.w.org\/{rel}","templated":true}]}}