{"id":82914,"date":"2023-12-14T21:12:51","date_gmt":"2023-12-14T20:12:51","guid":{"rendered":"https:\/\/www.soanam.de\/?post_type=product&#038;p=82914"},"modified":"2023-12-16T04:45:26","modified_gmt":"2023-12-16T03:45:26","slug":"pieces-shirt-dress-pcwhy-ls-dnm-in-mustard-yellow-gr-s","status":"publish","type":"product","link":"https:\/\/www.soanam.de\/pl\/produkt\/pieces-hemdblusenkleid-pcwhy-ls-dnm-in-senfgelb-gr-s\/","title":{"rendered":"Sukienka koszulowa Pieces PCWHY LS DNM, kolor musztardowy \u017c\u00f3\u0142ty, rozmiar S"},"content":{"rendered":"<p>Ci\u0119cie proste<br \/>\nKo\u0142nierzyk koszuli<br \/>\nD\u0142ugie r\u0119kawy<br \/>\nMankiet zapinany na jeden guzik<br \/>\nWyko\u0144czenie bez podszewki<br \/>\nZaokr\u0105glony d\u00f3\u0142<br \/>\nD\u0142u\u017cszy kr\u00f3j z ty\u0142u<br \/>\nUkryte zapi\u0119cie na guziki<br \/>\nKieszenie na piersi<\/p>\n<p>Sukienka koszulowa od Pieces to basic w stylu mullet, kt\u00f3ry zapewni ci wygod\u0119 i dobry str\u00f3j w biurze lub w wolnym czasie.<br \/>\nUkryta plisa guzikowa, kieszenie na piersi i zaokr\u0105glony d\u00f3\u0142 to tylko niekt\u00f3re z zalet tej casualowej sukienki.<\/p>\n<p>Materia\u0142: 100% Lyocell<br \/>\nWskaz\u00f3wki dotycz\u0105ce piel\u0119gnacji: Pra\u0107 w pralce<\/p>\n<p>Kolor: musztardowy \u017c\u00f3\u0142ty<br \/>\nWz\u00f3r: bez<br \/>\nRozmiar: S<\/p>\n<p>Szeroko\u015b\u0107 ramion: 39 cm<br \/>\nSzeroko\u015b\u0107 klatki piersiowej: 100 cm<br \/>\nD\u0142ugo\u015b\u0107 r\u0119kawa: 61 cm<br \/>\nCa\u0142kowita d\u0142ugo\u015b\u0107: 99 cm<\/p>\n<p>&nbsp;<\/p>\n<p>Ten nowy przedmiot jest zwrotem klienta bez etykiety.<\/p>","protected":false},"excerpt":{"rendered":"<table class=\"dv_characteristicsTable\" style=\"color: #333333; font-family: -apple-system, BlinkMacSystemFont, 'Segoe UI', Roboto, Oxygen-Sans, Ubuntu, Cantarell, 'Helvetica Neue', sans-serif; font-size: 16px;\">\n<tbody>\n<tr>\n<td class=\"left\">Rozmiar<\/td>\n<td>S<\/td>\n<\/tr>\n<tr>\n<td class=\"left\">Sk\u0142ad materia\u0142u<\/td>\n<td>100% Lyocell<\/td>\n<\/tr>\n<tr>\n<td class=\"left\">Optik<\/td>\n<td>Jednolite kolory<\/td>\n<\/tr>\n<tr>\n<td class=\"left\">Kragen<\/td>\n<td>Kentkragen<\/td>\n<\/tr>\n<tr>\n<td class=\"left\">Ausschnitt<\/td>\n<td>Kentkragen<\/td>\n<\/tr>\n<tr>\n<td class=\"left\">\u00c4rmel<\/td>\n<td>D\u0142ugi r\u0119kaw<\/td>\n<\/tr>\n<tr>\n<td class=\"left\">Dopasowanie<\/td>\n<td>Lockere Passform<\/td>\n<\/tr>\n<tr>\n<td class=\"left\">Schnittform L\u00e4nge<\/td>\n<td>D\u0142ugo\u015b\u0107 do kolan<\/td>\n<\/tr>\n<tr>\n<td class=\"left\">Kolor<\/td>\n<td>senfgelb<\/td>\n<\/tr>\n<tr>\n<td class=\"left\">Verschluss<\/td>\n<td>Knopfverschluss<\/td>\n<\/tr>\n<\/tbody>\n<\/table>","protected":false},"featured_media":83046,"comment_status":"open","ping_status":"closed","template":"","meta":{"_seopress_robots_primary_cat":"","_seopress_titles_title":"","_seopress_titles_desc":"","_seopress_robots_index":""},"product_brand":[],"product_cat":[1348,1379,1632],"product_tag":[],"class_list":{"0":"post-82914","1":"product","2":"type-product","3":"status-publish","4":"has-post-thumbnail","6":"product_cat-damen-mode","7":"product_cat-kleider","8":"product_cat-hemdblusenkleider","9":"product_shipping_class-standard-versand","11":"first","12":"instock","13":"sale","14":"taxable","15":"shipping-taxable","16":"purchasable","17":"product-type-simple"},"_links":{"self":[{"href":"https:\/\/www.soanam.de\/pl\/wp-json\/wp\/v2\/product\/82914","targetHints":{"allow":["GET"]}}],"collection":[{"href":"https:\/\/www.soanam.de\/pl\/wp-json\/wp\/v2\/product"}],"about":[{"href":"https:\/\/www.soanam.de\/pl\/wp-json\/wp\/v2\/types\/product"}],"replies":[{"embeddable":true,"href":"https:\/\/www.soanam.de\/pl\/wp-json\/wp\/v2\/comments?post=82914"}],"wp:featuredmedia":[{"embeddable":true,"href":"https:\/\/www.soanam.de\/pl\/wp-json\/wp\/v2\/media\/83046"}],"wp:attachment":[{"href":"https:\/\/www.soanam.de\/pl\/wp-json\/wp\/v2\/media?parent=82914"}],"wp:term":[{"taxonomy":"product_brand","embeddable":true,"href":"https:\/\/www.soanam.de\/pl\/wp-json\/wp\/v2\/product_brand?post=82914"},{"taxonomy":"product_cat","embeddable":true,"href":"https:\/\/www.soanam.de\/pl\/wp-json\/wp\/v2\/product_cat?post=82914"},{"taxonomy":"product_tag","embeddable":true,"href":"https:\/\/www.soanam.de\/pl\/wp-json\/wp\/v2\/product_tag?post=82914"}],"curies":[{"name":"wp","href":"https:\/\/api.w.org\/{rel}","templated":true}]}}