{"id":82882,"date":"2023-12-14T21:09:08","date_gmt":"2023-12-14T20:09:08","guid":{"rendered":"https:\/\/www.soanam.de\/?post_type=product&#038;p=82882"},"modified":"2023-12-16T04:43:15","modified_gmt":"2023-12-16T03:43:15","slug":"s-oliver-gestreifte-hemdbluse-in-blau-weiss-gr-46","status":"publish","type":"product","link":"https:\/\/www.soanam.de\/pl\/produkt\/s-oliver-gestreifte-hemdbluse-in-blau-weiss-gr-46\/","title":{"rendered":"S.Oliver gestreifte Hemdbluse , in Blau-Wei\u00df, Gr.46"},"content":{"rendered":"<p>Streifenbluse von s.Oliver<br \/>\nlockere Passform<br \/>\nKo\u0142nierzyk koszuli<br \/>\nverdeckte Knopfleiste<br \/>\naufgesetzte Brusttasche<br \/>\nlange \u00c4rmel mit Turn-Up-Funktion<br \/>\nabgerundeter Saum<br \/>\nViskose-Qualit\u00e4t<\/p>\n<p>Die Bluse von s.Oliver f\u00fcgt sich mit ihrem erfrischenden Streifen-Dessin und der lockeren Viskose-Qualit\u00e4t ganz charmant in die stilvolle Freizeit-Garderobe ein.<br \/>\nEine verdeckte Knopfleiste, aufgesetzte Brusttasche und der leicht abgerundete Saum sind nur wenige der h\u00fcbschen Details, die die super bequeme Bluse zu bieten hat.<\/p>\n<p>Materia\u0142: wiskoza 100%<br \/>\nWskaz\u00f3wki dotycz\u0105ce piel\u0119gnacji: Pra\u0107 w pralce<\/p>\n<p>Kolor: niebiesko-bia\u0142y<br \/>\nWz\u00f3r: paski<br \/>\nRozmiar: 46<\/p>\n<p>Szeroko\u015b\u0107 ramion: 45 cm<br \/>\nSzeroko\u015b\u0107 klatki piersiowej: 136 cm<br \/>\nD\u0142ugo\u015b\u0107 r\u0119kawa: 64 cm<br \/>\nCa\u0142kowita d\u0142ugo\u015b\u0107: 76 cm<\/p>\n<p>&nbsp;<\/p>\n<p>Ten nowy przedmiot jest zwrotem klienta bez etykiety.<\/p>","protected":false},"excerpt":{"rendered":"<table class=\"dv_characteristicsTable\">\n<tbody>\n<tr>\n<td class=\"left\">Rozmiar<\/td>\n<td>46<\/td>\n<\/tr>\n<tr>\n<td class=\"left\">Gr\u00f6\u00dfentyp<\/td>\n<td>Normalgr\u00f6\u00dfen<\/td>\n<\/tr>\n<tr>\n<td class=\"left\">Sk\u0142ad materia\u0142u<\/td>\n<td>Obermaterial: 100% Viskose<\/td>\n<\/tr>\n<tr>\n<td class=\"left\">Materialart<\/td>\n<td>Web<\/td>\n<\/tr>\n<tr>\n<td class=\"left\">Instrukcje dotycz\u0105ce piel\u0119gnacji<\/td>\n<td>Pranie w pralce<\/td>\n<\/tr>\n<tr>\n<td class=\"left\">Optik<\/td>\n<td>gestreift<\/td>\n<\/tr>\n<tr>\n<td class=\"left\">Stil<\/td>\n<td>modisch<\/td>\n<\/tr>\n<tr>\n<td class=\"left\">Kolor<\/td>\n<td>blau-wei\u00df<\/td>\n<\/tr>\n<tr>\n<td class=\"left\">Kragen<\/td>\n<td>Ko\u0142nierzyk koszuli<\/td>\n<\/tr>\n<tr>\n<td class=\"left\">Ausschnitt<\/td>\n<td>Kragen<\/td>\n<\/tr>\n<tr>\n<td class=\"left\">\u00c4rmel<\/td>\n<td>D\u0142ugi r\u0119kaw<\/td>\n<\/tr>\n<tr>\n<td class=\"left\">\u00c4rmeldetails<\/td>\n<td>2-Knopf Manschette<\/td>\n<\/tr>\n<tr>\n<td class=\"left\">Rumpfabschluss<\/td>\n<td>abgerundet<\/td>\n<\/tr>\n<tr>\n<td class=\"left\">Dopasowanie<\/td>\n<td>locker<\/td>\n<\/tr>\n<tr>\n<td class=\"left\">Schnittform L\u00e4nge<\/td>\n<td>Oberschenkellang<\/td>\n<\/tr>\n<tr>\n<td class=\"left\"><\/td>\n<td><\/td>\n<\/tr>\n<tr>\n<td class=\"left\"><\/td>\n<td><\/td>\n<\/tr>\n<\/tbody>\n<\/table>","protected":false},"featured_media":83023,"comment_status":"open","ping_status":"closed","template":"","meta":{"_seopress_robots_primary_cat":"","_seopress_titles_title":"","_seopress_titles_desc":"","_seopress_robots_index":""},"product_brand":[],"product_cat":[1348,1414,1415],"product_tag":[],"class_list":{"0":"post-82882","1":"product","2":"type-product","3":"status-publish","4":"has-post-thumbnail","6":"product_cat-damen-mode","7":"product_cat-blusen","8":"product_cat-langarm","9":"product_shipping_class-standard-versand","11":"first","12":"instock","13":"sale","14":"taxable","15":"shipping-taxable","16":"purchasable","17":"product-type-simple"},"_links":{"self":[{"href":"https:\/\/www.soanam.de\/pl\/wp-json\/wp\/v2\/product\/82882","targetHints":{"allow":["GET"]}}],"collection":[{"href":"https:\/\/www.soanam.de\/pl\/wp-json\/wp\/v2\/product"}],"about":[{"href":"https:\/\/www.soanam.de\/pl\/wp-json\/wp\/v2\/types\/product"}],"replies":[{"embeddable":true,"href":"https:\/\/www.soanam.de\/pl\/wp-json\/wp\/v2\/comments?post=82882"}],"wp:featuredmedia":[{"embeddable":true,"href":"https:\/\/www.soanam.de\/pl\/wp-json\/wp\/v2\/media\/83023"}],"wp:attachment":[{"href":"https:\/\/www.soanam.de\/pl\/wp-json\/wp\/v2\/media?parent=82882"}],"wp:term":[{"taxonomy":"product_brand","embeddable":true,"href":"https:\/\/www.soanam.de\/pl\/wp-json\/wp\/v2\/product_brand?post=82882"},{"taxonomy":"product_cat","embeddable":true,"href":"https:\/\/www.soanam.de\/pl\/wp-json\/wp\/v2\/product_cat?post=82882"},{"taxonomy":"product_tag","embeddable":true,"href":"https:\/\/www.soanam.de\/pl\/wp-json\/wp\/v2\/product_tag?post=82882"}],"curies":[{"name":"wp","href":"https:\/\/api.w.org\/{rel}","templated":true}]}}