{"id":82849,"date":"2023-12-14T03:11:11","date_gmt":"2023-12-14T02:11:11","guid":{"rendered":"https:\/\/www.soanam.de\/?post_type=product&#038;p=82849"},"modified":"2023-12-16T04:41:29","modified_gmt":"2023-12-16T03:41:29","slug":"buffalo-schlupfbluse-mit-bindeband-in-schwarz-weiss-gr-46","status":"publish","type":"product","link":"https:\/\/www.soanam.de\/pl\/produkt\/buffalo-schlupfbluse-mit-bindeband-in-schwarz-weiss-gr-46\/","title":{"rendered":"Buffalo Schlupfbluse mit Bindeband in Schwarz, Wei\u00df, Gr. 46"},"content":{"rendered":"<p>Bequeme Schlupfbluse von Buffalo<br \/>\nRundhalsausschnitt mit Schlitz und Bindeband<br \/>\nRaffinierter Peplumschnitt<br \/>\nTrompeten\u00e4rmel in 3\/4 L\u00e4nge<br \/>\nQuaste am Bindeband<br \/>\nLeichte, gewebte Viskose<\/p>\n<p>Mit der luftigen Bluse von Buffalo kommt jetzt Boho-Chic in deine Garderobe!<br \/>\nDer verspielte Look wird durch den Rundhalsausschnitt mit Schlitz und Bindeb\u00e4ndern gepr\u00e4gt, s\u00fc\u00dfe Quasten schm\u00fccken die Kordeln.<br \/>\nDer angesagte Schnitt im Peplum-Design macht die Damenbluse besonders bequem und zaubert eine feminine Taille.<br \/>\nDurch das leichte, gewebte Material kommt das charmante Allovermuster super zur Geltung, die Trompeten\u00e4rmel sind in 3\/4 L\u00e4nge.<\/p>\n<p>Materia\u0142: wiskoza 100%<br \/>\nWskaz\u00f3wki dotycz\u0105ce piel\u0119gnacji: Pra\u0107 w pralce<\/p>\n<p>Kolor: czarny, bia\u0142y<br \/>\nMuster: geometrisch<br \/>\nRozmiar: 46<\/p>\n<p>Szeroko\u015b\u0107 ramion: 49 cm<br \/>\nSzeroko\u015b\u0107 klatki piersiowej: 124 cm<br \/>\nD\u0142ugo\u015b\u0107 r\u0119kawa: 48 cm<br \/>\nCa\u0142kowita d\u0142ugo\u015b\u0107: 72 cm<\/p>\n<p>&nbsp;<\/p>\n<p>Ten nowy przedmiot jest zwrotem klienta bez etykiety.<\/p>","protected":false},"excerpt":{"rendered":"<table class=\"dv_characteristicsTable\">\n<tbody>\n<tr>\n<td class=\"left\">Rozmiar<\/td>\n<td>46<\/td>\n<\/tr>\n<tr>\n<td class=\"left\">Gr\u00f6\u00dfentyp<\/td>\n<td>Normalgr\u00f6\u00dfen<\/td>\n<\/tr>\n<tr>\n<td class=\"left\">Sk\u0142ad materia\u0142u<\/td>\n<td>Obermaterial: 100% Viskose<\/td>\n<\/tr>\n<tr>\n<td class=\"left\">Materialart<\/td>\n<td>Web<\/td>\n<\/tr>\n<tr>\n<td class=\"left\">Instrukcje dotycz\u0105ce piel\u0119gnacji<\/td>\n<td>Pranie w pralce<\/td>\n<\/tr>\n<tr>\n<td class=\"left\">Optik<\/td>\n<td>bedruckt<\/td>\n<\/tr>\n<tr>\n<td class=\"left\">Stil<\/td>\n<td>modisch<\/td>\n<\/tr>\n<tr>\n<td class=\"left\">Kolor<\/td>\n<td>schwarz, wei\u00df<\/td>\n<\/tr>\n<tr>\n<td class=\"left\">Kragen<\/td>\n<td>ohne Kragen<\/td>\n<\/tr>\n<tr>\n<td class=\"left\">Ausschnitt<\/td>\n<td>Dekolt w szpic<\/td>\n<\/tr>\n<tr>\n<td class=\"left\">\u00c4rmel<\/td>\n<td>R\u0119kaw 3\/4<\/td>\n<\/tr>\n<tr>\n<td class=\"left\">\u00c4rmeldetails<\/td>\n<td>Trompeten\u00e4rmel<\/td>\n<\/tr>\n<tr>\n<td class=\"left\">Rumpfabschluss<\/td>\n<td>gerader Abschluss<\/td>\n<\/tr>\n<tr>\n<td class=\"left\">Dopasowanie<\/td>\n<td>locker<\/td>\n<\/tr>\n<tr>\n<td class=\"left\">Schnittdetails<\/td>\n<td>Raffung an der Unterbrustnaht<\/td>\n<\/tr>\n<tr>\n<td class=\"left\">Schnittform L\u00e4nge<\/td>\n<td>h\u00fcftlang<\/td>\n<\/tr>\n<tr>\n<td class=\"left\">Applikationen<\/td>\n<td>B\u00e4nder, Quasten<\/td>\n<\/tr>\n<\/tbody>\n<\/table>","protected":false},"featured_media":83008,"comment_status":"open","ping_status":"closed","template":"","meta":{"_seopress_robots_primary_cat":"","_seopress_titles_title":"","_seopress_titles_desc":"","_seopress_robots_index":""},"product_brand":[],"product_cat":[1348,1414,1540],"product_tag":[],"class_list":{"0":"post-82849","1":"product","2":"type-product","3":"status-publish","4":"has-post-thumbnail","6":"product_cat-damen-mode","7":"product_cat-blusen","8":"product_cat-3-4-arm","9":"product_shipping_class-standard-versand","11":"first","12":"instock","13":"sale","14":"taxable","15":"shipping-taxable","16":"purchasable","17":"product-type-simple"},"_links":{"self":[{"href":"https:\/\/www.soanam.de\/pl\/wp-json\/wp\/v2\/product\/82849","targetHints":{"allow":["GET"]}}],"collection":[{"href":"https:\/\/www.soanam.de\/pl\/wp-json\/wp\/v2\/product"}],"about":[{"href":"https:\/\/www.soanam.de\/pl\/wp-json\/wp\/v2\/types\/product"}],"replies":[{"embeddable":true,"href":"https:\/\/www.soanam.de\/pl\/wp-json\/wp\/v2\/comments?post=82849"}],"wp:featuredmedia":[{"embeddable":true,"href":"https:\/\/www.soanam.de\/pl\/wp-json\/wp\/v2\/media\/83008"}],"wp:attachment":[{"href":"https:\/\/www.soanam.de\/pl\/wp-json\/wp\/v2\/media?parent=82849"}],"wp:term":[{"taxonomy":"product_brand","embeddable":true,"href":"https:\/\/www.soanam.de\/pl\/wp-json\/wp\/v2\/product_brand?post=82849"},{"taxonomy":"product_cat","embeddable":true,"href":"https:\/\/www.soanam.de\/pl\/wp-json\/wp\/v2\/product_cat?post=82849"},{"taxonomy":"product_tag","embeddable":true,"href":"https:\/\/www.soanam.de\/pl\/wp-json\/wp\/v2\/product_tag?post=82849"}],"curies":[{"name":"wp","href":"https:\/\/api.w.org\/{rel}","templated":true}]}}