{"id":82839,"date":"2023-12-14T03:10:20","date_gmt":"2023-12-14T02:10:20","guid":{"rendered":"https:\/\/www.soanam.de\/?post_type=product&#038;p=82839"},"modified":"2023-12-16T04:40:52","modified_gmt":"2023-12-16T03:40:52","slug":"cecil-bluse-im-lagen-look-in-schwarz-gr-xl","status":"publish","type":"product","link":"https:\/\/www.soanam.de\/pl\/produkt\/cecil-bluse-im-lagen-look-in-schwarz-gr-xl\/","title":{"rendered":"Bluzka warstwowa Cecil w kolorze czarnym, rozmiar XL"},"content":{"rendered":"<p>Material-Mix Damenbluse von Cecil<br \/>\nTrageangenehmes Material<br \/>\nH\u00fcftlang geschnitten, figurumspielend<br \/>\nIm Zweilagen-Look<br \/>\nKlassischer Rundhalsausschnitt mit Schlitz<\/p>\n<p>Office Vibes oder Freizeit - die Entscheidung liegt bei dir!<br \/>\nDie Bluse von CECIL begeistert mit Unifarbe und mit zweilagigem Look.<br \/>\nDer Chiffon Oberstoff f\u00e4llt leicht und luftig und das Futter sorgt f\u00fcr einen angenehmen Tragekomfort. Dank geschlitztem Rundhalsausschnitt wird die feminine Seite zus\u00e4tzlich betont.<\/p>\n<p>Material: Vorderseite 100% Polyester, R\u00fcckseite 95% Viskose, 5% Elasthan<br \/>\nWskaz\u00f3wki dotycz\u0105ce piel\u0119gnacji: Pra\u0107 w pralce<\/p>\n<p>Kolor: czarny<br \/>\nWz\u00f3r: bez<br \/>\nRozmiar: XL<\/p>\n<p>Szeroko\u015b\u0107 ramion: 42 cm<br \/>\nSzeroko\u015b\u0107 klatki piersiowej: 124 cm<br \/>\nD\u0142ugo\u015b\u0107 r\u0119kawa: 61 cm<br \/>\nCa\u0142kowita d\u0142ugo\u015b\u0107: 72 cm<\/p>","protected":false},"excerpt":{"rendered":"<table class=\"dv_characteristicsTable\">\n<tbody>\n<tr>\n<td class=\"left\">Rozmiar<\/td>\n<td>XL<\/td>\n<\/tr>\n<tr>\n<td class=\"left\">Gr\u00f6\u00dfentyp<\/td>\n<td>Normalgr\u00f6\u00dfen<\/td>\n<\/tr>\n<tr>\n<td class=\"left\">Sk\u0142ad materia\u0142u<\/td>\n<td>Vorderseite 100% Polyester, R\u00fcckseite 95% Viskose, 5% Elasthan<\/td>\n<\/tr>\n<tr>\n<td class=\"left\">Materialart<\/td>\n<td>Viskose<\/td>\n<\/tr>\n<tr>\n<td class=\"left\">Instrukcje dotycz\u0105ce piel\u0119gnacji<\/td>\n<td>Pranie w pralce<\/td>\n<\/tr>\n<tr>\n<td class=\"left\">Optik<\/td>\n<td>uni<\/td>\n<\/tr>\n<tr>\n<td class=\"left\">Stil<\/td>\n<td>modisch<\/td>\n<\/tr>\n<tr>\n<td class=\"left\">Kolor<\/td>\n<td>schwarz<\/td>\n<\/tr>\n<tr>\n<td class=\"left\">Ausschnitt<\/td>\n<td>Rundhalsausschnitt mit Schlitz<\/td>\n<\/tr>\n<tr>\n<td class=\"left\">\u00c4rmel<\/td>\n<td>D\u0142ugi r\u0119kaw<\/td>\n<\/tr>\n<tr>\n<td class=\"left\">Merkmal<\/td>\n<td>Lagen-Look<\/td>\n<\/tr>\n<tr>\n<td class=\"left\">L\u00e4nge der Bluse<\/td>\n<td>h\u00fcftlang<\/td>\n<\/tr>\n<tr>\n<td class=\"left\"><\/td>\n<td><\/td>\n<\/tr>\n<tr>\n<td class=\"left\"><\/td>\n<td><\/td>\n<\/tr>\n<tr>\n<td class=\"left\"><\/td>\n<td><\/td>\n<\/tr>\n<tr>\n<td class=\"left\"><\/td>\n<td><\/td>\n<\/tr>\n<tr>\n<td class=\"left\"><\/td>\n<td><\/td>\n<\/tr>\n<tr>\n<td class=\"left\"><\/td>\n<td><\/td>\n<\/tr>\n<tr>\n<td class=\"left\"><\/td>\n<td><\/td>\n<\/tr>\n<\/tbody>\n<\/table>","protected":false},"featured_media":83003,"comment_status":"open","ping_status":"closed","template":"","meta":{"_seopress_robots_primary_cat":"","_seopress_titles_title":"","_seopress_titles_desc":"","_seopress_robots_index":""},"product_brand":[],"product_cat":[1348,1414,1415],"product_tag":[],"class_list":{"0":"post-82839","1":"product","2":"type-product","3":"status-publish","4":"has-post-thumbnail","6":"product_cat-damen-mode","7":"product_cat-blusen","8":"product_cat-langarm","9":"product_shipping_class-standard-versand","11":"first","12":"instock","13":"sale","14":"taxable","15":"shipping-taxable","16":"purchasable","17":"product-type-simple"},"_links":{"self":[{"href":"https:\/\/www.soanam.de\/pl\/wp-json\/wp\/v2\/product\/82839","targetHints":{"allow":["GET"]}}],"collection":[{"href":"https:\/\/www.soanam.de\/pl\/wp-json\/wp\/v2\/product"}],"about":[{"href":"https:\/\/www.soanam.de\/pl\/wp-json\/wp\/v2\/types\/product"}],"replies":[{"embeddable":true,"href":"https:\/\/www.soanam.de\/pl\/wp-json\/wp\/v2\/comments?post=82839"}],"wp:featuredmedia":[{"embeddable":true,"href":"https:\/\/www.soanam.de\/pl\/wp-json\/wp\/v2\/media\/83003"}],"wp:attachment":[{"href":"https:\/\/www.soanam.de\/pl\/wp-json\/wp\/v2\/media?parent=82839"}],"wp:term":[{"taxonomy":"product_brand","embeddable":true,"href":"https:\/\/www.soanam.de\/pl\/wp-json\/wp\/v2\/product_brand?post=82839"},{"taxonomy":"product_cat","embeddable":true,"href":"https:\/\/www.soanam.de\/pl\/wp-json\/wp\/v2\/product_cat?post=82839"},{"taxonomy":"product_tag","embeddable":true,"href":"https:\/\/www.soanam.de\/pl\/wp-json\/wp\/v2\/product_tag?post=82839"}],"curies":[{"name":"wp","href":"https:\/\/api.w.org\/{rel}","templated":true}]}}