{"id":82805,"date":"2023-12-14T03:07:48","date_gmt":"2023-12-14T02:07:48","guid":{"rendered":"https:\/\/www.soanam.de\/?post_type=product&#038;p=82805"},"modified":"2023-12-14T21:16:39","modified_gmt":"2023-12-14T20:16:39","slug":"polarino-funktionsparka-wasserdicht-in-khaki-gr-40","status":"publish","type":"product","link":"https:\/\/www.soanam.de\/pl\/produkt\/polarino-funktionsparka-wasserdicht-in-khaki-gr-40\/","title":{"rendered":"Polarino Funktionsparka wasserdicht, in Khaki, Gr. 40"},"content":{"rendered":"<p>Wetterfester, wattierter Winterparka von Polarino<br \/>\nAtmungsaktiv, winddicht, wasserdicht. Wassers\u00e4ule 3000mm<br \/>\nVerschwei\u00dfte N\u00e4hte<br \/>\nIm R\u00fccken- und Brustbereich sowie in der Kapuze mit Fleece gef\u00fcttert<br \/>\nR\u00fcckseite etwas l\u00e4nger geschnitten<br \/>\nZ wyko\u0144czeniem Bionic Finish Eco - produkowane bez PFC<\/p>\n<p>Der wattierte Winterparka von Polarino sorgt selbst bei kalten Temperaturen f\u00fcr Spa\u00df bei Outdooraktivit\u00e4ten.<br \/>\nDie 3000-mm-Wassers\u00e4ule und die atmungsaktiven, wind- und wasserdichten Eigenschaften r\u00fcsten die Damenjacke bestens aus.<br \/>\nIm Inneren des Parkas ist an Brust, R\u00fccken und Kapuze ein kuscheliges Fleecefutter angebracht.<br \/>\nZudem begeistert der l\u00e4ssige Wintermantel mit seitlichen Pattentaschen, Brusttaschen, Innentasche und wetterfester Materialmischung inklusive warmer Wattierung.<\/p>\n<p>Material: 80% Polyester, 20% Polyamid<br \/>\nWskaz\u00f3wki dotycz\u0105ce piel\u0119gnacji: Pra\u0107 w pralce<\/p>\n<p>Farbe: khaki<br \/>\nWz\u00f3r: bez<br \/>\nRozmiar:40<\/p>\n<p>Szeroko\u015b\u0107 ramion: 45 cm<br \/>\nSzeroko\u015b\u0107 klatki piersiowej: 114 cm<br \/>\nD\u0142ugo\u015b\u0107 r\u0119kawa: 65 cm<br \/>\nCa\u0142kowita d\u0142ugo\u015b\u0107: 93 cm<\/p>","protected":false},"excerpt":{"rendered":"<table class=\"dv_characteristicsTable\">\n<tbody>\n<tr>\n<td class=\"left\">Rozmiar<\/td>\n<td>40<\/td>\n<\/tr>\n<tr>\n<td class=\"left\">Gr\u00f6\u00dfentyp<\/td>\n<td>Normalgr\u00f6\u00dfen<\/td>\n<\/tr>\n<tr>\n<td class=\"left\">Sk\u0142ad materia\u0142u<\/td>\n<td>80% Polyester, 20% Polyamid<\/td>\n<\/tr>\n<tr>\n<td class=\"left\">Materialart<\/td>\n<td>Web<\/td>\n<\/tr>\n<tr>\n<td class=\"left\">Materialart Innenfutter<\/td>\n<td>Web<\/td>\n<\/tr>\n<tr>\n<td class=\"left\">Materialeigenschaften<\/td>\n<td>wasserdicht, winddicht, atmungsaktiv<\/td>\n<\/tr>\n<tr>\n<td class=\"left\">Instrukcje dotycz\u0105ce piel\u0119gnacji<\/td>\n<td>Pranie w pralce<\/td>\n<\/tr>\n<tr>\n<td class=\"left\">Stil<\/td>\n<td>casual<\/td>\n<\/tr>\n<tr>\n<td class=\"left\">Kolor<\/td>\n<td>khaki<\/td>\n<\/tr>\n<tr>\n<td class=\"left\">Kragen<\/td>\n<td>Obro\u017ca stoj\u0105ca<\/td>\n<\/tr>\n<tr>\n<td class=\"left\">\u00c4rmel<\/td>\n<td>D\u0142ugi r\u0119kaw<\/td>\n<\/tr>\n<tr>\n<td class=\"left\">\u00c4rmelabschluss<\/td>\n<td>Rippstrickb\u00fcndchen<\/td>\n<\/tr>\n<tr>\n<td class=\"left\">\u00c4rmeldetails<\/td>\n<td>mit Markenlogo<\/td>\n<\/tr>\n<tr>\n<td class=\"left\">Dopasowanie<\/td>\n<td>normal<\/td>\n<\/tr>\n<tr>\n<td class=\"left\">Kaptur<\/td>\n<td>mit Kapuze<\/td>\n<\/tr>\n<tr>\n<td class=\"left\">Kapuzendetails<\/td>\n<td>mit Tunnelzug<\/td>\n<\/tr>\n<tr>\n<td class=\"left\">Kapuzenf\u00fctterung<\/td>\n<td>in Fleece<\/td>\n<\/tr>\n<tr>\n<td class=\"left\">Applikationen<\/td>\n<td>ohne<\/td>\n<\/tr>\n<tr>\n<td class=\"left\">Torby<\/td>\n<td>Pattentaschen, Brusttaschen, Innentasche<\/td>\n<\/tr>\n<tr>\n<td class=\"left\">Verschluss<\/td>\n<td>2-Wege Rei\u00dfverschluss, Druckkn\u00f6pfe<\/td>\n<\/tr>\n<tr>\n<td class=\"left\">Besondere Merkmale<\/td>\n<td>\u00a0hinten l\u00e4nger geschnitten<\/td>\n<\/tr>\n<\/tbody>\n<\/table>","protected":false},"featured_media":82949,"comment_status":"open","ping_status":"closed","template":"","meta":{"_seopress_robots_primary_cat":"","_seopress_titles_title":"","_seopress_titles_desc":"","_seopress_robots_index":""},"product_brand":[],"product_cat":[1348,1354,1440],"product_tag":[],"class_list":{"0":"post-82805","1":"product","2":"type-product","3":"status-publish","4":"has-post-thumbnail","6":"product_cat-damen-mode","7":"product_cat-jacken-maentel","8":"product_cat-parkas-winterjacken","9":"product_shipping_class-standard-versand","11":"first","12":"instock","13":"sale","14":"taxable","15":"shipping-taxable","16":"purchasable","17":"product-type-simple"},"_links":{"self":[{"href":"https:\/\/www.soanam.de\/pl\/wp-json\/wp\/v2\/product\/82805","targetHints":{"allow":["GET"]}}],"collection":[{"href":"https:\/\/www.soanam.de\/pl\/wp-json\/wp\/v2\/product"}],"about":[{"href":"https:\/\/www.soanam.de\/pl\/wp-json\/wp\/v2\/types\/product"}],"replies":[{"embeddable":true,"href":"https:\/\/www.soanam.de\/pl\/wp-json\/wp\/v2\/comments?post=82805"}],"wp:featuredmedia":[{"embeddable":true,"href":"https:\/\/www.soanam.de\/pl\/wp-json\/wp\/v2\/media\/82949"}],"wp:attachment":[{"href":"https:\/\/www.soanam.de\/pl\/wp-json\/wp\/v2\/media?parent=82805"}],"wp:term":[{"taxonomy":"product_brand","embeddable":true,"href":"https:\/\/www.soanam.de\/pl\/wp-json\/wp\/v2\/product_brand?post=82805"},{"taxonomy":"product_cat","embeddable":true,"href":"https:\/\/www.soanam.de\/pl\/wp-json\/wp\/v2\/product_cat?post=82805"},{"taxonomy":"product_tag","embeddable":true,"href":"https:\/\/www.soanam.de\/pl\/wp-json\/wp\/v2\/product_tag?post=82805"}],"curies":[{"name":"wp","href":"https:\/\/api.w.org\/{rel}","templated":true}]}}