{"id":82794,"date":"2023-12-14T03:07:10","date_gmt":"2023-12-14T02:07:10","guid":{"rendered":"https:\/\/www.soanam.de\/?post_type=product&#038;p=82794"},"modified":"2023-12-14T21:14:15","modified_gmt":"2023-12-14T20:14:15","slug":"soccx-pikowany-plaszcz-z-odpinanym-kapturem-czarny-gr-l","status":"publish","type":"product","link":"https:\/\/www.soanam.de\/pl\/produkt\/soccx-steppmantel-mit-abnehmbarer-kapuze-in-schwarz-gr-l\/","title":{"rendered":"Pikowany p\u0142aszcz Soccx z odpinanym kapturem, czarny, rozmiar L"},"content":{"rendered":"<p>Modny pikowany p\u0142aszcz od SOCCX<br \/>\nOgrzewaj\u0105cy p\u0142aszcz zimowy<br \/>\nSlim fit<br \/>\nOdpinane sztuczne futro na odpinanym kapturze<br \/>\nZ nadrukiem logo<br \/>\nPodszewka i zamki w kontrastowym kolorze<br \/>\nKieszenie zewn\u0119trzne, kieszenie na piersi, kiesze\u0144 wewn\u0119trzna<\/p>\n<p>Asymetryczne pikowanie umiej\u0119tnie przyci\u0105ga uwag\u0119 do talii, a lu\u017any kr\u00f3j pozostawia du\u017co miejsca do manewrowania. Pikowana parka od SOCCX ju\u017c jest zwyci\u0119zc\u0105.<br \/>\nDrug\u0105 atrakcj\u0105 jest odpinany kaptur z odpinanym obszyciem ze sztucznego futra.<br \/>\nKolejnym detalem, o kt\u00f3rym warto wspomnie\u0107, jest kontrastowa podszewka w jasnor\u00f3\u017cowym kolorze, kt\u00f3r\u0105 mo\u017cna znale\u017a\u0107 r\u00f3wnie\u017c na zamkach b\u0142yskawicznych.<br \/>\nLiczne nadruki z logo umiej\u0119tnie dope\u0142niaj\u0105 og\u00f3lny wygl\u0105d tej \u015bwietnej kurtki.<\/p>\n<p>Materia\u0142: poliester 100%<br \/>\nWskaz\u00f3wki dotycz\u0105ce piel\u0119gnacji: Pra\u0107 w pralce<\/p>\n<p>Kolor: czarny<br \/>\nWz\u00f3r: Nadruk z logo<br \/>\nRozmiar: L<\/p>\n<p>Szeroko\u015b\u0107 ramion: 40 cm<br \/>\nSzeroko\u015b\u0107 klatki piersiowej: 104 cm<br \/>\nD\u0142ugo\u015b\u0107 r\u0119kawa: 63 cm<br \/>\nCa\u0142kowita d\u0142ugo\u015b\u0107: 87 cm<\/p>","protected":false},"excerpt":{"rendered":"<table class=\"dv_characteristicsTable\">\n<tbody>\n<tr>\n<td class=\"left\">Rozmiar<\/td>\n<td>L<\/td>\n<\/tr>\n<tr>\n<td class=\"left\">Gr\u00f6\u00dfentyp<\/td>\n<td>Normalgr\u00f6\u00dfen<\/td>\n<\/tr>\n<tr>\n<td class=\"left\">Sk\u0142ad materia\u0142u<\/td>\n<td>100% Poliester<\/td>\n<\/tr>\n<tr>\n<td class=\"left\">Materialart<\/td>\n<td>Web<\/td>\n<\/tr>\n<tr>\n<td class=\"left\">Materialart Innenfutter<\/td>\n<td>Web<\/td>\n<\/tr>\n<tr>\n<td class=\"left\">Materialeigenschaften<\/td>\n<td>wasserabweisend, windabweisend<\/td>\n<\/tr>\n<tr>\n<td class=\"left\">Instrukcje dotycz\u0105ce piel\u0119gnacji<\/td>\n<td>Pranie w pralce<\/td>\n<\/tr>\n<tr>\n<td class=\"left\">Stil<\/td>\n<td>casual<\/td>\n<\/tr>\n<tr>\n<td class=\"left\">Kolor<\/td>\n<td>schwarz<\/td>\n<\/tr>\n<tr>\n<td class=\"left\">Kragen<\/td>\n<td>Obro\u017ca stoj\u0105ca<\/td>\n<\/tr>\n<tr>\n<td class=\"left\">\u00c4rmel<\/td>\n<td>D\u0142ugi r\u0119kaw<\/td>\n<\/tr>\n<tr>\n<td class=\"left\">\u00c4rmelabschluss<\/td>\n<td>Rippstrickb\u00fcndchen<\/td>\n<\/tr>\n<tr>\n<td class=\"left\">\u00c4rmeldetails<\/td>\n<td>mit Logo<\/td>\n<\/tr>\n<tr>\n<td class=\"left\">Dopasowanie<\/td>\n<td>slim<\/td>\n<\/tr>\n<tr>\n<td class=\"left\">Kaptur<\/td>\n<td>mit Kapuze<\/td>\n<\/tr>\n<tr>\n<td class=\"left\">Kapuzendetails<\/td>\n<td>abnehmbar<\/td>\n<\/tr>\n<tr>\n<td class=\"left\">Kapuzenf\u00fctterung<\/td>\n<td>in Kontrastfarbe<\/td>\n<\/tr>\n<tr>\n<td class=\"left\">Applikationen<\/td>\n<td>kontrastfarbene Details<\/td>\n<\/tr>\n<tr>\n<td class=\"left\">Torby<\/td>\n<td>Pattentaschen, Eingrifftaschen, Brusttaschen<\/td>\n<\/tr>\n<tr>\n<td class=\"left\">Verschluss<\/td>\n<td>2-Wege Rei\u00dfverschluss<\/td>\n<\/tr>\n<tr>\n<td class=\"left\">Besondere Merkmale<\/td>\n<td>\u00a0Kapuze mit Fellbesatz<\/td>\n<\/tr>\n<\/tbody>\n<\/table>","protected":false},"featured_media":82923,"comment_status":"open","ping_status":"closed","template":"","meta":{"_seopress_robots_primary_cat":"","_seopress_titles_title":"","_seopress_titles_desc":"","_seopress_robots_index":""},"product_brand":[],"product_cat":[1348,1354,1376],"product_tag":[],"class_list":{"0":"post-82794","1":"product","2":"type-product","3":"status-publish","4":"has-post-thumbnail","6":"product_cat-damen-mode","7":"product_cat-jacken-maentel","8":"product_cat-daunenjacken-steppjacken","9":"product_shipping_class-standard-versand","11":"first","12":"instock","13":"sale","14":"taxable","15":"shipping-taxable","16":"purchasable","17":"product-type-simple"},"_links":{"self":[{"href":"https:\/\/www.soanam.de\/pl\/wp-json\/wp\/v2\/product\/82794","targetHints":{"allow":["GET"]}}],"collection":[{"href":"https:\/\/www.soanam.de\/pl\/wp-json\/wp\/v2\/product"}],"about":[{"href":"https:\/\/www.soanam.de\/pl\/wp-json\/wp\/v2\/types\/product"}],"replies":[{"embeddable":true,"href":"https:\/\/www.soanam.de\/pl\/wp-json\/wp\/v2\/comments?post=82794"}],"wp:featuredmedia":[{"embeddable":true,"href":"https:\/\/www.soanam.de\/pl\/wp-json\/wp\/v2\/media\/82923"}],"wp:attachment":[{"href":"https:\/\/www.soanam.de\/pl\/wp-json\/wp\/v2\/media?parent=82794"}],"wp:term":[{"taxonomy":"product_brand","embeddable":true,"href":"https:\/\/www.soanam.de\/pl\/wp-json\/wp\/v2\/product_brand?post=82794"},{"taxonomy":"product_cat","embeddable":true,"href":"https:\/\/www.soanam.de\/pl\/wp-json\/wp\/v2\/product_cat?post=82794"},{"taxonomy":"product_tag","embeddable":true,"href":"https:\/\/www.soanam.de\/pl\/wp-json\/wp\/v2\/product_tag?post=82794"}],"curies":[{"name":"wp","href":"https:\/\/api.w.org\/{rel}","templated":true}]}}