{"id":82790,"date":"2023-12-14T03:07:09","date_gmt":"2023-12-14T02:07:09","guid":{"rendered":"https:\/\/www.soanam.de\/?post_type=product&#038;p=82790"},"modified":"2023-12-14T21:11:08","modified_gmt":"2023-12-14T20:11:08","slug":"kalejdoskopowy-kombinezon-z-brokatowymi-nitkami-czarny-srebrny-gr-l","status":"publish","type":"product","link":"https:\/\/www.soanam.de\/pl\/produkt\/kaleidoscope-jumpsuit-mit-glitzerfaeden-in-schwarz-silber-gr-l\/","title":{"rendered":"Kalejdoskopowy kombinezon z b\u0142yszcz\u0105cymi nitkami, czarny, srebrny, rozmiar L"},"content":{"rendered":"<p>Jumpsuit von Kaleidoscope<br \/>\nKr\u00f3tki r\u0119kaw<br \/>\nMit Bindeg\u00fcrtrl und G\u00fcrtelschlaufen<br \/>\nGummizug in der Taille<br \/>\nDekolt w szpic<br \/>\nWeite Hosenbeine<br \/>\nMetallische Fasern<\/p>\n<p>Eine extravagante Material-Kombination, in Optik und Tragekomfort unvergleichbar ist dieser Jumpsuit der Marke Kaleidoscope.<br \/>\nDer Materialmix aus Polyamid und Elasten in Verbindung mit metallischen Fasern machen den ausgestellten Overall zum festlichen Begleiter.<br \/>\nEin Bindeband tailliert den Jumpsuit und setzt damit die Figur der Tr\u00e4gerin in Szene.<\/p>\n<p>Material: 79% Polyamid, 16% metallische Fasern, 5% Elasten<br \/>\nWskaz\u00f3wki dotycz\u0105ce piel\u0119gnacji: Delikatne pranie<\/p>\n<p>Farbe: schwarz, silber<br \/>\nMuster: Glitzer<br \/>\nRozmiar: 44<\/p>\n<p>Szeroko\u015b\u0107 ramion: 54 cm<br \/>\nSzeroko\u015b\u0107 klatki piersiowej: 120 cm<br \/>\nD\u0142ugo\u015b\u0107 r\u0119kawa: 25 cm<br \/>\nD\u0142ugo\u015b\u0107 stopnia: 75 cm<br \/>\nGesamtl\u00e4nge: 158cm<\/p>\n<p>&nbsp;<\/p>\n<p>Ten nowy przedmiot jest zwrotem klienta bez etykiety.<\/p>","protected":false},"excerpt":{"rendered":"<div><\/div>\n<div><span style=\"font-family: Arial;\">Material: Polyamid, Elasthan, metallische Faser<\/span><\/div>\n<div><span style=\"font-family: Arial;\">Farbe: schwarz, silber<\/span><\/div>\n<div><span style=\"font-family: Arial;\">Muster: Glitzereffekt<\/span><\/div>\n<div><span style=\"font-family: Arial;\">Przezroczysto\u015b\u0107: nieprzezroczysty<\/span><\/div>\n<div><span style=\"font-family: Arial;\">L\u00e4nge: lang<\/span><\/div>\n<div><span style=\"font-family: Arial;\">\u00c4rmel: kurzarm<\/span><\/div>\n<div>Merkmal: Bindeg\u00fcrtel<\/div>\n<div><span style=\"font-family: Arial;\">Pflegehinweis: Schonw\u00e4sche 30\u00b0C<\/span><\/div>\n<table class=\"dv_characteristicsTable\">\n<tbody>\n<tr>\n<td class=\"left\"><\/td>\n<td><\/td>\n<\/tr>\n<tr>\n<td class=\"left\"><\/td>\n<td><\/td>\n<\/tr>\n<\/tbody>\n<\/table>","protected":false},"featured_media":82895,"comment_status":"open","ping_status":"closed","template":"","meta":{"_seopress_robots_primary_cat":"","_seopress_titles_title":"","_seopress_titles_desc":"","_seopress_robots_index":""},"product_brand":[],"product_cat":[1348,1543,1544],"product_tag":[],"class_list":{"0":"post-82790","1":"product","2":"type-product","3":"status-publish","4":"has-post-thumbnail","6":"product_cat-damen-mode","7":"product_cat-anzuege","8":"product_cat-jumpsuits","9":"product_shipping_class-standard-versand","11":"first","12":"instock","13":"sale","14":"taxable","15":"shipping-taxable","16":"purchasable","17":"product-type-simple"},"_links":{"self":[{"href":"https:\/\/www.soanam.de\/pl\/wp-json\/wp\/v2\/product\/82790","targetHints":{"allow":["GET"]}}],"collection":[{"href":"https:\/\/www.soanam.de\/pl\/wp-json\/wp\/v2\/product"}],"about":[{"href":"https:\/\/www.soanam.de\/pl\/wp-json\/wp\/v2\/types\/product"}],"replies":[{"embeddable":true,"href":"https:\/\/www.soanam.de\/pl\/wp-json\/wp\/v2\/comments?post=82790"}],"wp:featuredmedia":[{"embeddable":true,"href":"https:\/\/www.soanam.de\/pl\/wp-json\/wp\/v2\/media\/82895"}],"wp:attachment":[{"href":"https:\/\/www.soanam.de\/pl\/wp-json\/wp\/v2\/media?parent=82790"}],"wp:term":[{"taxonomy":"product_brand","embeddable":true,"href":"https:\/\/www.soanam.de\/pl\/wp-json\/wp\/v2\/product_brand?post=82790"},{"taxonomy":"product_cat","embeddable":true,"href":"https:\/\/www.soanam.de\/pl\/wp-json\/wp\/v2\/product_cat?post=82790"},{"taxonomy":"product_tag","embeddable":true,"href":"https:\/\/www.soanam.de\/pl\/wp-json\/wp\/v2\/product_tag?post=82790"}],"curies":[{"name":"wp","href":"https:\/\/api.w.org\/{rel}","templated":true}]}}