{"id":82772,"date":"2023-12-14T03:06:06","date_gmt":"2023-12-14T02:06:06","guid":{"rendered":"https:\/\/www.soanam.de\/?post_type=product&#038;p=82772"},"modified":"2023-12-14T21:04:45","modified_gmt":"2023-12-14T20:04:45","slug":"beachtime-sukienka-plazowa-niebiesko-biala-w-paski-w-kwiaty-rozmiar-42","status":"publish","type":"product","link":"https:\/\/www.soanam.de\/pl\/produkt\/beachtime-strandkleid-blau-weiss-gestreift-mit-blumen-gr-42\/","title":{"rendered":"Sukienka pla\u017cowa Beachtime w niebiesko-bia\u0142e paski i kwiaty, rozmiar 42"},"content":{"rendered":"<p>Letnia sukienka do kolan od Beachtime<br \/>\nLekka wiskoza wysokiej jako\u015bci<br \/>\nZ wyci\u0119ciem V<br \/>\nW paski z kwiatowym nadrukiem<\/p>\n<p>Lekka sukienka pla\u017cowa od Beachtime jest idealnym towarzyszem na ka\u017cdy dzie\u0144.<br \/>\nJest super wygodny w noszeniu, cudownie lekki i przekazuje uczucie lata, s\u0142o\u0144ca, pla\u017cy i nie tylko dzi\u0119ki swojemu morskiemu wygl\u0105dowi....<\/p>\n<p>Materia\u0142: wiskoza 100%<br \/>\nWskaz\u00f3wki dotycz\u0105ce piel\u0119gnacji: Pra\u0107 w pralce<\/p>\n<p>Kolor: niebieski, bia\u0142y<br \/>\nWz\u00f3r: paski, kwiaty<br \/>\nRozmiar: 42<\/p>\n<p>Szeroko\u015b\u0107 ramion: 38 cm<br \/>\nSzeroko\u015b\u0107 klatki piersiowej: 98 cm<br \/>\nD\u0142ugo\u015b\u0107 r\u0119kawa: 13 cm<br \/>\nCa\u0142kowita d\u0142ugo\u015b\u0107: 102 cm<\/p>\n<p>&nbsp;<\/p>\n<p>Ten nowy przedmiot jest zwrotem klienta bez etykiety.<\/p>","protected":false},"excerpt":{"rendered":"<table class=\"dv_characteristicsTable\">\n<tbody>\n<tr>\n<td class=\"left\">Rozmiar<\/td>\n<td>42<\/td>\n<\/tr>\n<tr>\n<td class=\"left\">Gr\u00f6\u00dfentyp<\/td>\n<td>Normalgr\u00f6\u00dfen<\/td>\n<\/tr>\n<tr>\n<td class=\"left\">Sk\u0142ad materia\u0142u<\/td>\n<td>100% Wiskoza<\/td>\n<\/tr>\n<tr>\n<td class=\"left\">Materialart<\/td>\n<td>Pojedyncza koszulka<\/td>\n<\/tr>\n<tr>\n<td class=\"left\">Materialeigenschaften<\/td>\n<td>elastisch<\/td>\n<\/tr>\n<tr>\n<td class=\"left\">Instrukcje dotycz\u0105ce piel\u0119gnacji<\/td>\n<td>Pranie w pralce<\/td>\n<\/tr>\n<tr>\n<td class=\"left\">Optik<\/td>\n<td>gestreift<\/td>\n<\/tr>\n<tr>\n<td class=\"left\">Stil<\/td>\n<td>modisch<\/td>\n<\/tr>\n<tr>\n<td class=\"left\">Ausschnitt<\/td>\n<td>Dekolt w szpic<\/td>\n<\/tr>\n<tr>\n<td class=\"left\">\u00c4rmel<\/td>\n<td>Kr\u00f3tki r\u0119kaw<\/td>\n<\/tr>\n<tr>\n<td class=\"left\">\u00c4rmelabschluss<\/td>\n<td>abgesteppt<\/td>\n<\/tr>\n<tr>\n<td class=\"left\">Kleidersaum<\/td>\n<td>abgesteppt<\/td>\n<\/tr>\n<tr>\n<td class=\"left\">Dopasowanie<\/td>\n<td>figurbetont<\/td>\n<\/tr>\n<tr>\n<td class=\"left\">Schnittform L\u00e4nge<\/td>\n<td>midi<\/td>\n<\/tr>\n<tr>\n<td class=\"left\">Kolor<\/td>\n<td>blau-wei\u00df<\/td>\n<\/tr>\n<tr>\n<td class=\"left\">Applikationen<\/td>\n<td>ohne<\/td>\n<\/tr>\n<tr>\n<td class=\"left\">Besondere Merkmale<\/td>\n<td>Blumenprint<\/td>\n<\/tr>\n<\/tbody>\n<\/table>","protected":false},"featured_media":82861,"comment_status":"open","ping_status":"closed","template":"","meta":{"_seopress_robots_primary_cat":"","_seopress_titles_title":"","_seopress_titles_desc":"","_seopress_robots_index":""},"product_brand":[],"product_cat":[1348,1379,1620],"product_tag":[],"class_list":{"0":"post-82772","1":"product","2":"type-product","3":"status-publish","4":"has-post-thumbnail","6":"product_cat-damen-mode","7":"product_cat-kleider","8":"product_cat-jerseykleider","9":"product_shipping_class-standard-versand","11":"first","12":"instock","13":"sale","14":"taxable","15":"shipping-taxable","16":"purchasable","17":"product-type-simple"},"_links":{"self":[{"href":"https:\/\/www.soanam.de\/pl\/wp-json\/wp\/v2\/product\/82772","targetHints":{"allow":["GET"]}}],"collection":[{"href":"https:\/\/www.soanam.de\/pl\/wp-json\/wp\/v2\/product"}],"about":[{"href":"https:\/\/www.soanam.de\/pl\/wp-json\/wp\/v2\/types\/product"}],"replies":[{"embeddable":true,"href":"https:\/\/www.soanam.de\/pl\/wp-json\/wp\/v2\/comments?post=82772"}],"wp:featuredmedia":[{"embeddable":true,"href":"https:\/\/www.soanam.de\/pl\/wp-json\/wp\/v2\/media\/82861"}],"wp:attachment":[{"href":"https:\/\/www.soanam.de\/pl\/wp-json\/wp\/v2\/media?parent=82772"}],"wp:term":[{"taxonomy":"product_brand","embeddable":true,"href":"https:\/\/www.soanam.de\/pl\/wp-json\/wp\/v2\/product_brand?post=82772"},{"taxonomy":"product_cat","embeddable":true,"href":"https:\/\/www.soanam.de\/pl\/wp-json\/wp\/v2\/product_cat?post=82772"},{"taxonomy":"product_tag","embeddable":true,"href":"https:\/\/www.soanam.de\/pl\/wp-json\/wp\/v2\/product_tag?post=82772"}],"curies":[{"name":"wp","href":"https:\/\/api.w.org\/{rel}","templated":true}]}}