{"id":82769,"date":"2023-12-14T03:06:05","date_gmt":"2023-12-14T02:06:05","guid":{"rendered":"https:\/\/www.soanam.de\/?post_type=product&#038;p=82769"},"modified":"2023-12-14T03:11:08","modified_gmt":"2023-12-14T02:11:08","slug":"sukienka-siateczkowa-boysens-z-rekawami-3-4-w-kolorze-czarnym-rozmiar-38","status":"publish","type":"product","link":"https:\/\/www.soanam.de\/pl\/produkt\/boysens-meshkleid-mit-3-4-arm-in-schwarz-gr-38\/","title":{"rendered":"Siateczkowa sukienka Boysens z r\u0119kawami 3\/4, czarna, rozmiar 38"},"content":{"rendered":"<p>Elegantes Meshkleid von Boysens<br \/>\nChiffon-Qualit\u00e4t<br \/>\nTransparent, 3\/4 \u00c4rmel<br \/>\nKnieumspielend<br \/>\nLockerer Schnitt mit Sch\u00e4rpendetail<br \/>\nRunder Ausschnitt<br \/>\nBlickdichter, seidiger Unterrock<\/p>\n<p>Dieses Kleid besticht durch seine dezenten Details! Ein echter Blickfang!<br \/>\nDie semi-transparente Qualit\u00e4t l\u00e4sst im Bereich der 3\/4 \u00c4rmel deine Haut durchscheinen, im Bereich des Bodies ist das Kleid blickdicht unterlegt.<br \/>\nEin besonderer Blickfang ist in den Taillenbereich eingearbeitet, der geschickt kleine P\u00f6lsterchen retuschiert.<\/p>\n<p>Materia\u0142: poliester 100%<br \/>\nWskaz\u00f3wki dotycz\u0105ce piel\u0119gnacji: Pra\u0107 w pralce<\/p>\n<p>Kolor: czarny<br \/>\nWz\u00f3r: bez<br \/>\nRozmiar: 38<\/p>\n<p>Szeroko\u015b\u0107 ramion: 36 cm<br \/>\nSzeroko\u015b\u0107 klatki piersiowej: 86 cm<br \/>\n\u00c4rmell\u00e4nge: 42cm<br \/>\nCa\u0142kowita d\u0142ugo\u015b\u0107: 99 cm<\/p>\n<p>&nbsp;<\/p>\n<p>Ten nowy przedmiot jest zwrotem klienta bez etykiety.<\/p>","protected":false},"excerpt":{"rendered":"<table class=\"dv_characteristicsTable\" style=\"height: 371px;\" width=\"426\">\n<tbody>\n<tr>\n<td class=\"left\">Rozmiar<\/td>\n<td>38<\/td>\n<\/tr>\n<tr>\n<td class=\"left\">Gr\u00f6\u00dfentyp<\/td>\n<td>Normalgr\u00f6\u00dfen<\/td>\n<\/tr>\n<tr>\n<td class=\"left\">Sk\u0142ad materia\u0142u<\/td>\n<td>Obermaterial: 100% Polyester<\/td>\n<\/tr>\n<tr>\n<td class=\"left\">Instrukcje dotycz\u0105ce piel\u0119gnacji<\/td>\n<td>Pranie w pralce<\/td>\n<\/tr>\n<tr>\n<td class=\"left\">Optik<\/td>\n<td>uni<\/td>\n<\/tr>\n<tr>\n<td class=\"left\">Stil<\/td>\n<td>feminin<\/td>\n<\/tr>\n<tr>\n<td class=\"left\">Ausschnitt<\/td>\n<td>Rundhals<\/td>\n<\/tr>\n<tr>\n<td class=\"left\">\u00c4rmel<\/td>\n<td>R\u0119kaw 3\/4<\/td>\n<\/tr>\n<tr>\n<td class=\"left\">Transparenz<\/td>\n<td>transparent mit Unterrock<\/td>\n<\/tr>\n<tr>\n<td class=\"left\">Dopasowanie<\/td>\n<td>locker<\/td>\n<\/tr>\n<tr>\n<td class=\"left\">Schnittform L\u00e4nge<\/td>\n<td>do kolan<\/td>\n<\/tr>\n<tr>\n<td class=\"left\">Kolor<\/td>\n<td>schwarz<\/td>\n<\/tr>\n<tr>\n<td class=\"left\"><\/td>\n<td><\/td>\n<\/tr>\n<\/tbody>\n<\/table>","protected":false},"featured_media":82845,"comment_status":"open","ping_status":"closed","template":"","meta":{"_seopress_robots_primary_cat":"","_seopress_titles_title":"","_seopress_titles_desc":"","_seopress_robots_index":""},"product_brand":[],"product_cat":[1348,1379,1380],"product_tag":[],"class_list":{"0":"post-82769","1":"product","2":"type-product","3":"status-publish","4":"has-post-thumbnail","6":"product_cat-damen-mode","7":"product_cat-kleider","8":"product_cat-abendkleider","9":"product_shipping_class-standard-versand","11":"first","12":"instock","13":"sale","14":"taxable","15":"shipping-taxable","16":"purchasable","17":"product-type-simple"},"_links":{"self":[{"href":"https:\/\/www.soanam.de\/pl\/wp-json\/wp\/v2\/product\/82769","targetHints":{"allow":["GET"]}}],"collection":[{"href":"https:\/\/www.soanam.de\/pl\/wp-json\/wp\/v2\/product"}],"about":[{"href":"https:\/\/www.soanam.de\/pl\/wp-json\/wp\/v2\/types\/product"}],"replies":[{"embeddable":true,"href":"https:\/\/www.soanam.de\/pl\/wp-json\/wp\/v2\/comments?post=82769"}],"wp:featuredmedia":[{"embeddable":true,"href":"https:\/\/www.soanam.de\/pl\/wp-json\/wp\/v2\/media\/82845"}],"wp:attachment":[{"href":"https:\/\/www.soanam.de\/pl\/wp-json\/wp\/v2\/media?parent=82769"}],"wp:term":[{"taxonomy":"product_brand","embeddable":true,"href":"https:\/\/www.soanam.de\/pl\/wp-json\/wp\/v2\/product_brand?post=82769"},{"taxonomy":"product_cat","embeddable":true,"href":"https:\/\/www.soanam.de\/pl\/wp-json\/wp\/v2\/product_cat?post=82769"},{"taxonomy":"product_tag","embeddable":true,"href":"https:\/\/www.soanam.de\/pl\/wp-json\/wp\/v2\/product_tag?post=82769"}],"curies":[{"name":"wp","href":"https:\/\/api.w.org\/{rel}","templated":true}]}}