{"id":82762,"date":"2023-12-14T03:05:38","date_gmt":"2023-12-14T02:05:38","guid":{"rendered":"https:\/\/www.soanam.de\/?post_type=product&#038;p=82762"},"modified":"2023-12-14T03:10:17","modified_gmt":"2023-12-14T02:10:17","slug":"aniston-selected-blusenkleid-mit-blaetterdruck-in-weinrot-gr-38","status":"publish","type":"product","link":"https:\/\/www.soanam.de\/pl\/produkt\/aniston-selected-blusenkleid-mit-blaetterdruck-in-weinrot-gr-38\/","title":{"rendered":"Aniston SELECTED Blusenkleid mit Bl\u00e4tterdruck, in Weinrot, Gr. 38"},"content":{"rendered":"<p>Damenkleid in weich flie\u00dfender Optik<br \/>\nOkr\u0105g\u0142y dekolt<br \/>\nBl\u00e4tterprint all over<br \/>\nKnieumspielend<br \/>\nFalten ab Taille<\/p>\n<p>Verspieltes Kleid von Aniston SELECTED, mit \u00fcberall Bl\u00e4tterdruck.<br \/>\nEs handelt sich um ein knieumspielendes, gerade geschnittenes Midikleid, das ab Taille vorn und hinten in Falten gelegt und weich flie\u00dfend ist.<\/p>\n<p>Materia\u0142: poliester 100%<br \/>\nWskaz\u00f3wki dotycz\u0105ce piel\u0119gnacji: Pra\u0107 w pralce<\/p>\n<p>Kolor: czerwone wino<br \/>\nMuster: Bl\u00e4tter<br \/>\nRozmiar: 38<\/p>\n<p>Szeroko\u015b\u0107 ramion: 39 cm<br \/>\nSzeroko\u015b\u0107 klatki piersiowej: 99 cm<br \/>\nD\u0142ugo\u015b\u0107 r\u0119kawa: 62 cm<br \/>\nCa\u0142kowita d\u0142ugo\u015b\u0107: 95 cm<\/p>\n<p><span style=\"font-family: -apple-system, BlinkMacSystemFont, 'Segoe UI', Roboto, Oxygen-Sans, Ubuntu, Cantarell, 'Helvetica Neue', sans-serif;\">Ten nowy przedmiot jest zwrotem klienta bez etykiety.<\/span><\/p>","protected":false},"excerpt":{"rendered":"<table class=\"dv_characteristicsTable\">\n<tbody>\n<tr>\n<td class=\"left\">Rozmiar<\/td>\n<td>38<\/td>\n<\/tr>\n<tr>\n<td class=\"left\">Gr\u00f6\u00dfentyp<\/td>\n<td>Normalgr\u00f6\u00dfen<\/td>\n<\/tr>\n<tr>\n<td class=\"left\">Sk\u0142ad materia\u0142u<\/td>\n<td>100% Poliester<\/td>\n<\/tr>\n<tr>\n<td class=\"left\">Materialart<\/td>\n<td>Web<\/td>\n<\/tr>\n<tr>\n<td class=\"left\">Merkmal<\/td>\n<td>Falten<\/td>\n<\/tr>\n<tr>\n<td class=\"left\">Instrukcje dotycz\u0105ce piel\u0119gnacji<\/td>\n<td>Pranie w pralce<\/td>\n<\/tr>\n<tr>\n<td class=\"left\">Stil<\/td>\n<td>modern<\/td>\n<\/tr>\n<tr>\n<td class=\"left\">Ausschnitt<\/td>\n<td>Rundhals<\/td>\n<\/tr>\n<tr>\n<td class=\"left\">\u00c4rmel<\/td>\n<td>D\u0142ugi r\u0119kaw<\/td>\n<\/tr>\n<tr>\n<td class=\"left\">Dopasowanie<\/td>\n<td>regular fit<\/td>\n<\/tr>\n<tr>\n<td class=\"left\">Schnittform L\u00e4nge<\/td>\n<td>midi<\/td>\n<\/tr>\n<tr>\n<td class=\"left\">Kolor<\/td>\n<td>weinrot<\/td>\n<\/tr>\n<\/tbody>\n<\/table>","protected":false},"featured_media":82835,"comment_status":"open","ping_status":"closed","template":"","meta":{"_seopress_robots_primary_cat":"","_seopress_titles_title":"","_seopress_titles_desc":"","_seopress_robots_index":""},"product_brand":[],"product_cat":[1348,1379,1541],"product_tag":[],"class_list":{"0":"post-82762","1":"product","2":"type-product","3":"status-publish","4":"has-post-thumbnail","6":"product_cat-damen-mode","7":"product_cat-kleider","8":"product_cat-freizeitkleider","9":"product_shipping_class-standard-versand","11":"first","12":"instock","13":"sale","14":"taxable","15":"shipping-taxable","16":"purchasable","17":"product-type-simple"},"_links":{"self":[{"href":"https:\/\/www.soanam.de\/pl\/wp-json\/wp\/v2\/product\/82762","targetHints":{"allow":["GET"]}}],"collection":[{"href":"https:\/\/www.soanam.de\/pl\/wp-json\/wp\/v2\/product"}],"about":[{"href":"https:\/\/www.soanam.de\/pl\/wp-json\/wp\/v2\/types\/product"}],"replies":[{"embeddable":true,"href":"https:\/\/www.soanam.de\/pl\/wp-json\/wp\/v2\/comments?post=82762"}],"wp:featuredmedia":[{"embeddable":true,"href":"https:\/\/www.soanam.de\/pl\/wp-json\/wp\/v2\/media\/82835"}],"wp:attachment":[{"href":"https:\/\/www.soanam.de\/pl\/wp-json\/wp\/v2\/media?parent=82762"}],"wp:term":[{"taxonomy":"product_brand","embeddable":true,"href":"https:\/\/www.soanam.de\/pl\/wp-json\/wp\/v2\/product_brand?post=82762"},{"taxonomy":"product_cat","embeddable":true,"href":"https:\/\/www.soanam.de\/pl\/wp-json\/wp\/v2\/product_cat?post=82762"},{"taxonomy":"product_tag","embeddable":true,"href":"https:\/\/www.soanam.de\/pl\/wp-json\/wp\/v2\/product_tag?post=82762"}],"curies":[{"name":"wp","href":"https:\/\/api.w.org\/{rel}","templated":true}]}}