{"id":82761,"date":"2023-12-14T03:05:37","date_gmt":"2023-12-14T02:05:37","guid":{"rendered":"https:\/\/www.soanam.de\/?post_type=product&#038;p=82761"},"modified":"2023-12-14T03:09:52","modified_gmt":"2023-12-14T02:09:52","slug":"aniston-casual-blusenkleid-mit-volant-in-zimt-gr-40","status":"publish","type":"product","link":"https:\/\/www.soanam.de\/pl\/produkt\/aniston-casual-blusenkleid-mit-volant-in-zimt-gr-40\/","title":{"rendered":"Aniston CASUAL Blusenkleid mit Volant, in Zimt, Gr. 40"},"content":{"rendered":"<p>Damenkleid in weich flie\u00dfender Optik<br \/>\nOkr\u0105g\u0142y dekolt<br \/>\nBlumenprint all over<br \/>\nMit Unterkleid<br \/>\nKnieumspielend<br \/>\nVolant am Saum<br \/>\nGummizug am \u00c4rmelabschluss<\/p>\n<p>Verspieltes Kleid von Aniston CASUAL, mit \u00fcberall Blumendruck.<br \/>\nEs handelt sich um ein knieumspielendes, l\u00e4ssig geschnittenes Midikleid mit Unterkleid, das am Saum einen Volant hat und weich flie\u00dfend ist.<\/p>\n<p>Materia\u0142: poliester 100%<br \/>\nWskaz\u00f3wki dotycz\u0105ce piel\u0119gnacji: Pra\u0107 w pralce<\/p>\n<p>Farbe: Zimt<br \/>\nWz\u00f3r: Kwiaty<br \/>\nRozmiar: 40<\/p>\n<p>Szeroko\u015b\u0107 ramion: 38 cm<br \/>\nSzeroko\u015b\u0107 klatki piersiowej: 108 cm<br \/>\nD\u0142ugo\u015b\u0107 r\u0119kawa: 61 cm<br \/>\nCa\u0142kowita d\u0142ugo\u015b\u0107: 102 cm<\/p>\n<p><span style=\"font-family: -apple-system, BlinkMacSystemFont, 'Segoe UI', Roboto, Oxygen-Sans, Ubuntu, Cantarell, 'Helvetica Neue', sans-serif;\">Ten nowy przedmiot jest zwrotem klienta bez etykiety.<\/span><\/p>","protected":false},"excerpt":{"rendered":"<table class=\"dv_characteristicsTable\">\n<tbody>\n<tr>\n<td class=\"left\">Rozmiar<\/td>\n<td>40<\/td>\n<\/tr>\n<tr>\n<td class=\"left\">Gr\u00f6\u00dfentyp<\/td>\n<td>Normalgr\u00f6\u00dfen<\/td>\n<\/tr>\n<tr>\n<td class=\"left\">Sk\u0142ad materia\u0142u<\/td>\n<td>100% Poliester<\/td>\n<\/tr>\n<tr>\n<td class=\"left\">Materialart<\/td>\n<td>Web<\/td>\n<\/tr>\n<tr>\n<td class=\"left\">Merkmal<\/td>\n<td>Unterkleid<\/td>\n<\/tr>\n<tr>\n<td class=\"left\">Instrukcje dotycz\u0105ce piel\u0119gnacji<\/td>\n<td>Pranie w pralce<\/td>\n<\/tr>\n<tr>\n<td class=\"left\">Stil<\/td>\n<td>modern<\/td>\n<\/tr>\n<tr>\n<td class=\"left\">Ausschnitt<\/td>\n<td>Rundhals<\/td>\n<\/tr>\n<tr>\n<td class=\"left\">\u00c4rmel<\/td>\n<td>D\u0142ugi r\u0119kaw<\/td>\n<\/tr>\n<tr>\n<td class=\"left\">Dopasowanie<\/td>\n<td>regular fit<\/td>\n<\/tr>\n<tr>\n<td class=\"left\">Schnittform L\u00e4nge<\/td>\n<td>midi<\/td>\n<\/tr>\n<tr>\n<td class=\"left\">Kolor<\/td>\n<td>zimt<\/td>\n<\/tr>\n<\/tbody>\n<\/table>","protected":false},"featured_media":82830,"comment_status":"open","ping_status":"closed","template":"","meta":{"_seopress_robots_primary_cat":"","_seopress_titles_title":"","_seopress_titles_desc":"","_seopress_robots_index":""},"product_brand":[],"product_cat":[1348,1379,1541],"product_tag":[],"class_list":{"0":"post-82761","1":"product","2":"type-product","3":"status-publish","4":"has-post-thumbnail","6":"product_cat-damen-mode","7":"product_cat-kleider","8":"product_cat-freizeitkleider","9":"product_shipping_class-standard-versand","11":"first","12":"instock","13":"sale","14":"taxable","15":"shipping-taxable","16":"purchasable","17":"product-type-simple"},"_links":{"self":[{"href":"https:\/\/www.soanam.de\/pl\/wp-json\/wp\/v2\/product\/82761","targetHints":{"allow":["GET"]}}],"collection":[{"href":"https:\/\/www.soanam.de\/pl\/wp-json\/wp\/v2\/product"}],"about":[{"href":"https:\/\/www.soanam.de\/pl\/wp-json\/wp\/v2\/types\/product"}],"replies":[{"embeddable":true,"href":"https:\/\/www.soanam.de\/pl\/wp-json\/wp\/v2\/comments?post=82761"}],"wp:featuredmedia":[{"embeddable":true,"href":"https:\/\/www.soanam.de\/pl\/wp-json\/wp\/v2\/media\/82830"}],"wp:attachment":[{"href":"https:\/\/www.soanam.de\/pl\/wp-json\/wp\/v2\/media?parent=82761"}],"wp:term":[{"taxonomy":"product_brand","embeddable":true,"href":"https:\/\/www.soanam.de\/pl\/wp-json\/wp\/v2\/product_brand?post=82761"},{"taxonomy":"product_cat","embeddable":true,"href":"https:\/\/www.soanam.de\/pl\/wp-json\/wp\/v2\/product_cat?post=82761"},{"taxonomy":"product_tag","embeddable":true,"href":"https:\/\/www.soanam.de\/pl\/wp-json\/wp\/v2\/product_tag?post=82761"}],"curies":[{"name":"wp","href":"https:\/\/api.w.org\/{rel}","templated":true}]}}