{"id":82738,"date":"2023-12-14T02:35:04","date_gmt":"2023-12-14T01:35:04","guid":{"rendered":"https:\/\/www.soanam.de\/?post_type=product&#038;p=82738"},"modified":"2023-12-14T03:06:51","modified_gmt":"2023-12-14T02:06:51","slug":"sommerkleid-mit-blumendruck-in-mintgruen-gr-m","status":"publish","type":"product","link":"https:\/\/www.soanam.de\/pl\/produkt\/sommerkleid-mit-blumendruck-in-mintgruen-gr-m\/","title":{"rendered":"Sommerkleid mit Blumendruck, in Mintgruen,  Gr. M"},"content":{"rendered":"<p>Sukienka do kolan wykonana z d\u017cerseju wiskozowego<br \/>\nDekolt w szpic<br \/>\nPrzyci\u0119te r\u0119kawy<br \/>\nauf Taillenh\u00f6he gerafft<br \/>\nZ kwiatowym nadrukiem<\/p>\n<p>Dieses Kleid m\u00f6chten Sie nicht wieder ausziehen, weil es so unwiderstehlich bequem ist.<br \/>\nSukienka jest wykonana z przyjemnie mi\u0119kkiego d\u017cerseju wiskozowego.<br \/>\nDzi\u0119ki zawarto\u015bci elastanu jest niezwykle wygodny w noszeniu.<br \/>\nDie Taille wird durch eine h\u00fcbsche Raffung betont.<\/p>\n<p>Farbe: mint<br \/>\nWz\u00f3r: Kwiaty<br \/>\nMateria\u0142: wiskoza 92%, elastan 8%<br \/>\nPiel\u0119gnacja: Delikatne pranie<\/p>\n<p>Szeroko\u015b\u0107 klatki piersiowej: 86 cm<br \/>\nTaille:\u00a0 \u00a0 \u00a0 \u00a0 \u00a0 68cm<br \/>\nCa\u0142kowita d\u0142ugo\u015b\u0107: 100 cm<\/p>","protected":false},"excerpt":{"rendered":"<div class=\"pdp_details__characteristics-html\">\n<table class=\"dv_characteristicsTable\">\n<tbody>\n<tr>\n<td class=\"left\">\n<div><\/div>\n<div>Material\u00a0 92% Viskose, 8% Elasthan<\/div>\n<div>Farbe\u00a0 \u00a0 \u00a0 \u00a0mint<\/div>\n<div>Groesse\u00a0 M<\/div>\n<div>Optik\u00a0 \u00a0 \u00a0 \u00a0 gebluemt<\/div>\n<div>Merkmal\u00a0 in Taillenhoehe gerafft<\/div>\n<\/td>\n<td><\/td>\n<\/tr>\n<tr>\n<td class=\"left\"><\/td>\n<td><\/td>\n<\/tr>\n<tr>\n<td class=\"left\"><\/td>\n<td><\/td>\n<\/tr>\n<\/tbody>\n<\/table>\n<\/div>","protected":false},"featured_media":82783,"comment_status":"open","ping_status":"closed","template":"","meta":{"_seopress_robots_primary_cat":"","_seopress_titles_title":"","_seopress_titles_desc":"","_seopress_robots_index":""},"product_brand":[],"product_cat":[1348,1379,1620],"product_tag":[],"class_list":{"0":"post-82738","1":"product","2":"type-product","3":"status-publish","4":"has-post-thumbnail","6":"product_cat-damen-mode","7":"product_cat-kleider","8":"product_cat-jerseykleider","9":"product_shipping_class-standard-versand","11":"first","12":"instock","13":"sale","14":"taxable","15":"shipping-taxable","16":"purchasable","17":"product-type-simple"},"_links":{"self":[{"href":"https:\/\/www.soanam.de\/pl\/wp-json\/wp\/v2\/product\/82738","targetHints":{"allow":["GET"]}}],"collection":[{"href":"https:\/\/www.soanam.de\/pl\/wp-json\/wp\/v2\/product"}],"about":[{"href":"https:\/\/www.soanam.de\/pl\/wp-json\/wp\/v2\/types\/product"}],"replies":[{"embeddable":true,"href":"https:\/\/www.soanam.de\/pl\/wp-json\/wp\/v2\/comments?post=82738"}],"wp:featuredmedia":[{"embeddable":true,"href":"https:\/\/www.soanam.de\/pl\/wp-json\/wp\/v2\/media\/82783"}],"wp:attachment":[{"href":"https:\/\/www.soanam.de\/pl\/wp-json\/wp\/v2\/media?parent=82738"}],"wp:term":[{"taxonomy":"product_brand","embeddable":true,"href":"https:\/\/www.soanam.de\/pl\/wp-json\/wp\/v2\/product_brand?post=82738"},{"taxonomy":"product_cat","embeddable":true,"href":"https:\/\/www.soanam.de\/pl\/wp-json\/wp\/v2\/product_cat?post=82738"},{"taxonomy":"product_tag","embeddable":true,"href":"https:\/\/www.soanam.de\/pl\/wp-json\/wp\/v2\/product_tag?post=82738"}],"curies":[{"name":"wp","href":"https:\/\/api.w.org\/{rel}","templated":true}]}}