{"id":82718,"date":"2023-12-14T02:33:19","date_gmt":"2023-12-14T01:33:19","guid":{"rendered":"https:\/\/www.soanam.de\/?post_type=product&#038;p=82718"},"modified":"2023-12-14T03:06:19","modified_gmt":"2023-12-14T02:06:19","slug":"letnia-sukienka-z-wiazanym-paskiem-w-kolorze-czarnej-miety-rozmiar-l","status":"publish","type":"product","link":"https:\/\/www.soanam.de\/pl\/produkt\/sommerkleid-mit-bindeguertel-in-schwarz-mint-gr-l\/","title":{"rendered":"Sommerkleid mit Bindeg\u00fcrtel, in Schwarz, Mint,  Gr. L"},"content":{"rendered":"<p>Sukienka do kolan wykonana z d\u017cerseju wiskozowego<br \/>\nOkr\u0105g\u0142y dekolt<br \/>\nPrzyci\u0119te r\u0119kawy<br \/>\nfarblich abgesetzte Partie am Rockteil<br \/>\nWi\u0105zany pasek na wysoko\u015bci talii<\/p>\n<p>Egal ob im Alltag oder wenn es mal etwas mehr schick sein soll, mit diesem Kleid sind Sie immer gut angezogen.<br \/>\nSukienka jest wykonana z przyjemnie mi\u0119kkiego d\u017cerseju wiskozowego.<br \/>\nDzi\u0119ki zawarto\u015bci elastanu jest niezwykle wygodny w noszeniu.<br \/>\nTali\u0119 podkre\u015bla nieodpinany, wi\u0105zany pasek.<\/p>\n<p>Farbe: schwarz, mint<br \/>\nMuster: Farbblock<br \/>\nMateria\u0142: wiskoza 92%, elastan 8%<br \/>\nPiel\u0119gnacja: Delikatne pranie<\/p>\n<p>Szeroko\u015b\u0107 klatki piersiowej: 88 cm<br \/>\nTaille:\u00a0 \u00a0 \u00a0 \u00a0 \u00a0 82cm<br \/>\nCa\u0142kowita d\u0142ugo\u015b\u0107: 93 cm<\/p>","protected":false},"excerpt":{"rendered":"<div class=\"pdp_details__characteristics-html\">\n<table class=\"dv_characteristicsTable\">\n<tbody>\n<tr>\n<td class=\"left\">\n<div><\/div>\n<div>Material\u00a0 92% Viskose, 8% Elasthan<\/div>\n<div>Farbe\u00a0 \u00a0 \u00a0 \u00a0schwarz, mint<\/div>\n<div>Groesse\u00a0 L<\/div>\n<div>Optik\u00a0 \u00a0 \u00a0 \u00a0 Farbblock<\/div>\n<div>Merkmal\u00a0 fester Bindeguertel<\/div>\n<\/td>\n<td><\/td>\n<\/tr>\n<tr>\n<td class=\"left\"><\/td>\n<td><\/td>\n<\/tr>\n<tr>\n<td class=\"left\"><\/td>\n<td><\/td>\n<\/tr>\n<\/tbody>\n<\/table>\n<\/div>","protected":false},"featured_media":82773,"comment_status":"open","ping_status":"closed","template":"","meta":{"_seopress_robots_primary_cat":"","_seopress_titles_title":"","_seopress_titles_desc":"","_seopress_robots_index":""},"product_brand":[],"product_cat":[1348,1379,1620],"product_tag":[],"class_list":{"0":"post-82718","1":"product","2":"type-product","3":"status-publish","4":"has-post-thumbnail","6":"product_cat-damen-mode","7":"product_cat-kleider","8":"product_cat-jerseykleider","9":"product_shipping_class-standard-versand","11":"first","12":"instock","13":"sale","14":"taxable","15":"shipping-taxable","16":"purchasable","17":"product-type-simple"},"_links":{"self":[{"href":"https:\/\/www.soanam.de\/pl\/wp-json\/wp\/v2\/product\/82718","targetHints":{"allow":["GET"]}}],"collection":[{"href":"https:\/\/www.soanam.de\/pl\/wp-json\/wp\/v2\/product"}],"about":[{"href":"https:\/\/www.soanam.de\/pl\/wp-json\/wp\/v2\/types\/product"}],"replies":[{"embeddable":true,"href":"https:\/\/www.soanam.de\/pl\/wp-json\/wp\/v2\/comments?post=82718"}],"wp:featuredmedia":[{"embeddable":true,"href":"https:\/\/www.soanam.de\/pl\/wp-json\/wp\/v2\/media\/82773"}],"wp:attachment":[{"href":"https:\/\/www.soanam.de\/pl\/wp-json\/wp\/v2\/media?parent=82718"}],"wp:term":[{"taxonomy":"product_brand","embeddable":true,"href":"https:\/\/www.soanam.de\/pl\/wp-json\/wp\/v2\/product_brand?post=82718"},{"taxonomy":"product_cat","embeddable":true,"href":"https:\/\/www.soanam.de\/pl\/wp-json\/wp\/v2\/product_cat?post=82718"},{"taxonomy":"product_tag","embeddable":true,"href":"https:\/\/www.soanam.de\/pl\/wp-json\/wp\/v2\/product_tag?post=82718"}],"curies":[{"name":"wp","href":"https:\/\/api.w.org\/{rel}","templated":true}]}}