{"id":82705,"date":"2023-12-14T02:32:15","date_gmt":"2023-12-14T01:32:15","guid":{"rendered":"https:\/\/www.soanam.de\/?post_type=product&#038;p=82705"},"modified":"2023-12-14T03:06:08","modified_gmt":"2023-12-14T02:06:08","slug":"minikleid-mit-tuell-einsatz-in-schwarz-gr-l","status":"publish","type":"product","link":"https:\/\/www.soanam.de\/pl\/produkt\/minikleid-mit-tuell-einsatz-in-schwarz-gr-l\/","title":{"rendered":"Minikleid mit T\u00fcll-Einsatz in Schwarz, Gr. L"},"content":{"rendered":"<p>Minileid aus Viskosejersey<br \/>\nOkr\u0105g\u0142y dekolt<br \/>\nPrzyci\u0119te r\u0119kawy<br \/>\nT\u00fcll Einsatz<\/p>\n<p>Egal ob im Alltag oder zu besonderen Anl\u00e4ssen, mit diesem kleinen Schwarzen sind Sie immer perfekt angezogen.<br \/>\nDieses elegante Kleid mit leicht schwingendem Tellerrock besteht aus angenehm weich fallendem Viskosejersey und feinem Punkte-T\u00fcll.<br \/>\nDas Minikleid besticht durch den Elasthan-Anteil mit einem hohem Tragekomfort.<\/p>\n<p>Kolor: czarny<br \/>\nWz\u00f3r: kropki<br \/>\nMaterial: Jersey: 92% Viskose, 8% Elasthan; T\u00fcll: 100% Polyester<br \/>\nPiel\u0119gnacja: Delikatne pranie<\/p>\n<p>Szeroko\u015b\u0107 klatki piersiowej: 88 cm<br \/>\nTaille:\u00a0 \u00a0 \u00a0 \u00a0 \u00a0 77cm<br \/>\nCa\u0142kowita d\u0142ugo\u015b\u0107: 87 cm<\/p>","protected":false},"excerpt":{"rendered":"<div class=\"pdp_details__characteristics-html\">\n<table class=\"dv_characteristicsTable\">\n<tbody>\n<tr>\n<td class=\"left\">\n<div><\/div>\n<div>Material\u00a0 Jersey: 92% Viskose, 8% Elasthan;<\/div>\n<div>\u00a0 \u00a0 \u00a0 \u00a0 \u00a0 \u00a0 \u00a0 \u00a0 T\u00fcll: 100% Polyester<\/div>\n<div>Farbe\u00a0 \u00a0 \u00a0 \u00a0schwarz<\/div>\n<div>Groesse\u00a0 L<\/div>\n<div>Optik\u00a0 \u00a0 \u00a0 \u00a0 Punkte<\/div>\n<div>Merkmal\u00a0 mit Tuell Einsatz<\/div>\n<\/td>\n<td><\/td>\n<\/tr>\n<tr>\n<td class=\"left\"><\/td>\n<td><\/td>\n<\/tr>\n<tr>\n<td class=\"left\"><\/td>\n<td><\/td>\n<\/tr>\n<\/tbody>\n<\/table>\n<\/div>","protected":false},"featured_media":82765,"comment_status":"open","ping_status":"closed","template":"","meta":{"_seopress_robots_primary_cat":"","_seopress_titles_title":"","_seopress_titles_desc":"","_seopress_robots_index":""},"product_brand":[],"product_cat":[1348,1379,1620],"product_tag":[],"class_list":{"0":"post-82705","1":"product","2":"type-product","3":"status-publish","4":"has-post-thumbnail","6":"product_cat-damen-mode","7":"product_cat-kleider","8":"product_cat-jerseykleider","9":"product_shipping_class-standard-versand","11":"first","12":"instock","13":"sale","14":"taxable","15":"shipping-taxable","16":"purchasable","17":"product-type-simple"},"_links":{"self":[{"href":"https:\/\/www.soanam.de\/pl\/wp-json\/wp\/v2\/product\/82705","targetHints":{"allow":["GET"]}}],"collection":[{"href":"https:\/\/www.soanam.de\/pl\/wp-json\/wp\/v2\/product"}],"about":[{"href":"https:\/\/www.soanam.de\/pl\/wp-json\/wp\/v2\/types\/product"}],"replies":[{"embeddable":true,"href":"https:\/\/www.soanam.de\/pl\/wp-json\/wp\/v2\/comments?post=82705"}],"wp:featuredmedia":[{"embeddable":true,"href":"https:\/\/www.soanam.de\/pl\/wp-json\/wp\/v2\/media\/82765"}],"wp:attachment":[{"href":"https:\/\/www.soanam.de\/pl\/wp-json\/wp\/v2\/media?parent=82705"}],"wp:term":[{"taxonomy":"product_brand","embeddable":true,"href":"https:\/\/www.soanam.de\/pl\/wp-json\/wp\/v2\/product_brand?post=82705"},{"taxonomy":"product_cat","embeddable":true,"href":"https:\/\/www.soanam.de\/pl\/wp-json\/wp\/v2\/product_cat?post=82705"},{"taxonomy":"product_tag","embeddable":true,"href":"https:\/\/www.soanam.de\/pl\/wp-json\/wp\/v2\/product_tag?post=82705"}],"curies":[{"name":"wp","href":"https:\/\/api.w.org\/{rel}","templated":true}]}}