{"id":82624,"date":"2023-12-14T02:28:26","date_gmt":"2023-12-14T01:28:26","guid":{"rendered":"https:\/\/www.soanam.de\/?post_type=product&#038;p=82624"},"modified":"2023-12-14T02:33:58","modified_gmt":"2023-12-14T01:33:58","slug":"solniczka-i-pieprzniczka-latarnia-morska-zestaw-2-w-kolorze-niebieskim-czerwonym-wys-105-cm","status":"publish","type":"product","link":"https:\/\/www.soanam.de\/pl\/produkt\/salz-pfefferstreuer-leuchtturm-2er-set-in-blau-rot-h-105-cm\/","title":{"rendered":"Latarnia morska z solniczk\u0105 i pieprzniczk\u0105, zestaw 2 sztuk, kolor niebieski, czerwony, wys. 10,5 cm"},"content":{"rendered":"<p>Kolorowy zestaw solniczka i pieprzniczka<br \/>\nWykonane z ceramiki<\/p>\n<p>Doskona\u0142y przyk\u0142ad oryginalnych shaker\u00f3w do przypraw!<br \/>\nKolorowe latarnie morskie zapewniaj\u0105 odpowiedni\u0105 pikanteri\u0119 przy stole. Z pewno\u015bci\u0105 nie b\u0119dziesz ich usuwa\u0107 po posi\u0142ku.<\/p>\n<p>Materia\u0142: ceramika<br \/>\nKolor: niebieski, czerwony<br \/>\nWz\u00f3r: Latarnia morska<br \/>\nRozmiar: wys. 10,5 cm<\/p>","protected":false},"excerpt":{"rendered":"<div class=\"pdp_details__characteristics-html\">\n<table class=\"dv_characteristicsTable\">\n<tbody>\n<tr>\n<td class=\"left\">\n<div><\/div>\n<div>Material\u00a0 \u00a0Keramik<\/div>\n<div>Farbe\u00a0 \u00a0 \u00a0 \u00a0blau, rot<\/div>\n<div>\u00a0Groesse H 10,5 cm<\/div>\n<div>Teile\u00a0 \u00a0 \u00a0 \u00a0 \u00a02-tlg.<\/div>\n<div>Motiv.\u00a0 \u00a0 \u00a0 \u00a0Leuchtturm<\/div>\n<\/td>\n<td><\/td>\n<\/tr>\n<tr>\n<td class=\"left\"><\/td>\n<td><\/td>\n<\/tr>\n<tr>\n<td class=\"left\"><\/td>\n<td><\/td>\n<\/tr>\n<\/tbody>\n<\/table>\n<\/div>","protected":false},"featured_media":82721,"comment_status":"open","ping_status":"closed","template":"","meta":{"_seopress_robots_primary_cat":"","_seopress_titles_title":"","_seopress_titles_desc":"","_seopress_robots_index":""},"product_brand":[],"product_cat":[1400,1401],"product_tag":[],"class_list":{"0":"post-82624","1":"product","2":"type-product","3":"status-publish","4":"has-post-thumbnail","6":"product_cat-wohnzubehoer","7":"product_cat-haushaltswaren","8":"product_shipping_class-standard-versand","10":"first","11":"instock","12":"taxable","13":"shipping-taxable","14":"purchasable","15":"product-type-simple"},"_links":{"self":[{"href":"https:\/\/www.soanam.de\/pl\/wp-json\/wp\/v2\/product\/82624","targetHints":{"allow":["GET"]}}],"collection":[{"href":"https:\/\/www.soanam.de\/pl\/wp-json\/wp\/v2\/product"}],"about":[{"href":"https:\/\/www.soanam.de\/pl\/wp-json\/wp\/v2\/types\/product"}],"replies":[{"embeddable":true,"href":"https:\/\/www.soanam.de\/pl\/wp-json\/wp\/v2\/comments?post=82624"}],"wp:featuredmedia":[{"embeddable":true,"href":"https:\/\/www.soanam.de\/pl\/wp-json\/wp\/v2\/media\/82721"}],"wp:attachment":[{"href":"https:\/\/www.soanam.de\/pl\/wp-json\/wp\/v2\/media?parent=82624"}],"wp:term":[{"taxonomy":"product_brand","embeddable":true,"href":"https:\/\/www.soanam.de\/pl\/wp-json\/wp\/v2\/product_brand?post=82624"},{"taxonomy":"product_cat","embeddable":true,"href":"https:\/\/www.soanam.de\/pl\/wp-json\/wp\/v2\/product_cat?post=82624"},{"taxonomy":"product_tag","embeddable":true,"href":"https:\/\/www.soanam.de\/pl\/wp-json\/wp\/v2\/product_tag?post=82624"}],"curies":[{"name":"wp","href":"https:\/\/api.w.org\/{rel}","templated":true}]}}