{"id":82588,"date":"2023-12-14T02:27:37","date_gmt":"2023-12-14T01:27:37","guid":{"rendered":"https:\/\/www.soanam.de\/?post_type=product&#038;p=82588"},"modified":"2023-12-14T02:31:25","modified_gmt":"2023-12-14T01:31:25","slug":"wenko-buegelbrettbezug-margie-in-hellblau-gebluemt-130-x-51-cm","status":"publish","type":"product","link":"https:\/\/www.soanam.de\/pl\/produkt\/wenko-buegelbrettbezug-margie-in-hellblau-gebluemt-130-x-51-cm\/","title":{"rendered":"Wenko Buegelbrettbezug Margie, in Hellblau gebl\u00fcmt, 130 x 51 cm"},"content":{"rendered":"<p>Spezial-B\u00fcgelbrettbezug mit Gleitfunktion<br \/>\nF\u00fcr schnelleres und leichteres B\u00fcgeln<br \/>\nStromsparender Effekt durch unterseitige Aluminium-Beschichtung<br \/>\nMit extra starker Schaumstoffpolsterung<br \/>\nMa\u00dfe: 130 x 51 cm<\/p>\n<p>Blitzb\u00fcgelbrettbezug 'Margie' von Wenko.<\/p>\n<p>Spezial-B\u00fcgelbrettbezug mit Gleitfunktion. F\u00fcr schnelleres und leichteres B\u00fcgeln mit 50% Zeitersparnis. Einfach mit dem B\u00fcgeleisen \u00fcber die pr\u00e4parierte Zone gleiten. Sofort werden Sie feststellen, wie einfach und problemlos das B\u00fcgeleisen \u00fcber das B\u00fcgelgut gleitet. Stromsparender Effekt durch unterseitige Aluminium-Beschichtung. Mit extrem starkem (4 mm) w\u00e4scheschonendem Schaumstoffpolster und Spannclip.<\/p>\n<p>F\u00fcr B\u00fcgeltischgr\u00f6\u00dfen bis 127 x 45 cm.. Ma\u00dfe LxB ca.: 130 x 51 cm. Made in Germany.<\/p>\n<p>Materia\u0142: bawe\u0142na 100%<br \/>\nKolor: jasnoniebieski<br \/>\nWz\u00f3r: Kwiaty<br \/>\nGr\u00f6\u00dfe: 130 x 51 cm<\/p>","protected":false},"excerpt":{"rendered":"<div class=\"pdp_details__characteristics-html\">\n<table class=\"dv_characteristicsTable\">\n<tbody>\n<tr>\n<td class=\"left\">\n<div>EAN\u00a0 \u00a0 \u00a0 \u00a0 \u00a0 <span style=\"font-family: inherit; font-size: inherit;\">4008069004973<\/span><\/div>\n<div>Materia\u0142\u00a0 \u00a0 <span style=\"font-family: inherit; font-size: inherit;\">Stoff aus 100% Baumwolle, unterseitige Beschichtung Aluminium, Schaumstoffpolster: Polyurethan<\/span><\/div>\n<div>Kolor\u00a0 \u00a0 \u00a0 \u00a0 <span style=\"font-family: inherit; font-size: inherit;\">Jasnoniebieski<\/span><\/div>\n<div>L\u00e4nge.\u00a0 \u00a0 \u00a0 <span style=\"font-family: inherit; font-size: inherit;\">130 cm<\/span><\/div>\n<div>Breite.\u00a0 \u00a0 \u00a0 \u00a0<span style=\"font-family: inherit; font-size: inherit;\">51 cm<\/span><\/div>\n<\/td>\n<td><\/td>\n<\/tr>\n<tr>\n<td class=\"left\"><\/td>\n<td><\/td>\n<\/tr>\n<tr>\n<td class=\"left\"><\/td>\n<td><\/td>\n<\/tr>\n<\/tbody>\n<\/table>\n<\/div>","protected":false},"featured_media":82690,"comment_status":"open","ping_status":"closed","template":"","meta":{"_seopress_robots_primary_cat":"","_seopress_titles_title":"","_seopress_titles_desc":"","_seopress_robots_index":""},"product_brand":[],"product_cat":[1400,1401],"product_tag":[],"class_list":{"0":"post-82588","1":"product","2":"type-product","3":"status-publish","4":"has-post-thumbnail","6":"product_cat-wohnzubehoer","7":"product_cat-haushaltswaren","8":"product_shipping_class-standard-versand","10":"first","11":"instock","12":"sale","13":"taxable","14":"shipping-taxable","15":"purchasable","16":"product-type-simple"},"_links":{"self":[{"href":"https:\/\/www.soanam.de\/pl\/wp-json\/wp\/v2\/product\/82588","targetHints":{"allow":["GET"]}}],"collection":[{"href":"https:\/\/www.soanam.de\/pl\/wp-json\/wp\/v2\/product"}],"about":[{"href":"https:\/\/www.soanam.de\/pl\/wp-json\/wp\/v2\/types\/product"}],"replies":[{"embeddable":true,"href":"https:\/\/www.soanam.de\/pl\/wp-json\/wp\/v2\/comments?post=82588"}],"wp:featuredmedia":[{"embeddable":true,"href":"https:\/\/www.soanam.de\/pl\/wp-json\/wp\/v2\/media\/82690"}],"wp:attachment":[{"href":"https:\/\/www.soanam.de\/pl\/wp-json\/wp\/v2\/media?parent=82588"}],"wp:term":[{"taxonomy":"product_brand","embeddable":true,"href":"https:\/\/www.soanam.de\/pl\/wp-json\/wp\/v2\/product_brand?post=82588"},{"taxonomy":"product_cat","embeddable":true,"href":"https:\/\/www.soanam.de\/pl\/wp-json\/wp\/v2\/product_cat?post=82588"},{"taxonomy":"product_tag","embeddable":true,"href":"https:\/\/www.soanam.de\/pl\/wp-json\/wp\/v2\/product_tag?post=82588"}],"curies":[{"name":"wp","href":"https:\/\/api.w.org\/{rel}","templated":true}]}}