{"id":82565,"date":"2023-12-14T02:27:11","date_gmt":"2023-12-14T01:27:11","guid":{"rendered":"https:\/\/www.soanam.de\/?post_type=product&#038;p=82565"},"modified":"2023-12-14T02:29:59","modified_gmt":"2023-12-14T01:29:59","slug":"czapka-bobble-caspar-dzianinowa-czapka-z-welny-w-kolorze-bialym-z-duzym-bobble-ze-sztucznego-futra","status":"publish","type":"product","link":"https:\/\/www.soanam.de\/pl\/produkt\/caspar-bommelmuetze-strickmuetze-in-wollweiss-mit-grosser-kunstfell-bommel\/","title":{"rendered":"Czapka z daszkiem Caspar, dzianinowa czapka z we\u0142ny w kolorze bia\u0142ym z du\u017cym daszkiem ze sztucznego futra"},"content":{"rendered":"<p>Klasyczna czapka z du\u017cym futerkiem ze sztucznego futra<br \/>\n\u015arednica b\u0105belk\u00f3w ok. 11-12 cm<br \/>\nWygodny, gruby i ciep\u0142y materia\u0142<br \/>\nPodszyta polarem od wewn\u0105trz<br \/>\n\u0141atwe pranie w temperaturze 30 stopni<\/p>\n<p>Klasyczna czapka z dzianiny z du\u017cym futerkiem.<br \/>\nCzapka ma bardzo \u0142adny dzianinowy wz\u00f3r z wysokiej jako\u015bci, przyjaznym dla zwierz\u0105t sztucznym futerkiem.<br \/>\nJest wykonany z wygodnego materia\u0142u i pasuje ka\u017cdemu dzi\u0119ki uniwersalnemu krojowi.<br \/>\nWn\u0119trze czapki jest wy\u0142o\u017cone mi\u0119kkim polarem.<br \/>\nCzapk\u0119 mo\u017cna z \u0142atwo\u015bci\u0105 pra\u0107 w temperaturze 30 stopni.<\/p>\n<p>Materia\u0142: poliakryl 100%<br \/>\nWskaz\u00f3wki dotycz\u0105ce piel\u0119gnacji: Pra\u0107 w pralce<\/p>\n<p>Kolor: bia\u0142awy<br \/>\nRozmiar: jeden rozmiar<\/p>","protected":false},"excerpt":{"rendered":"<table class=\"dv_characteristicsTable\">\n<tbody>\n<tr>\n<td class=\"left\">\n<div class=\"pl_grid-col-12 pl_grid-col-lg-7 pl_grid-col-lg--fill-remaining-space-with-block-color\">\n<div class=\"pl_block pdp_details js_pdp_details\">\n<div class=\"pl_text-expander pl_copy100 pdp_details__text-expander js_pdp_details__text-expander\" lang=\"de\">\n<div class=\"pdp_details__characteristics-html\">\n<table class=\"dv_characteristicsTable\">\n<tbody>\n<tr>\n<td class=\"left\">Rozmiar<\/td>\n<td>Jeden rozmiar<\/td>\n<\/tr>\n<tr>\n<td class=\"left\">Sk\u0142ad materia\u0142u<\/td>\n<td>100% Poliakryl<\/td>\n<\/tr>\n<tr>\n<td class=\"left\">Materia\u0142<\/td>\n<td>Poliakryl<\/td>\n<\/tr>\n<tr>\n<td class=\"left\">Kolor<\/td>\n<td>weiss (wollweiss)<\/td>\n<\/tr>\n<\/tbody>\n<\/table>\n<\/div>\n<\/div>\n<\/div>\n<\/div>\n<div class=\"pl_grid-col-12 pl_grid-col-lg-5 pl_grid-col-lg--no-vertical-gap pl_grid-col-lg--fill-remaining-space-with-block-color\"><\/div>\n<div class=\"pl_grid-col-12\">\n<div class=\"pl_block pdp_reco-sponsored js_pdp_reco-sponsored\" data-variation-id=\"S0W0I0JB4XOA\">\n<div class=\"spa_formicary\" data-qa=\"slidingCinemaWidget\" data-tracking=\"{&quot;product_VariationId&quot;:&quot;S0W0I0JB4XOA&quot;,&quot;ot_AccPath_Suffix&quot;:&quot;DetailView&quot;}\">\n<div class=\"spa_formicary_info__box\"><\/div>\n<\/div>\n<\/div>\n<\/div>\n<\/td>\n<td><\/td>\n<\/tr>\n<tr>\n<td class=\"left\"><\/td>\n<td><\/td>\n<\/tr>\n<tr>\n<td class=\"left\"><\/td>\n<td><\/td>\n<\/tr>\n<tr>\n<td class=\"left\"><\/td>\n<td><\/td>\n<\/tr>\n<\/tbody>\n<\/table>\n<div class=\"pdp_details__characteristics-html\"><\/div>","protected":false},"featured_media":82655,"comment_status":"open","ping_status":"closed","template":"","meta":{"_seopress_robots_primary_cat":"","_seopress_titles_title":"","_seopress_titles_desc":"","_seopress_robots_index":""},"product_brand":[],"product_cat":[1348,1357,1605],"product_tag":[],"class_list":{"0":"post-82565","1":"product","2":"type-product","3":"status-publish","4":"has-post-thumbnail","6":"product_cat-damen-mode","7":"product_cat-accessoires","8":"product_cat-muetzen-accessoires","9":"product_shipping_class-standard-versand","11":"first","12":"instock","13":"sale","14":"taxable","15":"shipping-taxable","16":"purchasable","17":"product-type-simple"},"_links":{"self":[{"href":"https:\/\/www.soanam.de\/pl\/wp-json\/wp\/v2\/product\/82565","targetHints":{"allow":["GET"]}}],"collection":[{"href":"https:\/\/www.soanam.de\/pl\/wp-json\/wp\/v2\/product"}],"about":[{"href":"https:\/\/www.soanam.de\/pl\/wp-json\/wp\/v2\/types\/product"}],"replies":[{"embeddable":true,"href":"https:\/\/www.soanam.de\/pl\/wp-json\/wp\/v2\/comments?post=82565"}],"wp:featuredmedia":[{"embeddable":true,"href":"https:\/\/www.soanam.de\/pl\/wp-json\/wp\/v2\/media\/82655"}],"wp:attachment":[{"href":"https:\/\/www.soanam.de\/pl\/wp-json\/wp\/v2\/media?parent=82565"}],"wp:term":[{"taxonomy":"product_brand","embeddable":true,"href":"https:\/\/www.soanam.de\/pl\/wp-json\/wp\/v2\/product_brand?post=82565"},{"taxonomy":"product_cat","embeddable":true,"href":"https:\/\/www.soanam.de\/pl\/wp-json\/wp\/v2\/product_cat?post=82565"},{"taxonomy":"product_tag","embeddable":true,"href":"https:\/\/www.soanam.de\/pl\/wp-json\/wp\/v2\/product_tag?post=82565"}],"curies":[{"name":"wp","href":"https:\/\/api.w.org\/{rel}","templated":true}]}}