{"id":82544,"date":"2023-12-14T02:26:43","date_gmt":"2023-12-14T01:26:43","guid":{"rendered":"https:\/\/www.soanam.de\/?post_type=product&#038;p=82544"},"modified":"2023-12-14T02:28:44","modified_gmt":"2023-12-14T01:28:44","slug":"fussgut-3-4-skorzana-wygodna-wkladka-1-para-rozmiar-38","status":"publish","type":"product","link":"https:\/\/www.soanam.de\/pl\/produkt\/fussgut-3-4-leder-komfort-einlage-1-paar-gr-38\/","title":{"rendered":"Wygodna sk\u00f3rzana wk\u0142adka Fu\u00dfgut 3\/4, 1 para, rozmiar 38"},"content":{"rendered":"<p>Urz\u0105dzenie medyczne<br \/>\nDo but\u00f3w z wyjmowan\u0105 wk\u0142adk\u0105<br \/>\nPodk\u0142adka pod ostrog\u0119 pi\u0119tow\u0105<br \/>\nPod\u0142u\u017cne wsparcie \u0142uku<br \/>\nPodk\u0142adka pod stop\u0119<br \/>\nMostek palca m\u0142otkowatego<\/p>\n<p>Te specjalne sk\u00f3rzane wk\u0142adki charakteryzuj\u0105 si\u0119 wyrafinowanym komfortem dla st\u00f3p.<\/p>\n<p>Dzi\u0119ki pod\u0142u\u017cnemu podparciu \u0142uku stopy, wk\u0142adce Splayfoot, mostkowi palca m\u0142otkowatego i podk\u0142adce pod pi\u0119t\u0119, maj\u0105 prawie wszystko, czego potrzebujesz do zdrowego i przyjaznego dla st\u00f3p chodzenia.<br \/>\nOpracowane przez ortoped\u00f3w wk\u0142adki wspieraj\u0105 stop\u0119 w jej naturalnym ruchu, co zapobiega oznakom zm\u0119czenia i utrzymuje stopy w zdrowiu i witalno\u015bci na d\u0142u\u017cej.<br \/>\nPodeszwa zewn\u0119trzna wykonana z wysokiej jako\u015bci sk\u00f3ry naturalnej jest przyjazna dla sk\u00f3ry i zapewnia dobry klimat dla st\u00f3p.<br \/>\nUrz\u0105dzenie medyczne<\/p>\n<p>Materia\u0142: sk\u00f3ra naturalna<\/p>\n<p>Rozmiar: 38<\/p>","protected":false},"excerpt":{"rendered":"<table class=\"dv_characteristicsTable\">\n<tbody>\n<tr>\n<td class=\"left\">Rozmiar<\/td>\n<td>38<\/td>\n<\/tr>\n<tr>\n<td class=\"left\">Anzahl Teile<\/td>\n<td>1 Paar<\/td>\n<\/tr>\n<tr>\n<td class=\"left\">Besondere Merkmale<\/td>\n<td>sehr bequem<\/td>\n<\/tr>\n<tr>\n<td class=\"left\">Anwendungsempfehlung<\/td>\n<td>regelm\u00e4\u00dfig anwenden<\/td>\n<\/tr>\n<tr>\n<td class=\"left\">Materia\u0142<\/td>\n<td>Echtleder<\/td>\n<\/tr>\n<tr>\n<td class=\"left\">Besonderheit<\/td>\n<td>3\/4 Groesse<\/td>\n<\/tr>\n<tr>\n<td class=\"left\">Schuhweite<\/td>\n<td>normal<\/td>\n<\/tr>\n<tr>\n<td class=\"left\">Kolor<\/td>\n<td>grau, gruen, schwarz<\/td>\n<\/tr>\n<\/tbody>\n<\/table>\n<div class=\"pdp_details__characteristics-html\"><\/div>","protected":false},"featured_media":82636,"comment_status":"open","ping_status":"closed","template":"","meta":{"_seopress_robots_primary_cat":"","_seopress_titles_title":"","_seopress_titles_desc":"","_seopress_robots_index":""},"product_brand":[],"product_cat":[1345,1348,1357,1387,1558,1559],"product_tag":[],"class_list":{"0":"post-82544","1":"product","2":"type-product","3":"status-publish","4":"has-post-thumbnail","6":"product_cat-herrenmode","7":"product_cat-damen-mode","8":"product_cat-accessoires","9":"product_cat-accessoires-herrenmode","10":"product_cat-sonstiges-accessoires","11":"product_cat-sonstiges-accessoires-herrenmode","12":"product_shipping_class-standard-versand","14":"first","15":"instock","16":"taxable","17":"shipping-taxable","18":"purchasable","19":"product-type-simple"},"_links":{"self":[{"href":"https:\/\/www.soanam.de\/pl\/wp-json\/wp\/v2\/product\/82544","targetHints":{"allow":["GET"]}}],"collection":[{"href":"https:\/\/www.soanam.de\/pl\/wp-json\/wp\/v2\/product"}],"about":[{"href":"https:\/\/www.soanam.de\/pl\/wp-json\/wp\/v2\/types\/product"}],"replies":[{"embeddable":true,"href":"https:\/\/www.soanam.de\/pl\/wp-json\/wp\/v2\/comments?post=82544"}],"wp:featuredmedia":[{"embeddable":true,"href":"https:\/\/www.soanam.de\/pl\/wp-json\/wp\/v2\/media\/82636"}],"wp:attachment":[{"href":"https:\/\/www.soanam.de\/pl\/wp-json\/wp\/v2\/media?parent=82544"}],"wp:term":[{"taxonomy":"product_brand","embeddable":true,"href":"https:\/\/www.soanam.de\/pl\/wp-json\/wp\/v2\/product_brand?post=82544"},{"taxonomy":"product_cat","embeddable":true,"href":"https:\/\/www.soanam.de\/pl\/wp-json\/wp\/v2\/product_cat?post=82544"},{"taxonomy":"product_tag","embeddable":true,"href":"https:\/\/www.soanam.de\/pl\/wp-json\/wp\/v2\/product_tag?post=82544"}],"curies":[{"name":"wp","href":"https:\/\/api.w.org\/{rel}","templated":true}]}}