{"id":82525,"date":"2023-12-14T02:26:18","date_gmt":"2023-12-14T01:26:18","guid":{"rendered":"https:\/\/www.soanam.de\/?post_type=product&#038;p=82525"},"modified":"2023-12-14T02:28:30","modified_gmt":"2023-12-14T01:28:30","slug":"lollipop-diabetikersocken-3-paar-in-schwarz-universalgroesse","status":"publish","type":"product","link":"https:\/\/www.soanam.de\/pl\/produkt\/lollipop-diabetikersocken-3-paar-in-schwarz-universalgroesse\/","title":{"rendered":"Skarpetki dla diabetyk\u00f3w Lollipop, 3 pary, czarne, rozmiar uniwersalny"},"content":{"rendered":"<p>Blickdicht<br \/>\nOhne Rand: kein Dr\u00fccken oder Einschneiden<br \/>\nUnser Tipp f\u00fcr Diabetiker<\/p>\n<p>Randlose Socken im 3-Paar-Vorteilspack<\/p>\n<p>Herrlich angenehme, blickdichte Socken mit innovativem Laser-Abschluss - mit den Lollipop Socken dr\u00fcckt garantiert nichts mehr.<br \/>\nSie sind komplett aus seiden-glatter, weicher Mikrofaser gefertigt.<\/p>\n<p>Ideal f\u00fcr Diabetiker - die Lollipop Socken sind bestens geeignet f\u00fcr alle, die empfindlich mit Druckstellen und Schmerzen auf einschneidende Sockenb\u00fcndchen reagieren.<\/p>\n<p>Materia\u0142: poliamid 90%, elastan 10%<br \/>\nWskaz\u00f3wki dotycz\u0105ce piel\u0119gnacji: Pranie r\u0119czne<\/p>\n<p>Kolor: czarny<br \/>\nRozmiar: jeden rozmiar<\/p>","protected":false},"excerpt":{"rendered":"<table class=\"dv_characteristicsTable\">\n<tbody>\n<tr>\n<td class=\"left\">Kolor<\/td>\n<td>schwarz<\/td>\n<\/tr>\n<tr>\n<td class=\"left\">Sk\u0142ad materia\u0142u<\/td>\n<td>10% Elasthan, 90% Polyamid<\/td>\n<\/tr>\n<tr>\n<td class=\"left\">Instrukcje dotycz\u0105ce piel\u0119gnacji<\/td>\n<td>Pranie r\u0119czne<\/td>\n<\/tr>\n<tr>\n<td class=\"left\">Besondere Merkmale<\/td>\n<td>\u00a03 Paar, Diabetiker geeignet<\/td>\n<\/tr>\n<\/tbody>\n<\/table>","protected":false},"featured_media":82627,"comment_status":"open","ping_status":"closed","template":"","meta":{"_seopress_robots_primary_cat":"","_seopress_titles_title":"","_seopress_titles_desc":"","_seopress_robots_index":""},"product_brand":[],"product_cat":[1348,1557],"product_tag":[],"class_list":{"0":"post-82525","1":"product","2":"type-product","3":"status-publish","4":"has-post-thumbnail","6":"product_cat-damen-mode","7":"product_cat-struempfe","8":"product_shipping_class-standard-versand","10":"first","11":"instock","12":"sale","13":"taxable","14":"shipping-taxable","15":"purchasable","16":"product-type-simple"},"_links":{"self":[{"href":"https:\/\/www.soanam.de\/pl\/wp-json\/wp\/v2\/product\/82525","targetHints":{"allow":["GET"]}}],"collection":[{"href":"https:\/\/www.soanam.de\/pl\/wp-json\/wp\/v2\/product"}],"about":[{"href":"https:\/\/www.soanam.de\/pl\/wp-json\/wp\/v2\/types\/product"}],"replies":[{"embeddable":true,"href":"https:\/\/www.soanam.de\/pl\/wp-json\/wp\/v2\/comments?post=82525"}],"wp:featuredmedia":[{"embeddable":true,"href":"https:\/\/www.soanam.de\/pl\/wp-json\/wp\/v2\/media\/82627"}],"wp:attachment":[{"href":"https:\/\/www.soanam.de\/pl\/wp-json\/wp\/v2\/media?parent=82525"}],"wp:term":[{"taxonomy":"product_brand","embeddable":true,"href":"https:\/\/www.soanam.de\/pl\/wp-json\/wp\/v2\/product_brand?post=82525"},{"taxonomy":"product_cat","embeddable":true,"href":"https:\/\/www.soanam.de\/pl\/wp-json\/wp\/v2\/product_cat?post=82525"},{"taxonomy":"product_tag","embeddable":true,"href":"https:\/\/www.soanam.de\/pl\/wp-json\/wp\/v2\/product_tag?post=82525"}],"curies":[{"name":"wp","href":"https:\/\/api.w.org\/{rel}","templated":true}]}}