{"id":82524,"date":"2023-12-14T02:26:17","date_gmt":"2023-12-14T01:26:17","guid":{"rendered":"https:\/\/www.soanam.de\/?post_type=product&#038;p=82524"},"modified":"2023-12-14T02:28:22","modified_gmt":"2023-12-14T01:28:22","slug":"fussgut-2-pary-mankietow-podtrzymujacych-w-kolorze-czarnym-odciaza-witalizuje-i-zapobiega","status":"publish","type":"product","link":"https:\/\/www.soanam.de\/pl\/produkt\/fussgut-2-paar-stuetz-stulpen-in-schwarz-entlastet-vitalisiert-und-beugt-vor\/","title":{"rendered":"Fu\u00dfgut 2 pary mankiet\u00f3w podtrzymuj\u0105cych w kolorze czarnym - odci\u0105\u017caj\u0105, witalizuj\u0105 i zapobiegaj\u0105"},"content":{"rendered":"<p>do zapobiegania ci\u0119\u017ckim nogom<br \/>\nAnatomicznie poprawna krzywa ci\u015bnienia<br \/>\nNadaje si\u0119 do codziennej pracy<br \/>\nW\u0142a\u015bciwo\u015bci kompresyjne dzi\u0119ki elastycznym niciom<br \/>\nUniwersalny rozmiar dla kobiet i m\u0119\u017cczyzn<\/p>\n<p>Mankiety podtrzymuj\u0105ce zapewniaj\u0105 wsparcie i mo\u017cna je \u0142atwo nosi\u0107 pod lub na zwyk\u0142e po\u0144czochy.<\/p>\n<p>Idealny do zapobiegania ci\u0119\u017cko\u015bci n\u00f3g podczas d\u0142ugich okres\u00f3w stania i siedzenia, szczeg\u00f3lnie przydatny w podr\u00f3\u017cy lub codziennej pracy.<\/p>\n<p>Wyselekcjonowana mieszanka materia\u0142\u00f3w zapewnia idealne dopasowanie.<\/p>\n<p>Materia\u0142: Materia\u0142 cholewki: bawe\u0142na 60%, elastan 20%, poliamid 20%<br \/>\nWskaz\u00f3wki dotycz\u0105ce piel\u0119gnacji: Pra\u0107 w pralce<\/p>\n<p>Kolor: czarny<br \/>\nRozmiar: jeden rozmiar<\/p>\n<p>&nbsp;<\/p>","protected":false},"excerpt":{"rendered":"<table class=\"dv_characteristicsTable\">\n<tbody>\n<tr>\n<td class=\"left\">Kolor<\/td>\n<td>schwarz<\/td>\n<\/tr>\n<tr>\n<td class=\"left\">Sk\u0142ad materia\u0142u<\/td>\n<td>Obermaterial: 60% Baumwolle, 20% Elasthan, 20% Polyamid<\/td>\n<\/tr>\n<tr>\n<td class=\"left\">Instrukcje dotycz\u0105ce piel\u0119gnacji<\/td>\n<td>Pranie w pralce<\/td>\n<\/tr>\n<tr>\n<td class=\"left\">Besondere Merkmale<\/td>\n<td>entlastet, vitalisiert und beugt vor, 2 Paar<\/td>\n<\/tr>\n<\/tbody>\n<\/table>","protected":false},"featured_media":82621,"comment_status":"open","ping_status":"closed","template":"","meta":{"_seopress_robots_primary_cat":"","_seopress_titles_title":"","_seopress_titles_desc":"","_seopress_robots_index":""},"product_brand":[],"product_cat":[1345,1348,1357,1387,1558,1559],"product_tag":[],"class_list":{"0":"post-82524","1":"product","2":"type-product","3":"status-publish","4":"has-post-thumbnail","6":"product_cat-herrenmode","7":"product_cat-damen-mode","8":"product_cat-accessoires","9":"product_cat-accessoires-herrenmode","10":"product_cat-sonstiges-accessoires","11":"product_cat-sonstiges-accessoires-herrenmode","12":"product_shipping_class-standard-versand","14":"first","15":"instock","16":"sale","17":"taxable","18":"shipping-taxable","19":"purchasable","20":"product-type-simple"},"_links":{"self":[{"href":"https:\/\/www.soanam.de\/pl\/wp-json\/wp\/v2\/product\/82524","targetHints":{"allow":["GET"]}}],"collection":[{"href":"https:\/\/www.soanam.de\/pl\/wp-json\/wp\/v2\/product"}],"about":[{"href":"https:\/\/www.soanam.de\/pl\/wp-json\/wp\/v2\/types\/product"}],"replies":[{"embeddable":true,"href":"https:\/\/www.soanam.de\/pl\/wp-json\/wp\/v2\/comments?post=82524"}],"wp:featuredmedia":[{"embeddable":true,"href":"https:\/\/www.soanam.de\/pl\/wp-json\/wp\/v2\/media\/82621"}],"wp:attachment":[{"href":"https:\/\/www.soanam.de\/pl\/wp-json\/wp\/v2\/media?parent=82524"}],"wp:term":[{"taxonomy":"product_brand","embeddable":true,"href":"https:\/\/www.soanam.de\/pl\/wp-json\/wp\/v2\/product_brand?post=82524"},{"taxonomy":"product_cat","embeddable":true,"href":"https:\/\/www.soanam.de\/pl\/wp-json\/wp\/v2\/product_cat?post=82524"},{"taxonomy":"product_tag","embeddable":true,"href":"https:\/\/www.soanam.de\/pl\/wp-json\/wp\/v2\/product_tag?post=82524"}],"curies":[{"name":"wp","href":"https:\/\/api.w.org\/{rel}","templated":true}]}}