{"id":82521,"date":"2023-12-14T02:26:16","date_gmt":"2023-12-14T01:26:16","guid":{"rendered":"https:\/\/www.soanam.de\/?post_type=product&#038;p=82521"},"modified":"2023-12-14T02:28:09","modified_gmt":"2023-12-14T01:28:09","slug":"fashion-classic-damen-geldboerse-clutch-mit-abnehmbarem-riemen-in-schwarz-groesse-195cmx2cmx10cm","status":"publish","type":"product","link":"https:\/\/www.soanam.de\/pl\/produkt\/fashion-classic-damen-geldboerse-clutch-mit-abnehmbarem-riemen-in-schwarz-groesse-195cmx2cmx10cm\/","title":{"rendered":"Modny i klasyczny damski portfel \/ kopert\u00f3wka z odpinanym paskiem, w kolorze czarnym, rozmiar 19,5cmx2cmx10cm"},"content":{"rendered":"<p>2 in 1<br \/>\n8 Kartenf\u00e4cher, Geldscheinf\u00e4cher, Handyfach und M\u00fcnzfach<br \/>\nAbnehmbarer Riemen<\/p>\n<p>Dieses gro\u00dfe Portemonnaie fungiert auch als Clutch, anstelle einer Handtasche. Mit dem angebrachten Trageriemen kannst du es bequem in der Hand tragen.<br \/>\nDu kannst alle wichtigen Dinge, wie dein Handy und Karten darin verstauen.<br \/>\nEs wird mit einem Metallrei\u00dfverschluss geschlossen, so dass du sicher sein kannst, dass nichts herausfallen kann.<\/p>\n<p>Dieses Portemonnaie ist auch f\u00fcr Frauen geeignet, die gro\u00dfe Portemonnaies m\u00f6gen.<br \/>\nEs ist aus Kunstleder gefertigt und hat ein goldfabenes Logo auf der Vorderseite.<\/p>\n<p>Material: Au\u00dfen: Kunstleder, Innen: Polyester<\/p>\n<p>Kolor: czarny<br \/>\nMuster: Hirschgeweih<br \/>\nGr\u00f6\u00dfe: L:19,5cm x B:2cm x H:10cm<\/p>","protected":false},"excerpt":{"rendered":"<table class=\"dv_characteristicsTable\">\n<tbody>\n<tr>\n<td class=\"left\">Rozmiar<\/td>\n<td>M<\/td>\n<\/tr>\n<tr>\n<td class=\"left\">W\u0142a\u015bciwo\u015bci<\/td>\n<td>GELDBEUTEL<\/td>\n<\/tr>\n<tr>\n<td class=\"left\">Sk\u0142ad materia\u0142u<\/td>\n<td>100% Polyurethan<\/td>\n<\/tr>\n<tr>\n<td class=\"left\">Kolor<\/td>\n<td>schwarz<\/td>\n<\/tr>\n<tr>\n<td class=\"left\">Applikationen<\/td>\n<td>Geweih<\/td>\n<\/tr>\n<tr>\n<td class=\"left\">Breite<\/td>\n<td>19,5 cm<\/td>\n<\/tr>\n<tr>\n<td class=\"left\">H\u00f6he<\/td>\n<td>10 cm<\/td>\n<\/tr>\n<\/tbody>\n<\/table>","protected":false},"featured_media":82610,"comment_status":"open","ping_status":"closed","template":"","meta":{"_seopress_robots_primary_cat":"","_seopress_titles_title":"","_seopress_titles_desc":"","_seopress_robots_index":""},"product_brand":[],"product_cat":[1348,1357,1611],"product_tag":[],"class_list":{"0":"post-82521","1":"product","2":"type-product","3":"status-publish","4":"has-post-thumbnail","6":"product_cat-damen-mode","7":"product_cat-accessoires","8":"product_cat-geldboersen","9":"product_shipping_class-standard-versand","11":"first","12":"instock","13":"sale","14":"taxable","15":"shipping-taxable","16":"purchasable","17":"product-type-simple"},"_links":{"self":[{"href":"https:\/\/www.soanam.de\/pl\/wp-json\/wp\/v2\/product\/82521","targetHints":{"allow":["GET"]}}],"collection":[{"href":"https:\/\/www.soanam.de\/pl\/wp-json\/wp\/v2\/product"}],"about":[{"href":"https:\/\/www.soanam.de\/pl\/wp-json\/wp\/v2\/types\/product"}],"replies":[{"embeddable":true,"href":"https:\/\/www.soanam.de\/pl\/wp-json\/wp\/v2\/comments?post=82521"}],"wp:featuredmedia":[{"embeddable":true,"href":"https:\/\/www.soanam.de\/pl\/wp-json\/wp\/v2\/media\/82610"}],"wp:attachment":[{"href":"https:\/\/www.soanam.de\/pl\/wp-json\/wp\/v2\/media?parent=82521"}],"wp:term":[{"taxonomy":"product_brand","embeddable":true,"href":"https:\/\/www.soanam.de\/pl\/wp-json\/wp\/v2\/product_brand?post=82521"},{"taxonomy":"product_cat","embeddable":true,"href":"https:\/\/www.soanam.de\/pl\/wp-json\/wp\/v2\/product_cat?post=82521"},{"taxonomy":"product_tag","embeddable":true,"href":"https:\/\/www.soanam.de\/pl\/wp-json\/wp\/v2\/product_tag?post=82521"}],"curies":[{"name":"wp","href":"https:\/\/api.w.org\/{rel}","templated":true}]}}