{"id":82494,"date":"2023-12-14T02:25:49","date_gmt":"2023-12-14T01:25:49","guid":{"rendered":"https:\/\/www.soanam.de\/?post_type=product&#038;p=82494"},"modified":"2023-12-14T02:27:02","modified_gmt":"2023-12-14T01:27:02","slug":"my-home-kuvertstore-volano-1-stk-mit-kraeuselband-in-weiss-groesse-300cmx140cm","status":"publish","type":"product","link":"https:\/\/www.soanam.de\/pl\/produkt\/my-home-kuvertstore-volano-1-stk-mit-kraeuselband-in-weiss-groesse-300cmx140cm\/","title":{"rendered":"my home Kuvertstore Volano, 1 Stk, mit Kr\u00e4uselband, in Wei\u00df, Gr\u00f6\u00dfe 300cmx140cm"},"content":{"rendered":"<p>Przezroczysta tkanina<br \/>\nOryginalny woal<br \/>\nMit einseitig aufgen\u00e4htem Satinband - Breite ca. 2,5 cm<br \/>\nLeichte, pflegeleichte Qualit\u00e4t<br \/>\nMit Kr\u00e4uselband<\/p>\n<p>Der Kuvertstore Volano von my home verwandelt bescheidene Fenster in dekorative Hingucker.<br \/>\nDas markante, mit edlen Satinb\u00e4ndern eingefasste Dreiecksmuster ergibt im Zusammenspiel mit dem klassisch unifarbenen und dezenten Stoff ein harmonisches Gesamtbild.<br \/>\nAufgrund des transparenten Materials kann der aus fein gewebtem und leichtem Voile gefertigte Vorhang verschiedenste R\u00e4ume mit angenehmer und freundlicher Helligkeit erf\u00fcllen.<br \/>\nDas pflegeleichte Polyestergewebe ist f\u00fcr die Waschmaschine geeignet.<\/p>\n<p>Materia\u0142: Materia\u0142 cholewki: poliester 100%<br \/>\nWskaz\u00f3wki dotycz\u0105ce piel\u0119gnacji: Delikatne pranie<\/p>\n<p>Kolor: bia\u0142y<br \/>\nMuster: Dreiecksmuster<br \/>\nGr\u00f6\u00dfe: Breite 300cm x L\u00e4nge 140cm<br \/>\nUwaga: Podane wymiary s\u0105 wymiarami tkaniny. W przypadku pe\u0142nej dekoracji na oknie szeroko\u015b\u0107 zmniejsza si\u0119 o oko\u0142o po\u0142ow\u0119.<\/p>\n<p>Zawieszenie za pomoc\u0105 rolek kurtynowych (brak w zestawie) w karniszu.<\/p>","protected":false},"excerpt":{"rendered":"<table class=\"dv_characteristicsTable\">\n<tbody>\n<tr>\n<td class=\"left\">Gewicht<\/td>\n<td>50 g\/m\u00b2<\/td>\n<\/tr>\n<tr>\n<td class=\"left\">Breite<\/td>\n<td>300 cm<\/td>\n<\/tr>\n<tr>\n<td class=\"left\">H\u00f6he<\/td>\n<td>120 cm<\/td>\n<\/tr>\n<\/tbody>\n<\/table>\n<table class=\"dv_characteristicsTable\">\n<tbody>\n<tr>\n<td class=\"left\">Aufh\u00e4ngung<\/td>\n<td>Kr\u00e4uselband<\/td>\n<\/tr>\n<\/tbody>\n<\/table>\n<table class=\"dv_characteristicsTable\">\n<tbody>\n<tr>\n<td class=\"left\">Kolor<\/td>\n<td>wei\u00df<\/td>\n<\/tr>\n<tr>\n<td class=\"left\">Transparenz<\/td>\n<td>transparent<\/td>\n<\/tr>\n<tr>\n<td class=\"left\">Oberfl\u00e4chenstruktur<\/td>\n<td>glatt<\/td>\n<\/tr>\n<tr>\n<td class=\"left\">Design<\/td>\n<td>unifarben<\/td>\n<\/tr>\n<\/tbody>\n<\/table>\n<table class=\"dv_characteristicsTable\">\n<tbody>\n<tr>\n<td class=\"left\">Materialart<\/td>\n<td>Satin<\/td>\n<\/tr>\n<tr>\n<td class=\"left\">Sk\u0142ad materia\u0142u<\/td>\n<td>Obermaterial: 100% Polyester<\/td>\n<\/tr>\n<tr>\n<td class=\"left\">Materia\u0142<\/td>\n<td>Poliester<\/td>\n<\/tr>\n<\/tbody>\n<\/table>\n<table class=\"dv_characteristicsTable\">\n<tbody>\n<tr>\n<td class=\"left\">Anzahl Teile<\/td>\n<td>1 St.<\/td>\n<\/tr>\n<\/tbody>\n<\/table>\n<table class=\"dv_characteristicsTable\">\n<tbody>\n<tr>\n<td class=\"left\">Instrukcje dotycz\u0105ce piel\u0119gnacji<\/td>\n<td>30\u00b0C Schonw\u00e4sche<\/td>\n<\/tr>\n<\/tbody>\n<\/table>","protected":false},"featured_media":82558,"comment_status":"open","ping_status":"closed","template":"","meta":{"_seopress_robots_primary_cat":"","_seopress_titles_title":"","_seopress_titles_desc":"","_seopress_robots_index":""},"product_brand":[],"product_cat":[1400,1420],"product_tag":[],"class_list":{"0":"post-82494","1":"product","2":"type-product","3":"status-publish","4":"has-post-thumbnail","6":"product_cat-wohnzubehoer","7":"product_cat-wohndekoration","8":"product_shipping_class-standard-versand","10":"first","11":"instock","12":"sale","13":"taxable","14":"shipping-taxable","15":"purchasable","16":"product-type-simple"},"_links":{"self":[{"href":"https:\/\/www.soanam.de\/pl\/wp-json\/wp\/v2\/product\/82494","targetHints":{"allow":["GET"]}}],"collection":[{"href":"https:\/\/www.soanam.de\/pl\/wp-json\/wp\/v2\/product"}],"about":[{"href":"https:\/\/www.soanam.de\/pl\/wp-json\/wp\/v2\/types\/product"}],"replies":[{"embeddable":true,"href":"https:\/\/www.soanam.de\/pl\/wp-json\/wp\/v2\/comments?post=82494"}],"wp:featuredmedia":[{"embeddable":true,"href":"https:\/\/www.soanam.de\/pl\/wp-json\/wp\/v2\/media\/82558"}],"wp:attachment":[{"href":"https:\/\/www.soanam.de\/pl\/wp-json\/wp\/v2\/media?parent=82494"}],"wp:term":[{"taxonomy":"product_brand","embeddable":true,"href":"https:\/\/www.soanam.de\/pl\/wp-json\/wp\/v2\/product_brand?post=82494"},{"taxonomy":"product_cat","embeddable":true,"href":"https:\/\/www.soanam.de\/pl\/wp-json\/wp\/v2\/product_cat?post=82494"},{"taxonomy":"product_tag","embeddable":true,"href":"https:\/\/www.soanam.de\/pl\/wp-json\/wp\/v2\/product_tag?post=82494"}],"curies":[{"name":"wp","href":"https:\/\/api.w.org\/{rel}","templated":true}]}}