{"id":82487,"date":"2023-12-14T02:25:46","date_gmt":"2023-12-14T01:25:46","guid":{"rendered":"https:\/\/www.soanam.de\/?post_type=product&#038;p=82487"},"modified":"2023-12-14T02:26:28","modified_gmt":"2023-12-14T01:26:28","slug":"my-home-vorhang-wichtel-1-stk-mit-kraeuselband-in-rot-weiss-groesse-135cmx225cm","status":"publish","type":"product","link":"https:\/\/www.soanam.de\/pl\/produkt\/my-home-vorhang-wichtel-1-stk-mit-kraeuselband-in-rot-weiss-groesse-135cmx225cm\/","title":{"rendered":"my home Vorhang Wichtel, 1 Stk, mit Kr\u00e4uselband, in Rot-Wei\u00df, Gr\u00f6\u00dfe 135cmx225cm"},"content":{"rendered":"<p>Blickdichter Stoff<br \/>\nEinseitig bedruckt mit Wichteln<br \/>\nAus Mikrofaser<br \/>\nMit Kr\u00e4uselband<\/p>\n<p>Das Design des blickdichten Vorhang WICHTEL von my home ist durch ein sch\u00f6nes Wichtelmotiv sowie karierte Details bestimmt.<br \/>\nGefertigt ist er in pflegeleichter und strapazierf\u00e4higer Qualit\u00e4t.<br \/>\nMit ihrem blickdichten Stoff bietet die Fensterdeko einen angenehmen Licht- und Sichtschutz.<br \/>\nF\u00fcr ein leichtes und schnelles Aufh\u00e4ngen ist sie mit einem praktischen Kr\u00e4uselband versehen.<\/p>\n<p>Materia\u0142: Materia\u0142 cholewki: poliester 100%<br \/>\nWskaz\u00f3wki dotycz\u0105ce piel\u0119gnacji: Delikatne pranie<\/p>\n<p>Kolor: bia\u0142o-czerwony<br \/>\nMuster: Wichtel<br \/>\nRozmiar: szeroko\u015b\u0107 135 cm x d\u0142ugo\u015b\u0107 225 cm<br \/>\nUwaga: Podane wymiary s\u0105 wymiarami tkaniny.<\/p>\n<p>Zawieszenie za pomoc\u0105 rolek kurtynowych (brak w zestawie) w karniszu.<\/p>","protected":false},"excerpt":{"rendered":"<table class=\"dv_characteristicsTable\">\n<tbody>\n<tr>\n<td class=\"left\">Gewicht<\/td>\n<td>85 g\/m\u00b2<\/td>\n<\/tr>\n<tr>\n<td class=\"left\">Breite<\/td>\n<td>135 cm<\/td>\n<\/tr>\n<tr>\n<td class=\"left\">H\u00f6he<\/td>\n<td>225 cm<\/td>\n<\/tr>\n<\/tbody>\n<\/table>\n<table class=\"dv_characteristicsTable\">\n<tbody>\n<tr>\n<td class=\"left\">Aufh\u00e4ngung<\/td>\n<td>Kr\u00e4uselband<\/td>\n<\/tr>\n<tr>\n<td class=\"left\">Abschluss<\/td>\n<td>gerader Abschluss<\/td>\n<\/tr>\n<\/tbody>\n<\/table>\n<table class=\"dv_characteristicsTable\">\n<tbody>\n<tr>\n<td class=\"left\">Kolor<\/td>\n<td>rot<\/td>\n<\/tr>\n<tr>\n<td class=\"left\">Transparenz<\/td>\n<td>blickdicht<\/td>\n<\/tr>\n<tr>\n<td class=\"left\">Oberfl\u00e4chenstruktur<\/td>\n<td>glatt<\/td>\n<\/tr>\n<tr>\n<td class=\"left\">Design<\/td>\n<td>gemustert<\/td>\n<\/tr>\n<tr>\n<td class=\"left\">Motiv<\/td>\n<td>Wichtel<\/td>\n<\/tr>\n<tr>\n<td class=\"left\">Designerstellungsart<\/td>\n<td>bedruckt<\/td>\n<\/tr>\n<\/tbody>\n<\/table>\n<table class=\"dv_characteristicsTable\">\n<tbody>\n<tr>\n<td class=\"left\">Materialart<\/td>\n<td>Microfaser<\/td>\n<\/tr>\n<tr>\n<td class=\"left\">Sk\u0142ad materia\u0142u<\/td>\n<td>Obermaterial: 100% Polyester<\/td>\n<\/tr>\n<tr>\n<td class=\"left\">Materia\u0142<\/td>\n<td>Poliester<\/td>\n<\/tr>\n<\/tbody>\n<\/table>\n<table class=\"dv_characteristicsTable\">\n<tbody>\n<tr>\n<td class=\"left\">Anzahl Teile<\/td>\n<td>1 St.<\/td>\n<\/tr>\n<\/tbody>\n<\/table>\n<table class=\"dv_characteristicsTable\">\n<tbody>\n<tr>\n<td class=\"left\">Instrukcje dotycz\u0105ce piel\u0119gnacji<\/td>\n<td>30\u00b0C Schonw\u00e4sche<\/td>\n<\/tr>\n<\/tbody>\n<\/table>","protected":false},"featured_media":82529,"comment_status":"open","ping_status":"closed","template":"","meta":{"_seopress_robots_primary_cat":"","_seopress_titles_title":"","_seopress_titles_desc":"","_seopress_robots_index":""},"product_brand":[],"product_cat":[1400,1420],"product_tag":[],"class_list":{"0":"post-82487","1":"product","2":"type-product","3":"status-publish","4":"has-post-thumbnail","6":"product_cat-wohnzubehoer","7":"product_cat-wohndekoration","8":"product_shipping_class-standard-versand","10":"first","11":"instock","12":"sale","13":"taxable","14":"shipping-taxable","15":"purchasable","16":"product-type-simple"},"_links":{"self":[{"href":"https:\/\/www.soanam.de\/pl\/wp-json\/wp\/v2\/product\/82487","targetHints":{"allow":["GET"]}}],"collection":[{"href":"https:\/\/www.soanam.de\/pl\/wp-json\/wp\/v2\/product"}],"about":[{"href":"https:\/\/www.soanam.de\/pl\/wp-json\/wp\/v2\/types\/product"}],"replies":[{"embeddable":true,"href":"https:\/\/www.soanam.de\/pl\/wp-json\/wp\/v2\/comments?post=82487"}],"wp:featuredmedia":[{"embeddable":true,"href":"https:\/\/www.soanam.de\/pl\/wp-json\/wp\/v2\/media\/82529"}],"wp:attachment":[{"href":"https:\/\/www.soanam.de\/pl\/wp-json\/wp\/v2\/media?parent=82487"}],"wp:term":[{"taxonomy":"product_brand","embeddable":true,"href":"https:\/\/www.soanam.de\/pl\/wp-json\/wp\/v2\/product_brand?post=82487"},{"taxonomy":"product_cat","embeddable":true,"href":"https:\/\/www.soanam.de\/pl\/wp-json\/wp\/v2\/product_cat?post=82487"},{"taxonomy":"product_tag","embeddable":true,"href":"https:\/\/www.soanam.de\/pl\/wp-json\/wp\/v2\/product_tag?post=82487"}],"curies":[{"name":"wp","href":"https:\/\/api.w.org\/{rel}","templated":true}]}}