{"id":82485,"date":"2023-12-14T02:25:45","date_gmt":"2023-12-14T01:25:45","guid":{"rendered":"https:\/\/www.soanam.de\/?post_type=product&#038;p=82485"},"modified":"2023-12-14T02:26:19","modified_gmt":"2023-12-14T01:26:19","slug":"my-home-zaslona-napala-1-sztuka-z-oczkami-w-kolorze-szarym-rozmiar-140cmx145cm","status":"publish","type":"product","link":"https:\/\/www.soanam.de\/pl\/produkt\/my-home-gardine-napala-1-stk-mit-oesen-in-grau-groesse-140cmx145cm\/","title":{"rendered":"zas\u0142ona my home Napala, 1 sztuka, z oczkami, w kolorze szarym, rozmiar 140cmx145cm"},"content":{"rendered":"<p>Przezroczysta tkanina<br \/>\nNadruk z jednej strony<br \/>\nOryginalny woal<br \/>\nLekka jako\u015b\u0107, tylko 50 g\/m\u00b2<\/p>\n<p>Nowoczesna zas\u0142ona Napala w zestawie 2 sztuk od marki my home jest warta uwagi i modna dzi\u0119ki modnemu nadrukowi w paski z dodatkowymi graficznymi wzorami.<br \/>\nKolory s\u0105 harmonijnie dopasowane i tworz\u0105 \u017cyw\u0105 atmosfer\u0119 w salonie lub sypialni.<br \/>\nJako prawdziwy woal, przezroczysta tkanina przepuszcza \u015bwiat\u0142o dzienne i zdobywa punkty dzi\u0119ki swojej lekko\u015bci i lu\u017anemu drapowaniu.<br \/>\n\u0141atwy w piel\u0119gnacji, mo\u017cna go pra\u0107 w pralce w delikatnym cyklu i b\u0142yskawicznie zawiesi\u0107 na karniszu.<\/p>\n<p>Materia\u0142: Materia\u0142 cholewki: poliester 100%<br \/>\nWskaz\u00f3wki dotycz\u0105ce piel\u0119gnacji: Delikatne pranie<\/p>\n<p>Kolor: szary<br \/>\nWz\u00f3r: grafika<br \/>\nRozmiar: szeroko\u015b\u0107 140 cm x d\u0142ugo\u015b\u0107 145 cm<br \/>\nUwaga: Podane wymiary s\u0105 wymiarami tkaniny. W przypadku pe\u0142nej dekoracji na oknie szeroko\u015b\u0107 zmniejsza si\u0119 o oko\u0142o po\u0142ow\u0119.<\/p>\n<p>Zawieszany za pomoc\u0105 oczek (\u015brednica ok. 35 mm) na dr\u0105\u017cku karnisza.<\/p>","protected":false},"excerpt":{"rendered":"<table class=\"dv_characteristicsTable\">\n<tbody>\n<tr>\n<td class=\"left\">Gewicht<\/td>\n<td>50 g\/m\u00b2<\/td>\n<\/tr>\n<tr>\n<td class=\"left\">Breite<\/td>\n<td>140 cm<\/td>\n<\/tr>\n<tr>\n<td class=\"left\">H\u00f6he<\/td>\n<td>145 cm<\/td>\n<\/tr>\n<\/tbody>\n<\/table>\n<table class=\"dv_characteristicsTable\">\n<tbody>\n<tr>\n<td class=\"left\">Aufh\u00e4ngung<\/td>\n<td>\u00d6sen<\/td>\n<\/tr>\n<\/tbody>\n<\/table>\n<table class=\"dv_characteristicsTable\">\n<tbody>\n<tr>\n<td class=\"left\">Kolor<\/td>\n<td>grau<\/td>\n<\/tr>\n<tr>\n<td class=\"left\">Transparenz<\/td>\n<td>transparent<\/td>\n<\/tr>\n<tr>\n<td class=\"left\">Oberfl\u00e4chenstruktur<\/td>\n<td>glatt<\/td>\n<\/tr>\n<tr>\n<td class=\"left\">Design<\/td>\n<td>grafisch<br \/>\nMotiv einseitig<\/td>\n<\/tr>\n<tr>\n<td class=\"left\">Designerstellungsart<\/td>\n<td>bedruckt<\/td>\n<\/tr>\n<\/tbody>\n<\/table>\n<table class=\"dv_characteristicsTable\">\n<tbody>\n<tr>\n<td class=\"left\">Materialart<\/td>\n<td>Voile<\/td>\n<\/tr>\n<tr>\n<td class=\"left\">Sk\u0142ad materia\u0142u<\/td>\n<td>Obermaterial: 100% Polyester<\/td>\n<\/tr>\n<tr>\n<td class=\"left\">Materia\u0142<\/td>\n<td>Poliester<\/td>\n<\/tr>\n<tr>\n<td class=\"left\">Material Aufh\u00e4ngung<\/td>\n<td>Metal<\/td>\n<\/tr>\n<\/tbody>\n<\/table>\n<table class=\"dv_characteristicsTable\">\n<tbody>\n<tr>\n<td class=\"left\">Anzahl Teile<\/td>\n<td>1 St.<\/td>\n<\/tr>\n<\/tbody>\n<\/table>\n<table class=\"dv_characteristicsTable\">\n<tbody>\n<tr>\n<td class=\"left\">Instrukcje dotycz\u0105ce piel\u0119gnacji<\/td>\n<td>30\u00b0C Schonw\u00e4sche<\/td>\n<\/tr>\n<\/tbody>\n<\/table>","protected":false},"featured_media":82516,"comment_status":"open","ping_status":"closed","template":"","meta":{"_seopress_robots_primary_cat":"","_seopress_titles_title":"","_seopress_titles_desc":"","_seopress_robots_index":""},"product_brand":[],"product_cat":[1400,1420],"product_tag":[],"class_list":{"0":"post-82485","1":"product","2":"type-product","3":"status-publish","4":"has-post-thumbnail","6":"product_cat-wohnzubehoer","7":"product_cat-wohndekoration","8":"product_shipping_class-standard-versand","10":"first","11":"instock","12":"sale","13":"taxable","14":"shipping-taxable","15":"purchasable","16":"product-type-simple"},"_links":{"self":[{"href":"https:\/\/www.soanam.de\/pl\/wp-json\/wp\/v2\/product\/82485","targetHints":{"allow":["GET"]}}],"collection":[{"href":"https:\/\/www.soanam.de\/pl\/wp-json\/wp\/v2\/product"}],"about":[{"href":"https:\/\/www.soanam.de\/pl\/wp-json\/wp\/v2\/types\/product"}],"replies":[{"embeddable":true,"href":"https:\/\/www.soanam.de\/pl\/wp-json\/wp\/v2\/comments?post=82485"}],"wp:featuredmedia":[{"embeddable":true,"href":"https:\/\/www.soanam.de\/pl\/wp-json\/wp\/v2\/media\/82516"}],"wp:attachment":[{"href":"https:\/\/www.soanam.de\/pl\/wp-json\/wp\/v2\/media?parent=82485"}],"wp:term":[{"taxonomy":"product_brand","embeddable":true,"href":"https:\/\/www.soanam.de\/pl\/wp-json\/wp\/v2\/product_brand?post=82485"},{"taxonomy":"product_cat","embeddable":true,"href":"https:\/\/www.soanam.de\/pl\/wp-json\/wp\/v2\/product_cat?post=82485"},{"taxonomy":"product_tag","embeddable":true,"href":"https:\/\/www.soanam.de\/pl\/wp-json\/wp\/v2\/product_tag?post=82485"}],"curies":[{"name":"wp","href":"https:\/\/api.w.org\/{rel}","templated":true}]}}