{"id":82479,"date":"2023-12-14T02:25:43","date_gmt":"2023-12-14T01:25:43","guid":{"rendered":"https:\/\/www.soanam.de\/?post_type=product&#038;p=82479"},"modified":"2023-12-14T02:25:57","modified_gmt":"2023-12-14T01:25:57","slug":"my-home-voile-xana-1-stk-mit-oesen-in-creme-groesse-140cmx245cm","status":"publish","type":"product","link":"https:\/\/www.soanam.de\/pl\/produkt\/my-home-voile-xana-1-stk-mit-oesen-in-creme-groesse-140cmx245cm\/","title":{"rendered":"my home Voile Xana, 1 Stk, mit \u00d6sen, in Creme, Gr\u00f6\u00dfe 140cmx245cm"},"content":{"rendered":"<p>Przezroczysta tkanina<br \/>\n\u00d6senaufh\u00e4ngung<br \/>\nJednolite kolory<br \/>\nJako\u015b\u0107 woalu<br \/>\nBardzo lekka jako\u015b\u0107, tylko 52 g\/m\u00b2<\/p>\n<p>Zas\u0142ona Xana z mojego domu w przezroczystej jako\u015bci jest idealna do salonu.<br \/>\nRoleta mo\u017ce by\u0107 u\u017cywana jako os\u0142ona prywatno\u015bci i dekoracja w pomieszczeniach mieszkalnych i sypialnych.<br \/>\nDie Aufh\u00e4ngung erfolgt \u00fcber die eingearbeiteten \u00d6sen.<br \/>\nW razie potrzeby szalik mo\u017cna pra\u0107 w temperaturze do 30\u00b0C w delikatnym cyklu prania.<\/p>\n<p>Materia\u0142: Materia\u0142 cholewki: poliester 100%<br \/>\nWskaz\u00f3wki dotycz\u0105ce piel\u0119gnacji: Delikatne pranie<\/p>\n<p>Farbe: creme<br \/>\nWz\u00f3r: bez<br \/>\nRozmiar: szeroko\u015b\u0107 140 cm x d\u0142ugo\u015b\u0107 245 cm<br \/>\nUwaga: Podane wymiary s\u0105 wymiarami tkaniny. W przypadku pe\u0142nej dekoracji na oknie szeroko\u015b\u0107 zmniejsza si\u0119 o oko\u0142o po\u0142ow\u0119.<\/p>\n<p>Zawieszany za pomoc\u0105 oczek (\u015brednica ok. 35 mm) na dr\u0105\u017cku karnisza.<\/p>","protected":false},"excerpt":{"rendered":"<table class=\"dv_characteristicsTable\">\n<tbody>\n<tr>\n<td class=\"left\">Gewicht<\/td>\n<td>52 g\/m\u00b2<\/td>\n<\/tr>\n<tr>\n<td class=\"left\">Breite<\/td>\n<td>140 cm<\/td>\n<\/tr>\n<tr>\n<td class=\"left\">H\u00f6he<\/td>\n<td>245 cm<\/td>\n<\/tr>\n<\/tbody>\n<\/table>\n<table class=\"dv_characteristicsTable\">\n<tbody>\n<tr>\n<td class=\"left\">Aufh\u00e4ngung<\/td>\n<td>\u00d6sen<\/td>\n<\/tr>\n<tr>\n<td class=\"left\">Abschluss<\/td>\n<td>gerader Abschluss<\/td>\n<\/tr>\n<\/tbody>\n<\/table>\n<table class=\"dv_characteristicsTable\">\n<tbody>\n<tr>\n<td class=\"left\">Kolor<\/td>\n<td>creme<\/td>\n<\/tr>\n<tr>\n<td class=\"left\">Transparenz<\/td>\n<td>transparent<\/td>\n<\/tr>\n<tr>\n<td class=\"left\">Oberfl\u00e4chenstruktur<\/td>\n<td>glatt<\/td>\n<\/tr>\n<tr>\n<td class=\"left\">Design<\/td>\n<td>uni<\/td>\n<\/tr>\n<tr>\n<td class=\"left\">Designerstellungsart<\/td>\n<td>gewebt<\/td>\n<\/tr>\n<\/tbody>\n<\/table>\n<table class=\"dv_characteristicsTable\">\n<tbody>\n<tr>\n<td class=\"left\">Materialart<\/td>\n<td>Poliester<\/td>\n<\/tr>\n<tr>\n<td class=\"left\">Sk\u0142ad materia\u0142u<\/td>\n<td>Obermaterial: 100% Polyester<\/td>\n<\/tr>\n<tr>\n<td class=\"left\">Materia\u0142<\/td>\n<td>Poliester<\/td>\n<\/tr>\n<tr>\n<td class=\"left\">Material Aufh\u00e4ngung<\/td>\n<td>Metal<\/td>\n<\/tr>\n<\/tbody>\n<\/table>\n<table class=\"dv_characteristicsTable\">\n<tbody>\n<tr>\n<td class=\"left\">Anzahl Teile<\/td>\n<td>1 St.<\/td>\n<\/tr>\n<\/tbody>\n<\/table>","protected":false},"featured_media":82504,"comment_status":"open","ping_status":"closed","template":"","meta":{"_seopress_robots_primary_cat":"","_seopress_titles_title":"","_seopress_titles_desc":"","_seopress_robots_index":""},"product_brand":[],"product_cat":[1400,1420],"product_tag":[],"class_list":{"0":"post-82479","1":"product","2":"type-product","3":"status-publish","4":"has-post-thumbnail","6":"product_cat-wohnzubehoer","7":"product_cat-wohndekoration","8":"product_shipping_class-standard-versand","10":"first","11":"instock","12":"sale","13":"taxable","14":"shipping-taxable","15":"purchasable","16":"product-type-simple"},"_links":{"self":[{"href":"https:\/\/www.soanam.de\/pl\/wp-json\/wp\/v2\/product\/82479","targetHints":{"allow":["GET"]}}],"collection":[{"href":"https:\/\/www.soanam.de\/pl\/wp-json\/wp\/v2\/product"}],"about":[{"href":"https:\/\/www.soanam.de\/pl\/wp-json\/wp\/v2\/types\/product"}],"replies":[{"embeddable":true,"href":"https:\/\/www.soanam.de\/pl\/wp-json\/wp\/v2\/comments?post=82479"}],"wp:featuredmedia":[{"embeddable":true,"href":"https:\/\/www.soanam.de\/pl\/wp-json\/wp\/v2\/media\/82504"}],"wp:attachment":[{"href":"https:\/\/www.soanam.de\/pl\/wp-json\/wp\/v2\/media?parent=82479"}],"wp:term":[{"taxonomy":"product_brand","embeddable":true,"href":"https:\/\/www.soanam.de\/pl\/wp-json\/wp\/v2\/product_brand?post=82479"},{"taxonomy":"product_cat","embeddable":true,"href":"https:\/\/www.soanam.de\/pl\/wp-json\/wp\/v2\/product_cat?post=82479"},{"taxonomy":"product_tag","embeddable":true,"href":"https:\/\/www.soanam.de\/pl\/wp-json\/wp\/v2\/product_tag?post=82479"}],"curies":[{"name":"wp","href":"https:\/\/api.w.org\/{rel}","templated":true}]}}