{"id":82375,"date":"2023-12-14T02:23:00","date_gmt":"2023-12-14T01:23:00","guid":{"rendered":"https:\/\/www.soanam.de\/?post_type=product&#038;p=82375"},"modified":"2023-12-14T02:25:04","modified_gmt":"2023-12-14T01:25:04","slug":"my-home-gotowe-zaslony-cellino-2-sztuki-z-oczkami-bialy-rozmiar-140cmx145cm","status":"publish","type":"product","link":"https:\/\/www.soanam.de\/pl\/produkt\/my-home-fertiggardine-cellino-2-stk-mit-oesen-weiss-groesse-140cmx145cm\/","title":{"rendered":"m\u00f3j dom gotowe zas\u0142ony Cellino, 2 szt., z oczkami, bia\u0142e, rozmiar 140cmx145cm"},"content":{"rendered":"<p>Gotowa zas\u0142ona w zestawie 2 sztuk<\/p>\n<p>Przezroczysta tkanina<br \/>\n\u017bakardowa zas\u0142ona z dzianiny o wygl\u0105dzie siatki<br \/>\nLekka jako\u015b\u0107<br \/>\nKlasyczna dzianina<br \/>\nSzorstka struktura<\/p>\n<p>Zas\u0142ona Cellino od my home to nowoczesna zas\u0142ona z dzianiny \u017cakardowej o wygl\u0105dzie siatki i lekkiej jako\u015bci.<br \/>\nElegancki wygl\u0105d jest podkre\u015blony przez lekko\u015b\u0107 szala.<br \/>\nDzi\u0119ki g\u0142adkiej powierzchni i jednobarwnej lekkiej przezroczysto\u015bci z subtelnym wzorem, zas\u0142ona zapewnia prywatno\u015b\u0107 \u015bwiat\u0142a i ochron\u0119 przed s\u0142o\u0144cem oraz sprawia, \u017ce dekorowane okna w ka\u017cdym salonie wydaj\u0105 si\u0119 wi\u0119ksze.<br \/>\nPi\u0119kny element dekoracyjny wykonany z g\u0142adkiej tkaniny z mikrofibry, kt\u00f3r\u0105 \u0142atwo wyczy\u015bci\u0107 w pralce.<\/p>\n<p>Materia\u0142: Materia\u0142 cholewki: poliester 100%<br \/>\nWskaz\u00f3wki dotycz\u0105ce piel\u0119gnacji: Delikatne pranie<\/p>\n<p>Kolor: bia\u0142y<br \/>\nWz\u00f3r: w\u0105sy<br \/>\nRozmiar: szeroko\u015b\u0107 140 cm x d\u0142ugo\u015b\u0107 145 cm<br \/>\nUwaga: Podane wymiary s\u0105 wymiarami tkaniny. W przypadku pe\u0142nej dekoracji na oknie szeroko\u015b\u0107 zmniejsza si\u0119 o oko\u0142o po\u0142ow\u0119.<\/p>\n<p>Zawieszany za pomoc\u0105 oczek (\u015brednica ok. 35 mm) na dr\u0105\u017cku karnisza.<\/p>","protected":false},"excerpt":{"rendered":"<table class=\"dv_characteristicsTable\">\n<tbody>\n<tr>\n<td class=\"left\">Gewicht<\/td>\n<td>70 g\/m\u00b2<\/td>\n<\/tr>\n<tr>\n<td class=\"left\">Breite<\/td>\n<td>140 cm<\/td>\n<\/tr>\n<tr>\n<td class=\"left\">H\u00f6he<\/td>\n<td>145 cm<\/td>\n<\/tr>\n<\/tbody>\n<\/table>\n<table class=\"dv_characteristicsTable\">\n<tbody>\n<tr>\n<td class=\"left\">Aufh\u00e4ngung<\/td>\n<td>\u00d6sen<\/td>\n<\/tr>\n<\/tbody>\n<\/table>\n<table class=\"dv_characteristicsTable\">\n<tbody>\n<tr>\n<td class=\"left\">Kolor<\/td>\n<td>wei\u00df<\/td>\n<\/tr>\n<tr>\n<td class=\"left\">Transparenz<\/td>\n<td>transparent<\/td>\n<\/tr>\n<tr>\n<td class=\"left\">Oberfl\u00e4chenstruktur<\/td>\n<td>strukturiert<\/td>\n<\/tr>\n<tr>\n<td class=\"left\">Design<\/td>\n<td>gemustert<br \/>\nunifarben<\/td>\n<\/tr>\n<tr>\n<td class=\"left\">Motiv<\/td>\n<td>Ranken<\/td>\n<\/tr>\n<\/tbody>\n<\/table>\n<table class=\"dv_characteristicsTable\">\n<tbody>\n<tr>\n<td class=\"left\">Materialart<\/td>\n<td>Jacquard<\/td>\n<\/tr>\n<tr>\n<td class=\"left\">Sk\u0142ad materia\u0142u<\/td>\n<td>Obermaterial: 100% Polyester<\/td>\n<\/tr>\n<tr>\n<td class=\"left\">Materia\u0142<\/td>\n<td>Poliester<\/td>\n<\/tr>\n<tr>\n<td class=\"left\">Material Aufh\u00e4ngung<\/td>\n<td>Metal<\/td>\n<\/tr>\n<\/tbody>\n<\/table>\n<table class=\"dv_characteristicsTable\">\n<tbody>\n<tr>\n<td class=\"left\">Anzahl Teile<\/td>\n<td>2 St.<\/td>\n<\/tr>\n<\/tbody>\n<\/table>\n<table class=\"dv_characteristicsTable\">\n<tbody>\n<tr>\n<td class=\"left\">Instrukcje dotycz\u0105ce piel\u0119gnacji<\/td>\n<td>30\u00b0C Schonw\u00e4sche<\/td>\n<\/tr>\n<\/tbody>\n<\/table>","protected":false},"featured_media":82465,"comment_status":"open","ping_status":"closed","template":"","meta":{"_seopress_robots_primary_cat":"","_seopress_titles_title":"","_seopress_titles_desc":"","_seopress_robots_index":""},"product_brand":[],"product_cat":[1400,1420],"product_tag":[],"class_list":{"0":"post-82375","1":"product","2":"type-product","3":"status-publish","4":"has-post-thumbnail","6":"product_cat-wohnzubehoer","7":"product_cat-wohndekoration","8":"product_shipping_class-standard-versand","10":"first","11":"instock","12":"taxable","13":"shipping-taxable","14":"purchasable","15":"product-type-simple"},"_links":{"self":[{"href":"https:\/\/www.soanam.de\/pl\/wp-json\/wp\/v2\/product\/82375","targetHints":{"allow":["GET"]}}],"collection":[{"href":"https:\/\/www.soanam.de\/pl\/wp-json\/wp\/v2\/product"}],"about":[{"href":"https:\/\/www.soanam.de\/pl\/wp-json\/wp\/v2\/types\/product"}],"replies":[{"embeddable":true,"href":"https:\/\/www.soanam.de\/pl\/wp-json\/wp\/v2\/comments?post=82375"}],"wp:featuredmedia":[{"embeddable":true,"href":"https:\/\/www.soanam.de\/pl\/wp-json\/wp\/v2\/media\/82465"}],"wp:attachment":[{"href":"https:\/\/www.soanam.de\/pl\/wp-json\/wp\/v2\/media?parent=82375"}],"wp:term":[{"taxonomy":"product_brand","embeddable":true,"href":"https:\/\/www.soanam.de\/pl\/wp-json\/wp\/v2\/product_brand?post=82375"},{"taxonomy":"product_cat","embeddable":true,"href":"https:\/\/www.soanam.de\/pl\/wp-json\/wp\/v2\/product_cat?post=82375"},{"taxonomy":"product_tag","embeddable":true,"href":"https:\/\/www.soanam.de\/pl\/wp-json\/wp\/v2\/product_tag?post=82375"}],"curies":[{"name":"wp","href":"https:\/\/api.w.org\/{rel}","templated":true}]}}